{"id":5696,"date":"2025-08-13T08:48:34","date_gmt":"2025-08-13T07:48:34","guid":{"rendered":"https:\/\/rhino-pods.com\/domande-frequenti\/"},"modified":"2026-02-13T14:24:27","modified_gmt":"2026-02-13T14:24:27","slug":"domande-frequenti","status":"publish","type":"page","link":"https:\/\/rhino-pods.com\/it\/domande-frequenti\/","title":{"rendered":"Domande Frequenti"},"content":{"rendered":"\t\t<div data-elementor-type=\"wp-page\" data-elementor-id=\"5696\" class=\"elementor elementor-5696 elementor-5576\" data-elementor-post-type=\"page\">\n\t\t\t\t<div class=\"elementor-element elementor-element-3ea1680 e-flex e-con-boxed e-con e-parent\" data-id=\"3ea1680\" data-element_type=\"container\">\n\t\t\t\t\t<div class=\"e-con-inner\">\n\t\t\t\t<div class=\"elementor-element elementor-element-0c8b726 elementor-widget elementor-widget-spacer\" data-id=\"0c8b726\" data-element_type=\"widget\" data-widget_type=\"spacer.default\">\n\t\t\t\t<div class=\"elementor-widget-container\">\n\t\t\t<style>\/*! elementor - v3.21.0 - 26-05-2024 *\/\n.elementor-column .elementor-spacer-inner{height:var(--spacer-size)}.e-con{--container-widget-width:100%}.e-con-inner>.elementor-widget-spacer,.e-con>.elementor-widget-spacer{width:var(--container-widget-width,var(--spacer-size));--align-self:var(--container-widget-align-self,initial);--flex-shrink:0}.e-con-inner>.elementor-widget-spacer>.elementor-widget-container,.e-con>.elementor-widget-spacer>.elementor-widget-container{height:100%;width:100%}.e-con-inner>.elementor-widget-spacer>.elementor-widget-container>.elementor-spacer,.e-con>.elementor-widget-spacer>.elementor-widget-container>.elementor-spacer{height:100%}.e-con-inner>.elementor-widget-spacer>.elementor-widget-container>.elementor-spacer>.elementor-spacer-inner,.e-con>.elementor-widget-spacer>.elementor-widget-container>.elementor-spacer>.elementor-spacer-inner{height:var(--container-widget-height,var(--spacer-size))}.e-con-inner>.elementor-widget-spacer.elementor-widget-empty,.e-con>.elementor-widget-spacer.elementor-widget-empty{position:relative;min-height:22px;min-width:22px}.e-con-inner>.elementor-widget-spacer.elementor-widget-empty .elementor-widget-empty-icon,.e-con>.elementor-widget-spacer.elementor-widget-empty .elementor-widget-empty-icon{position:absolute;top:0;bottom:0;left:0;right:0;margin:auto;padding:0;width:22px;height:22px}<\/style>\t\t<div class=\"elementor-spacer\">\n\t\t\t<div class=\"elementor-spacer-inner\"><\/div>\n\t\t<\/div>\n\t\t\t\t<\/div>\n\t\t\t\t<\/div>\n\t\t\t\t<div class=\"elementor-element elementor-element-4ff3e8d elementor-widget elementor-widget-heading\" data-id=\"4ff3e8d\" data-element_type=\"widget\" data-widget_type=\"heading.default\">\n\t\t\t\t<div class=\"elementor-widget-container\">\n\t\t\t<style>\/*! elementor - v3.21.0 - 26-05-2024 *\/\n.elementor-heading-title{padding:0;margin:0;line-height:1}.elementor-widget-heading .elementor-heading-title[class*=elementor-size-]>a{color:inherit;font-size:inherit;line-height:inherit}.elementor-widget-heading .elementor-heading-title.elementor-size-small{font-size:15px}.elementor-widget-heading .elementor-heading-title.elementor-size-medium{font-size:19px}.elementor-widget-heading .elementor-heading-title.elementor-size-large{font-size:29px}.elementor-widget-heading .elementor-heading-title.elementor-size-xl{font-size:39px}.elementor-widget-heading .elementor-heading-title.elementor-size-xxl{font-size:59px}<\/style><h2 class=\"elementor-heading-title elementor-size-default\">Domande Frequenti<\/h2>\t\t<\/div>\n\t\t\t\t<\/div>\n\t\t\t\t<div class=\"elementor-element elementor-element-764fb40 elementor-widget elementor-widget-text-editor\" data-id=\"764fb40\" data-element_type=\"widget\" data-widget_type=\"text-editor.default\">\n\t\t\t\t<div class=\"elementor-widget-container\">\n\t\t\t<style>\/*! elementor - v3.21.0 - 26-05-2024 *\/\n.elementor-widget-text-editor.elementor-drop-cap-view-stacked .elementor-drop-cap{background-color:#69727d;color:#fff}.elementor-widget-text-editor.elementor-drop-cap-view-framed .elementor-drop-cap{color:#69727d;border:3px solid;background-color:transparent}.elementor-widget-text-editor:not(.elementor-drop-cap-view-default) .elementor-drop-cap{margin-top:8px}.elementor-widget-text-editor:not(.elementor-drop-cap-view-default) .elementor-drop-cap-letter{width:1em;height:1em}.elementor-widget-text-editor .elementor-drop-cap{float:left;text-align:center;line-height:1;font-size:50px}.elementor-widget-text-editor .elementor-drop-cap-letter{display:inline-block}<\/style>\t\t\t\t<p><strong>Quanta acqua contiene il mio Rhino-Pod?<br><\/strong><em>Il tuo lavello integrato Rhino-Pod (Cucinino Pod e Cubit) \u00e8 dotato rispettivamente di un contenitore per l&#8217;acqua dolce da 10 o 5 litri che alimenta il tuo rubinetto e di un contenitore per l&#8217;acqua di scarico da 10 o 5 litri abbinato per contenere l&#8217;acqua di scarico.<\/em><\/p>\n<p><strong>Dove va a finire l&#8217;acqua di scarico?<\/strong><br><em>Il contenitore delle acque reflue \u00e8 collegato alla presa del lavandino e raccoglie l&#8217;acqua usata. Il contenitore \u00e8 rimovibile per lo smaltimento.<\/em><\/p>\n<p><strong>Posso smontare tutte le capsule?<br><\/strong><em>Both the Pod Kitchenette and the Cambio are easily removable. All panels and shelves fit together and nest together, allowing them to be dismantled for storage. All other modules are pre-assembled.  <\/em><\/p>\n<p><strong>Devo fissare il mio Rhino-Pod a qualcosa?<\/strong><br><em>I Rhino-Pod sono molto stabili. Tuttavia, il ripiano inferiore \u00e8 dotato di fessure per fissaggi aggiuntivi e di fori per picchetti per fissarlo a terra, se necessario, e nei pannelli esterni sono presenti fessure che possono essere utilizzate per il fissaggio di cinghie e\/o picchetti, a seconda che il pod sia installato all&#8217;interno di un veicolo o all&#8217;esterno.<br>Quando si utilizzano le gambe integrate, si consiglia di scegliere un terreno solido e di utilizzare picchetti standard per fissare tutte le gambe al terreno. Quando si utilizza un furgone, un portellone posteriore o un bagagliaio, si consiglia di utilizzare delle cinghie per fissare il pod.  <\/em><\/p>\n<p><strong>Dove posso riporre i miei fornelli?<br><\/strong><em>Nel pod Cambio possono essere riposti su uno qualsiasi dei ripiani interni e nel pod lavello c&#8217;\u00e8 spazio all&#8217;interno della parte anteriore delle bottiglie per due fornelli singoli generici e nel Cubit c&#8217;\u00e8 spazio per un fornello generico all&#8217;interno di fronte alle bottiglie.<\/em><\/p>\n<p><strong>Il mio pod \u00e8 dotato di fornelli\/stufe?<\/strong><br>Non forniamo stufe con i nostri contenitori, tuttavia li abbiamo progettati per adattarsi alla maggior parte delle stufe presenti sul mercato. Se hai dubbi sulla compatibilit\u00e0 di una determinata stufa, non esitare a contattarci prima dell&#8217;acquisto.<\/p>\n<p><strong>Come faccio a ricaricare il mio rubinetto senza fili?<\/strong><br><em>Il rubinetto dovrebbe avere una carica iniziale di 2-3 ore, dopo di che durer\u00e0 per molti giorni. Durante la ricarica la luce si illumina di rosso fino a diventare blu quando \u00e8 completamente carica.  Il cavo di ricarica \u00e8 incluso nella confezione del pod.<\/em><\/p>\n<p><strong>Uno dei fornelli generici pu\u00f2 andare bene?<\/strong><br><em>I fornelli a un solo fuoco generici pi\u00f9 comuni si adattano ai ripiani ribaltabili. Chiedici se non sei sicuro<\/em><\/p>\n<p><strong>Posso usare il Rhino-Pod all&#8217;aperto?<\/strong><br><em>S\u00ec, tutti i Pod sono adatti all&#8217;uso esterno e sono resistenti alle intemperie e all&#8217;acqua.<\/em><\/p>\n<p><strong>Posso usare il Rhino-Pod in ambienti chiusi?<\/strong><br><em>S\u00ec, le cialde sono adatte all&#8217;uso in interni<\/em><\/p>\n<p><strong>Quanto pesa il Rhino-Pod?<\/strong><br><em>Tutti i nostri prodotti possono essere sollevati da una sola persona.<\/em><\/p>\n<p><em>Svuotato d&#8217;acqua Il Cucinino Pod pesa 25Kg<\/em><\/p>\n<p><em>Svuotato d&#8217;acqua Il Cubit pesa 15Kg<\/em><\/p>\n<p><em>Il Cambio Pod pesa 18Kg<\/em><\/p>\n<p><em>Il Manta Pod pesa 12kg<\/em><\/p>\n<p><em>Il Tavo Pod pesa 16Kg<\/em><\/p>\n<p><em>The Chuck Pod weighs 20 Kg<\/em><\/p>\n<p><strong>Ho bisogno di qualche detergente speciale per pulire il mio Rhino-Pod?<\/strong><br><em>No, il tuo Rhino-Pod \u00e8 resistente a quasi tutti i prodotti chimici e ai detergenti e pu\u00f2 essere semplicemente pulito. Pu\u00f2 anche essere lavato con l&#8217;acqua o con un getto d&#8217;acqua! <\/em><\/p>\n<p><strong>Il mio Rhino-Pod viene fornito montato?<\/strong><br><em>Se il Rhino-Pod \u00e8 progettato per essere smontato, arriver\u00e0 imballato, altrimenti arriver\u00e0 completamente assemblato. Grazie al nostro esclusivo sistema integrato &#8220;click-lock&#8221; puoi smontare e rimontare facilmente i tuoi pod Cucinino e Cambio, senza viti o bulloni con cui lottare o perdere<\/em><\/p>\t\t\t\t\t\t<\/div>\n\t\t\t\t<\/div>\n\t\t\t\t\t<\/div>\n\t\t\t\t<\/div>\n\t\t<div class=\"elementor-element elementor-element-edece18 e-flex e-con-boxed e-con e-parent\" data-id=\"edece18\" data-element_type=\"container\">\n\t\t\t\t\t<div class=\"e-con-inner\">\n\t\t\t\t<div class=\"elementor-element elementor-element-b6c107c elementor-widget elementor-widget-heading\" data-id=\"b6c107c\" data-element_type=\"widget\" data-widget_type=\"heading.default\">\n\t\t\t\t<div class=\"elementor-widget-container\">\n\t\t\t<h2 class=\"elementor-heading-title elementor-size-default\">Facci una domanda<\/h2>\t\t<\/div>\n\t\t\t\t<\/div>\n\t\t\t\t<div class=\"elementor-element elementor-element-a812023 elementor-button-align-stretch elementor-widget elementor-widget-form\" data-id=\"a812023\" data-element_type=\"widget\" data-settings=\"{&quot;step_next_label&quot;:&quot;Avanti&quot;,&quot;step_previous_label&quot;:&quot;Precedente&quot;,&quot;button_width&quot;:&quot;100&quot;,&quot;step_type&quot;:&quot;number_text&quot;,&quot;step_icon_shape&quot;:&quot;circle&quot;}\" data-widget_type=\"form.default\">\n\t\t\t\t<div class=\"elementor-widget-container\">\n\t\t\t<style>\/*! elementor-pro - v3.21.0 - 20-05-2024 *\/\n.elementor-button.elementor-hidden,.elementor-hidden{display:none}.e-form__step{width:100%}.e-form__step:not(.elementor-hidden){display:flex;flex-wrap:wrap}.e-form__buttons{flex-wrap:wrap}.e-form__buttons,.e-form__buttons__wrapper{display:flex}.e-form__indicators{display:flex;justify-content:space-between;align-items:center;flex-wrap:nowrap;font-size:13px;margin-bottom:var(--e-form-steps-indicators-spacing)}.e-form__indicators__indicator{display:flex;flex-direction:column;align-items:center;justify-content:center;flex-basis:0;padding:0 var(--e-form-steps-divider-gap)}.e-form__indicators__indicator__progress{width:100%;position:relative;background-color:var(--e-form-steps-indicator-progress-background-color);border-radius:var(--e-form-steps-indicator-progress-border-radius);overflow:hidden}.e-form__indicators__indicator__progress__meter{width:var(--e-form-steps-indicator-progress-meter-width,0);height:var(--e-form-steps-indicator-progress-height);line-height:var(--e-form-steps-indicator-progress-height);padding-right:15px;border-radius:var(--e-form-steps-indicator-progress-border-radius);background-color:var(--e-form-steps-indicator-progress-color);color:var(--e-form-steps-indicator-progress-meter-color);text-align:right;transition:width .1s linear}.e-form__indicators__indicator:first-child{padding-left:0}.e-form__indicators__indicator:last-child{padding-right:0}.e-form__indicators__indicator--state-inactive{color:var(--e-form-steps-indicator-inactive-primary-color,#c2cbd2)}.e-form__indicators__indicator--state-inactive [class*=indicator--shape-]:not(.e-form__indicators__indicator--shape-none){background-color:var(--e-form-steps-indicator-inactive-secondary-color,#fff)}.e-form__indicators__indicator--state-inactive object,.e-form__indicators__indicator--state-inactive svg{fill:var(--e-form-steps-indicator-inactive-primary-color,#c2cbd2)}.e-form__indicators__indicator--state-active{color:var(--e-form-steps-indicator-active-primary-color,#39b54a);border-color:var(--e-form-steps-indicator-active-secondary-color,#fff)}.e-form__indicators__indicator--state-active [class*=indicator--shape-]:not(.e-form__indicators__indicator--shape-none){background-color:var(--e-form-steps-indicator-active-secondary-color,#fff)}.e-form__indicators__indicator--state-active object,.e-form__indicators__indicator--state-active svg{fill:var(--e-form-steps-indicator-active-primary-color,#39b54a)}.e-form__indicators__indicator--state-completed{color:var(--e-form-steps-indicator-completed-secondary-color,#fff)}.e-form__indicators__indicator--state-completed [class*=indicator--shape-]:not(.e-form__indicators__indicator--shape-none){background-color:var(--e-form-steps-indicator-completed-primary-color,#39b54a)}.e-form__indicators__indicator--state-completed .e-form__indicators__indicator__label{color:var(--e-form-steps-indicator-completed-primary-color,#39b54a)}.e-form__indicators__indicator--state-completed .e-form__indicators__indicator--shape-none{color:var(--e-form-steps-indicator-completed-primary-color,#39b54a);background-color:initial}.e-form__indicators__indicator--state-completed object,.e-form__indicators__indicator--state-completed svg{fill:var(--e-form-steps-indicator-completed-secondary-color,#fff)}.e-form__indicators__indicator__icon{width:var(--e-form-steps-indicator-padding,30px);height:var(--e-form-steps-indicator-padding,30px);font-size:var(--e-form-steps-indicator-icon-size);border-width:1px;border-style:solid;display:flex;justify-content:center;align-items:center;overflow:hidden;margin-bottom:10px}.e-form__indicators__indicator__icon img,.e-form__indicators__indicator__icon object,.e-form__indicators__indicator__icon svg{width:var(--e-form-steps-indicator-icon-size);height:auto}.e-form__indicators__indicator__icon .e-font-icon-svg{height:1em}.e-form__indicators__indicator__number{width:var(--e-form-steps-indicator-padding,30px);height:var(--e-form-steps-indicator-padding,30px);border-width:1px;border-style:solid;display:flex;justify-content:center;align-items:center;margin-bottom:10px}.e-form__indicators__indicator--shape-circle{border-radius:50%}.e-form__indicators__indicator--shape-square{border-radius:0}.e-form__indicators__indicator--shape-rounded{border-radius:5px}.e-form__indicators__indicator--shape-none{border:0}.e-form__indicators__indicator__label{text-align:center}.e-form__indicators__indicator__separator{width:100%;height:var(--e-form-steps-divider-width);background-color:#babfc5}.e-form__indicators--type-icon,.e-form__indicators--type-icon_text,.e-form__indicators--type-number,.e-form__indicators--type-number_text{align-items:flex-start}.e-form__indicators--type-icon .e-form__indicators__indicator__separator,.e-form__indicators--type-icon_text .e-form__indicators__indicator__separator,.e-form__indicators--type-number .e-form__indicators__indicator__separator,.e-form__indicators--type-number_text .e-form__indicators__indicator__separator{margin-top:calc(var(--e-form-steps-indicator-padding, 30px) \/ 2 - var(--e-form-steps-divider-width, 1px) \/ 2)}.elementor-field-type-hidden{display:none}.elementor-field-type-html{display:inline-block}.elementor-field-type-tel input{direction:inherit}.elementor-login .elementor-lost-password,.elementor-login .elementor-remember-me{font-size:.85em}.elementor-field-type-recaptcha_v3 .elementor-field-label{display:none}.elementor-field-type-recaptcha_v3 .grecaptcha-badge{z-index:1}.elementor-button .elementor-form-spinner{order:3}.elementor-form .elementor-button>span{display:flex;justify-content:center;align-items:center}.elementor-form .elementor-button .elementor-button-text{white-space:normal;flex-grow:0}.elementor-form .elementor-button svg{height:auto}.elementor-form .elementor-button .e-font-icon-svg{height:1em}.elementor-select-wrapper .select-caret-down-wrapper{position:absolute;top:50%;transform:translateY(-50%);inset-inline-end:10px;pointer-events:none;font-size:11px}.elementor-select-wrapper .select-caret-down-wrapper svg{display:unset;width:1em;aspect-ratio:unset;fill:currentColor}.elementor-select-wrapper .select-caret-down-wrapper i{font-size:19px;line-height:2}.elementor-select-wrapper.remove-before:before{content:\"\"!important}<\/style>\t\t<form class=\"elementor-form\" method=\"post\" name=\"Nuovo modulo\">\n\t\t\t<input type=\"hidden\" name=\"post_id\" value=\"5696\"\/>\n\t\t\t<input type=\"hidden\" name=\"form_id\" value=\"a812023\"\/>\n\t\t\t<input type=\"hidden\" name=\"referer_title\" value=\"\" \/>\n\n\t\t\t\n\t\t\t<div class=\"elementor-form-fields-wrapper elementor-labels-\">\n\t\t\t\t\t\t\t\t<div class=\"elementor-field-type-text elementor-field-group elementor-column elementor-field-group-name elementor-col-100\">\n\t\t\t\t\t\t\t\t\t\t\t\t<label for=\"form-field-name\" class=\"elementor-field-label elementor-screen-only\">\n\t\t\t\t\t\t\t\tNome\t\t\t\t\t\t\t<\/label>\n\t\t\t\t\t\t\t\t\t\t\t\t\t\t<input size=\"1\" type=\"text\" name=\"form_fields[name]\" id=\"form-field-name\" class=\"elementor-field elementor-size-sm  elementor-field-textual\" placeholder=\"Nome\">\n\t\t\t\t\t\t\t\t\t\t\t<\/div>\n\t\t\t\t\t\t\t\t<div class=\"elementor-field-type-email elementor-field-group elementor-column elementor-field-group-email elementor-col-100 elementor-field-required\">\n\t\t\t\t\t\t\t\t\t\t\t\t<label for=\"form-field-email\" class=\"elementor-field-label elementor-screen-only\">\n\t\t\t\t\t\t\t\tEmail\t\t\t\t\t\t\t<\/label>\n\t\t\t\t\t\t\t\t\t\t\t\t\t\t<input size=\"1\" type=\"email\" name=\"form_fields[email]\" id=\"form-field-email\" class=\"elementor-field elementor-size-sm  elementor-field-textual\" placeholder=\"Email\" required=\"required\" aria-required=\"true\">\n\t\t\t\t\t\t\t\t\t\t\t<\/div>\n\t\t\t\t\t\t\t\t<div class=\"elementor-field-type-textarea elementor-field-group elementor-column elementor-field-group-message elementor-col-100\">\n\t\t\t\t\t\t\t\t\t\t\t\t<label for=\"form-field-message\" class=\"elementor-field-label elementor-screen-only\">\n\t\t\t\t\t\t\t\tMessaggio\t\t\t\t\t\t\t<\/label>\n\t\t\t\t\t\t<textarea class=\"elementor-field-textual elementor-field  elementor-size-sm\" name=\"form_fields[message]\" id=\"form-field-message\" rows=\"4\" placeholder=\"Messaggio\"><\/textarea>\t\t\t\t<\/div>\n\t\t\t\t\t\t\t\t<div class=\"elementor-field-group elementor-column elementor-field-type-submit elementor-col-100 e-form__buttons\">\n\t\t\t\t\t<button type=\"submit\" class=\"elementor-button elementor-size-sm\">\n\t\t\t\t\t\t<span >\n\t\t\t\t\t\t\t\t\t\t\t\t\t\t\t<span class=\" elementor-button-icon\">\n\t\t\t\t\t\t\t\t\t\t\t\t\t\t\t\t\t\t\t\t\t\t\t\t\t\t<\/span>\n\t\t\t\t\t\t\t\t\t\t\t\t\t\t\t\t\t\t\t\t\t\t<span class=\"elementor-button-text\">Inviare<\/span>\n\t\t\t\t\t\t\t\t\t\t\t\t\t<\/span>\n\t\t\t\t\t<\/button>\n\t\t\t\t<\/div>\n\t\t\t<\/div>\n\t\t<\/form>\n\t\t\t\t<\/div>\n\t\t\t\t<\/div>\n\t\t\t\t\t<\/div>\n\t\t\t\t<\/div>\n\t\t\t\t<\/div>\n\t\t","protected":false},"excerpt":{"rendered":"<p>Domande Frequenti Quanta acqua contiene il mio Rhino-Pod?Il tuo lavello integrato Rhino-Pod (Cucinino Pod e Cubit) \u00e8 dotato rispettivamente di un contenitore per l&#8217;acqua dolce da 10 o 5 litri che alimenta il tuo rubinetto e di un contenitore per l&#8217;acqua di scarico da 10 o 5 litri abbinato per contenere l&#8217;acqua di scarico. Dove [&hellip;]<\/p>\n","protected":false},"author":351,"featured_media":0,"parent":0,"menu_order":0,"comment_status":"closed","ping_status":"closed","template":"","meta":{"footnotes":""},"class_list":["post-5696","page","type-page","status-publish","hentry","_wholesalex wsx-wholesalex-product"],"_links":{"self":[{"href":"https:\/\/rhino-pods.com\/it\/wp-json\/wp\/v2\/pages\/5696","targetHints":{"allow":["GET"]}}],"collection":[{"href":"https:\/\/rhino-pods.com\/it\/wp-json\/wp\/v2\/pages"}],"about":[{"href":"https:\/\/rhino-pods.com\/it\/wp-json\/wp\/v2\/types\/page"}],"author":[{"embeddable":true,"href":"https:\/\/rhino-pods.com\/it\/wp-json\/wp\/v2\/users\/351"}],"replies":[{"embeddable":true,"href":"https:\/\/rhino-pods.com\/it\/wp-json\/wp\/v2\/comments?post=5696"}],"version-history":[{"count":3,"href":"https:\/\/rhino-pods.com\/it\/wp-json\/wp\/v2\/pages\/5696\/revisions"}],"predecessor-version":[{"id":7798,"href":"https:\/\/rhino-pods.com\/it\/wp-json\/wp\/v2\/pages\/5696\/revisions\/7798"}],"wp:attachment":[{"href":"https:\/\/rhino-pods.com\/it\/wp-json\/wp\/v2\/media?parent=5696"}],"curies":[{"name":"wp","href":"https:\/\/api.w.org\/{rel}","templated":true}]}}