{"id":1129,"date":"2024-03-28T05:42:01","date_gmt":"2024-03-28T05:42:01","guid":{"rendered":"https:\/informativa-sulla-privacy\/"},"modified":"2026-02-17T16:00:08","modified_gmt":"2026-02-17T16:00:08","slug":"informativa-sulla-privacy","status":"publish","type":"page","link":"https:\/\/rhino-pods.com\/it\/informativa-sulla-privacy\/","title":{"rendered":"Informativa sulla privacy"},"content":{"rendered":"\t\t<div data-elementor-type=\"wp-page\" data-elementor-id=\"1129\" class=\"elementor elementor-1129 elementor-611\" data-elementor-post-type=\"page\">\n\t\t\t\t<div class=\"elementor-element elementor-element-3ab99ebe e-flex e-con-boxed e-con e-parent\" data-id=\"3ab99ebe\" data-element_type=\"container\">\n\t\t\t\t\t<div class=\"e-con-inner\">\n\t\t\t\t<div class=\"elementor-element elementor-element-3c8a55e elementor-widget elementor-widget-spacer\" data-id=\"3c8a55e\" data-element_type=\"widget\" data-widget_type=\"spacer.default\">\n\t\t\t\t<div class=\"elementor-widget-container\">\n\t\t\t<style>\/*! elementor - v3.21.0 - 26-05-2024 *\/\n.elementor-column .elementor-spacer-inner{height:var(--spacer-size)}.e-con{--container-widget-width:100%}.e-con-inner>.elementor-widget-spacer,.e-con>.elementor-widget-spacer{width:var(--container-widget-width,var(--spacer-size));--align-self:var(--container-widget-align-self,initial);--flex-shrink:0}.e-con-inner>.elementor-widget-spacer>.elementor-widget-container,.e-con>.elementor-widget-spacer>.elementor-widget-container{height:100%;width:100%}.e-con-inner>.elementor-widget-spacer>.elementor-widget-container>.elementor-spacer,.e-con>.elementor-widget-spacer>.elementor-widget-container>.elementor-spacer{height:100%}.e-con-inner>.elementor-widget-spacer>.elementor-widget-container>.elementor-spacer>.elementor-spacer-inner,.e-con>.elementor-widget-spacer>.elementor-widget-container>.elementor-spacer>.elementor-spacer-inner{height:var(--container-widget-height,var(--spacer-size))}.e-con-inner>.elementor-widget-spacer.elementor-widget-empty,.e-con>.elementor-widget-spacer.elementor-widget-empty{position:relative;min-height:22px;min-width:22px}.e-con-inner>.elementor-widget-spacer.elementor-widget-empty .elementor-widget-empty-icon,.e-con>.elementor-widget-spacer.elementor-widget-empty .elementor-widget-empty-icon{position:absolute;top:0;bottom:0;left:0;right:0;margin:auto;padding:0;width:22px;height:22px}<\/style>\t\t<div class=\"elementor-spacer\">\n\t\t\t<div class=\"elementor-spacer-inner\"><\/div>\n\t\t<\/div>\n\t\t\t\t<\/div>\n\t\t\t\t<\/div>\n\t\t\t\t<div class=\"elementor-element elementor-element-1f862bc elementor-widget elementor-widget-heading\" data-id=\"1f862bc\" data-element_type=\"widget\" data-widget_type=\"heading.default\">\n\t\t\t\t<div class=\"elementor-widget-container\">\n\t\t\t<style>\/*! elementor - v3.21.0 - 26-05-2024 *\/\n.elementor-heading-title{padding:0;margin:0;line-height:1}.elementor-widget-heading .elementor-heading-title[class*=elementor-size-]>a{color:inherit;font-size:inherit;line-height:inherit}.elementor-widget-heading .elementor-heading-title.elementor-size-small{font-size:15px}.elementor-widget-heading .elementor-heading-title.elementor-size-medium{font-size:19px}.elementor-widget-heading .elementor-heading-title.elementor-size-large{font-size:29px}.elementor-widget-heading .elementor-heading-title.elementor-size-xl{font-size:39px}.elementor-widget-heading .elementor-heading-title.elementor-size-xxl{font-size:59px}<\/style><h2 class=\"elementor-heading-title elementor-size-default\">Informativa sulla privacy<\/h2>\t\t<\/div>\n\t\t\t\t<\/div>\n\t\t\t\t<div class=\"elementor-element elementor-element-54f205f5 elementor-widget elementor-widget-text-editor\" data-id=\"54f205f5\" data-element_type=\"widget\" data-widget_type=\"text-editor.default\">\n\t\t\t\t<div class=\"elementor-widget-container\">\n\t\t\t<style>\/*! elementor - v3.21.0 - 26-05-2024 *\/\n.elementor-widget-text-editor.elementor-drop-cap-view-stacked .elementor-drop-cap{background-color:#69727d;color:#fff}.elementor-widget-text-editor.elementor-drop-cap-view-framed .elementor-drop-cap{color:#69727d;border:3px solid;background-color:transparent}.elementor-widget-text-editor:not(.elementor-drop-cap-view-default) .elementor-drop-cap{margin-top:8px}.elementor-widget-text-editor:not(.elementor-drop-cap-view-default) .elementor-drop-cap-letter{width:1em;height:1em}.elementor-widget-text-editor .elementor-drop-cap{float:left;text-align:center;line-height:1;font-size:50px}.elementor-widget-text-editor .elementor-drop-cap-letter{display:inline-block}<\/style>\t\t\t\t<p>La presente Informativa sulla privacy descrive le modalit\u00e0 con cui Rhino Pods (il &#8220;Sito&#8221;, &#8220;noi&#8221;, &#8220;ci&#8221; o &#8220;nostro&#8221;) raccoglie, utilizza e divulga i dati personali dell&#8217;utente quando visita, utilizza i nostri servizi o effettua un acquisto su <a href=\"https:\/\">www.rhino-pods.com<\/a> (il &#8220;Sito&#8221;) o comunica con noi in altro modo (collettivamente, i &#8220;Servizi&#8221;). Ai fini della presente Informativa sulla privacy, per &#8220;utente&#8221; e &#8220;tuo&#8221; si intende l&#8217;utente dei Servizi, sia esso un cliente, un visitatore del sito web o un altro individuo di cui abbiamo raccolto le informazioni ai sensi della presente Informativa sulla privacy.<\/p>\n<p>Ti invitiamo a leggere attentamente la presente Informativa sulla privacy. Utilizzando e accedendo ai Servizi, l&#8217;utente accetta la raccolta, l&#8217;uso e la divulgazione dei suoi dati come descritto nella presente Informativa sulla privacy. Se non accetti la presente Informativa sulla privacy, ti invitiamo a non utilizzare, acquistare o accedere ai Servizi.<\/p>\n<p><strong><br><u>Modifiche alla presente Informativa sulla privacy<\/u><\/strong><\/p>\n<p>Potremmo aggiornare la presente Informativa sulla privacy di tanto in tanto, anche per riflettere le modifiche alle nostre pratiche o per altri motivi operativi, legali o normativi. Pubblicheremo la nuova Informativa sulla privacy sul Sito, aggiorneremo la data di &#8220;Ultimo aggiornamento&#8221; e adotteremo qualsiasi altra misura richiesta dalla legge.<\/p>\n<p><strong><br><u>Come raccogliamo e utilizziamo i tuoi dati personali<\/u><\/strong><\/p>\n<p>Per fornire i Servizi, raccogliamo e abbiamo raccolto informazioni personali sull&#8217;utente da diverse fonti. Le informazioni che raccogliamo e utilizziamo variano a seconda di come interagisci con noi.<\/p>\n<p><strong><br><u>Quali informazioni personali raccogliamo<\/u><\/strong><\/p>\n<p>I tipi di informazioni personali che otteniamo su di te dipendono dal modo in cui interagisci con il nostro Sito e utilizzi i nostri Servizi. Quando utilizziamo il termine &#8220;dati personali&#8221;, ci riferiamo a informazioni che identificano, riguardano, descrivono o possono essere associate all&#8217;utente. Le sezioni seguenti descrivono le categorie e i tipi specifici di informazioni personali che raccogliamo.<\/p>\n<p>Le informazioni che raccogliamo possono includere<\/p>\n<ul>\n<li>Dati di contatto, tra cui nome, indirizzo, numero di telefono, e-mail.<\/li>\n<li>Informazioni sull&#8217;ordine, tra cui nome, indirizzo di fatturazione, indirizzo di spedizione, conferma di pagamento, indirizzo e-mail e numero di telefono.<\/li>\n<li>Informazioni sugli acquisti, compresi gli articoli visualizzati e inseriti nel carrello<\/li>\n<li>Informazioni sull&#8217;assistenza clienti, comprese le informazioni che l&#8217;utente sceglie di includere nelle comunicazioni con noi, ad esempio quando invia un messaggio attraverso i Servizi.<\/li>\n<\/ul>\n<p><strong><br><u>Informazioni che raccogliamo attraverso i cookie<\/u><\/strong><\/p>\n<p>Raccogliamo inoltre automaticamente alcune informazioni sulla tua interazione con i Servizi (&#8220;Dati di utilizzo&#8221;). A tal fine, possiamo utilizzare cookie, pixel e tecnologie simili (&#8220;cookie&#8221;). I Dati di Utilizzo possono includere informazioni su come l&#8217;utente accede e utilizza il nostro Sito e il suo account, tra cui informazioni sul dispositivo, informazioni sul browser, informazioni sulla sua connessione di rete, il suo indirizzo IP e altre informazioni relative alla sua interazione con i Servizi.<\/p>\n<p><strong><br><u>Informazioni ottenute da terzi<\/u><\/strong><\/p>\n<p>Condivideremo i dati con i nostri processori di pagamento, che raccolgono le informazioni di pagamento (ad esempio, conto bancario, informazioni sulla carta di credito o di debito, indirizzo di fatturazione) per elaborare il tuo pagamento al fine di evadere i tuoi ordini e fornirti i prodotti o i servizi che hai richiesto, al fine di eseguire il nostro contratto con te.<\/p>\n<p>Quando visiti il nostro Sito, apri o fai clic sulle e-mail che ti inviamo o interagisci con i nostri Servizi o le nostre pubblicit\u00e0, noi o le terze parti con cui collaboriamo possiamo raccogliere automaticamente alcune informazioni utilizzando tecnologie di tracciamento online come pixel, web beacon, kit per sviluppatori di software, librerie di terze parti e cookie.<\/p>\n<p>Qualsiasi informazione ottenuta da terzi sar\u00e0 trattata in conformit\u00e0 con la presente Informativa sulla privacy. Non siamo responsabili dell&#8217;accuratezza delle informazioni forniteci da terzi e non siamo responsabili delle politiche o delle pratiche di terzi.<\/p>\n<p><strong><br><u>Come utilizziamo i tuoi dati personali<\/u><\/strong><\/p>\n<ul>\n<li>Fornisce prodotti e servizi. Utilizziamo i tuoi dati personali per fornirti i Servizi al fine di eseguire il nostro contratto con te, tra cui elaborare i tuoi pagamenti, evadere i tuoi ordini, inviarti notifiche relative al tuo account, agli acquisti, ai resi, ai cambi o ad altre transazioni, creare, mantenere e gestire in altro modo il tuo account, organizzare le spedizioni, facilitare eventuali resi e cambi e permetterti di pubblicare recensioni.<\/li>\n<li>Marketing e pubblicit\u00e0. Utilizziamo i tuoi dati personali per scopi promozionali e di marketing, ad esempio per inviarti comunicazioni di marketing, pubblicitarie e promozionali via e-mail, SMS o posta, e per mostrarti pubblicit\u00e0 di prodotti o servizi. Ci\u00f2 pu\u00f2 includere l&#8217;utilizzo dei tuoi dati personali per personalizzare meglio i Servizi e la pubblicit\u00e0 sul nostro Sito e su altri siti web.<\/li>\n<li>Comunicare con te. Utilizziamo i tuoi dati personali per fornirti assistenza e migliorare i nostri Servizi. Questo \u00e8 nel nostro legittimo interesse, al fine di rispondere alle tue esigenze, di fornirti servizi efficaci e di mantenere i nostri rapporti commerciali con te.<\/li>\n<\/ul>\n<p><strong><br><u>Biscotti<\/u><\/strong><\/p>\n<p>Come molti siti web, anche noi utilizziamo i cookie sul nostro sito. Possiamo anche consentire a terzi e a fornitori di servizi di utilizzare i cookie sul nostro sito per personalizzare meglio i servizi, i prodotti e la pubblicit\u00e0 sul nostro sito e su altri siti web.<\/p>\n<p>La maggior parte dei browser accetta automaticamente i cookie per impostazione predefinita, ma puoi scegliere di impostare il tuo browser in modo da rimuovere o rifiutare i cookie attraverso i controlli del browser. Tieni presente che la rimozione o il blocco dei cookie pu\u00f2 avere un impatto negativo sull&#8217;esperienza dell&#8217;utente e pu\u00f2 far s\u00ec che alcuni Servizi, comprese alcune caratteristiche e funzionalit\u00e0 generali, funzionino in modo non corretto o non siano pi\u00f9 disponibili. Inoltre, il blocco dei cookie potrebbe non impedire completamente la condivisione di informazioni con terze parti, come i nostri partner pubblicitari.<\/p>\n<p><strong><br><u>Come divulghiamo i dati personali<\/u><\/strong><\/p>\n<p>In determinate circostanze, possiamo divulgare i tuoi dati personali a terzi per scopi legittimi, nel rispetto della presente Informativa sulla privacy. Tali circostanze possono includere:<\/p>\n<p>Con fornitori o altre terze parti che svolgono servizi per nostro conto (ad esempio, gestione IT, elaborazione dei pagamenti, analisi dei dati, assistenza clienti, archiviazione su cloud, evasione e spedizione).<\/p>\n<p>Dettagli aziendali: Isabella Sabin t\/a Rhino-Pods&nbsp;<\/p>\n<p>&nbsp; &nbsp; &nbsp; &nbsp; &nbsp; &nbsp; &nbsp; &nbsp; &nbsp; &nbsp; &nbsp; &nbsp; &nbsp; &nbsp; &nbsp; &nbsp;Via della Luccola N. 9 Villa Minozzo<\/p>\n<p>&nbsp; &nbsp; &nbsp; &nbsp; &nbsp; &nbsp; &nbsp; &nbsp; &nbsp; &nbsp; &nbsp; &nbsp; &nbsp; &nbsp; &nbsp; &nbsp;P.IVA&nbsp;03125370357<\/p>\t\t\t\t\t\t<\/div>\n\t\t\t\t<\/div>\n\t\t\t\t\t<\/div>\n\t\t\t\t<\/div>\n\t\t\t\t<\/div>\n\t\t","protected":false},"excerpt":{"rendered":"<p>Informativa sulla privacy La presente Informativa sulla privacy descrive le modalit\u00e0 con cui Rhino Pods (il &#8220;Sito&#8221;, &#8220;noi&#8221;, &#8220;ci&#8221; o &#8220;nostro&#8221;) raccoglie, utilizza e divulga i dati personali dell&#8217;utente quando visita, utilizza i nostri servizi o effettua un acquisto su www.rhino-pods.com (il &#8220;Sito&#8221;) o comunica con noi in altro modo (collettivamente, i &#8220;Servizi&#8221;). Ai fini [&hellip;]<\/p>\n","protected":false},"author":1,"featured_media":0,"parent":0,"menu_order":0,"comment_status":"closed","ping_status":"closed","template":"","meta":{"footnotes":""},"class_list":["post-1129","page","type-page","status-publish","hentry","_wholesalex wsx-wholesalex-product"],"_links":{"self":[{"href":"https:\/\/rhino-pods.com\/it\/wp-json\/wp\/v2\/pages\/1129","targetHints":{"allow":["GET"]}}],"collection":[{"href":"https:\/\/rhino-pods.com\/it\/wp-json\/wp\/v2\/pages"}],"about":[{"href":"https:\/\/rhino-pods.com\/it\/wp-json\/wp\/v2\/types\/page"}],"author":[{"embeddable":true,"href":"https:\/\/rhino-pods.com\/it\/wp-json\/wp\/v2\/users\/1"}],"replies":[{"embeddable":true,"href":"https:\/\/rhino-pods.com\/it\/wp-json\/wp\/v2\/comments?post=1129"}],"version-history":[{"count":3,"href":"https:\/\/rhino-pods.com\/it\/wp-json\/wp\/v2\/pages\/1129\/revisions"}],"predecessor-version":[{"id":8033,"href":"https:\/\/rhino-pods.com\/it\/wp-json\/wp\/v2\/pages\/1129\/revisions\/8033"}],"wp:attachment":[{"href":"https:\/\/rhino-pods.com\/it\/wp-json\/wp\/v2\/media?parent=1129"}],"curies":[{"name":"wp","href":"https:\/\/api.w.org\/{rel}","templated":true}]}}