{"id":8570,"date":"2025-06-03T16:35:36","date_gmt":"2025-06-03T15:35:36","guid":{"rendered":"https:\/\/rhino-pods.com\/abonnez-vous-a-notre-newsletter\/"},"modified":"2026-02-18T18:22:17","modified_gmt":"2026-02-18T18:22:17","slug":"abonnez-vous-a-notre-newsletter","status":"publish","type":"page","link":"https:\/\/rhino-pods.com\/fr\/abonnez-vous-a-notre-newsletter\/","title":{"rendered":"Abonnez-vous \u00e0 notre newsletter"},"content":{"rendered":"\t\t<div data-elementor-type=\"wp-page\" data-elementor-id=\"8570\" class=\"elementor elementor-8570 elementor-4871\" data-elementor-post-type=\"page\">\n\t\t\t\t<div class=\"elementor-element elementor-element-bbea990 e-con-full e-flex e-con e-parent\" data-id=\"bbea990\" data-element_type=\"container\">\n\t\t<div class=\"elementor-element elementor-element-fab5954 e-flex e-con-boxed e-con e-child\" data-id=\"fab5954\" data-element_type=\"container\">\n\t\t\t\t\t<div class=\"e-con-inner\">\n\t\t\t\t<div class=\"elementor-element elementor-element-25ee4c7 elementor-widget elementor-widget-spacer\" data-id=\"25ee4c7\" data-element_type=\"widget\" data-widget_type=\"spacer.default\">\n\t\t\t\t<div class=\"elementor-widget-container\">\n\t\t\t<style>\/*! elementor - v3.21.0 - 26-05-2024 *\/\n.elementor-column .elementor-spacer-inner{height:var(--spacer-size)}.e-con{--container-widget-width:100%}.e-con-inner>.elementor-widget-spacer,.e-con>.elementor-widget-spacer{width:var(--container-widget-width,var(--spacer-size));--align-self:var(--container-widget-align-self,initial);--flex-shrink:0}.e-con-inner>.elementor-widget-spacer>.elementor-widget-container,.e-con>.elementor-widget-spacer>.elementor-widget-container{height:100%;width:100%}.e-con-inner>.elementor-widget-spacer>.elementor-widget-container>.elementor-spacer,.e-con>.elementor-widget-spacer>.elementor-widget-container>.elementor-spacer{height:100%}.e-con-inner>.elementor-widget-spacer>.elementor-widget-container>.elementor-spacer>.elementor-spacer-inner,.e-con>.elementor-widget-spacer>.elementor-widget-container>.elementor-spacer>.elementor-spacer-inner{height:var(--container-widget-height,var(--spacer-size))}.e-con-inner>.elementor-widget-spacer.elementor-widget-empty,.e-con>.elementor-widget-spacer.elementor-widget-empty{position:relative;min-height:22px;min-width:22px}.e-con-inner>.elementor-widget-spacer.elementor-widget-empty .elementor-widget-empty-icon,.e-con>.elementor-widget-spacer.elementor-widget-empty .elementor-widget-empty-icon{position:absolute;top:0;bottom:0;left:0;right:0;margin:auto;padding:0;width:22px;height:22px}<\/style>\t\t<div class=\"elementor-spacer\">\n\t\t\t<div class=\"elementor-spacer-inner\"><\/div>\n\t\t<\/div>\n\t\t\t\t<\/div>\n\t\t\t\t<\/div>\n\t\t\t\t\t<\/div>\n\t\t\t\t<\/div>\n\t\t<div class=\"elementor-element elementor-element-2fb1014 e-con-full e-flex e-con e-child\" data-id=\"2fb1014\" data-element_type=\"container\" data-settings=\"{&quot;background_background&quot;:&quot;classic&quot;}\">\n\t\t<div class=\"elementor-element elementor-element-355aab6 e-flex e-con-boxed e-con e-child\" data-id=\"355aab6\" data-element_type=\"container\" data-settings=\"{&quot;background_background&quot;:&quot;classic&quot;}\">\n\t\t\t\t\t<div class=\"e-con-inner\">\n\t\t\t\t<div class=\"elementor-element elementor-element-36fdc65 elementor-widget elementor-widget-heading\" data-id=\"36fdc65\" data-element_type=\"widget\" data-widget_type=\"heading.default\">\n\t\t\t\t<div class=\"elementor-widget-container\">\n\t\t\t<style>\/*! elementor - v3.21.0 - 26-05-2024 *\/\n.elementor-heading-title{padding:0;margin:0;line-height:1}.elementor-widget-heading .elementor-heading-title[class*=elementor-size-]>a{color:inherit;font-size:inherit;line-height:inherit}.elementor-widget-heading .elementor-heading-title.elementor-size-small{font-size:15px}.elementor-widget-heading .elementor-heading-title.elementor-size-medium{font-size:19px}.elementor-widget-heading .elementor-heading-title.elementor-size-large{font-size:29px}.elementor-widget-heading .elementor-heading-title.elementor-size-xl{font-size:39px}.elementor-widget-heading .elementor-heading-title.elementor-size-xxl{font-size:59px}<\/style><h2 class=\"elementor-heading-title elementor-size-default\">Pouvons-nous rester en contact ?<\/h2>\t\t<\/div>\n\t\t\t\t<\/div>\n\t\t\t\t<div class=\"elementor-element elementor-element-673708c elementor-widget elementor-widget-text-editor\" data-id=\"673708c\" data-element_type=\"widget\" data-widget_type=\"text-editor.default\">\n\t\t\t\t<div class=\"elementor-widget-container\">\n\t\t\t<style>\/*! elementor - v3.21.0 - 26-05-2024 *\/\n.elementor-widget-text-editor.elementor-drop-cap-view-stacked .elementor-drop-cap{background-color:#69727d;color:#fff}.elementor-widget-text-editor.elementor-drop-cap-view-framed .elementor-drop-cap{color:#69727d;border:3px solid;background-color:transparent}.elementor-widget-text-editor:not(.elementor-drop-cap-view-default) .elementor-drop-cap{margin-top:8px}.elementor-widget-text-editor:not(.elementor-drop-cap-view-default) .elementor-drop-cap-letter{width:1em;height:1em}.elementor-widget-text-editor .elementor-drop-cap{float:left;text-align:center;line-height:1;font-size:50px}.elementor-widget-text-editor .elementor-drop-cap-letter{display:inline-block}<\/style>\t\t\t\t<p style=\"text-align: center;\"><span style=\"color: #333333;\">Il vous suffit de nous indiquer votre nom et votre adresse courriel pour rejoindre la famille Rhino. Nous vous informerons de nos nouveaux produits et des actualit\u00e9s int\u00e9ressantes, et nous vous enverrons ponctuellement des offres. Rassurez-vous, nous ne saturerons pas votre bo\u00eete de r\u00e9ception : vous recevrez uniquement des informations susceptibles de vous int\u00e9resser, et vous pourrez vous d\u00e9sabonner \u00e0 tout moment.  <\/span><\/p>\t\t\t\t\t\t<\/div>\n\t\t\t\t<\/div>\n\t\t\t\t<div class=\"elementor-element elementor-element-ca67d93 elementor-widget elementor-widget-html\" data-id=\"ca67d93\" data-element_type=\"widget\" data-widget_type=\"html.default\">\n\t\t\t\t<div class=\"elementor-widget-container\">\n\t\t\t<div id=\"mc_embed_shell\">\r\n      <link href=\"\/\/cdn-images.mailchimp.com\/embedcode\/classic-061523.css\" rel=\"stylesheet\" type=\"text\/css\">\r\n  <style type=\"text\/css\">\r\n        #mc_embed_signup{background:#fff; false;clear:left; font:14px Helvetica,Arial,sans-serif; width: 600px;}\r\n        \/* Add your own Mailchimp form style overrides in your site stylesheet or in this style block.\r\n           We recommend moving this block and the preceding CSS link to the HEAD of your HTML file. *\/\r\n<\/style>\r\n<div id=\"mc_embed_signup\">\r\n    <form action=\"https:\/\/rhino-pods.us21.list-manage.com\/subscribe\/post?u=7598dec3905f7d8ad60ae04e7&amp;id=01595444dc&amp;f_id=00caa5e6f0\" method=\"post\" id=\"mc-embedded-subscribe-form\" name=\"mc-embedded-subscribe-form\" class=\"validate\" target=\"_blank\">\r\n        <div id=\"mc_embed_signup_scroll\">\r\n            <div class=\"indicates-required\"><span class=\"asterisk\">*<\/span> indique requis<\/div>\r\n            <div class=\"mc-field-group\"><label for=\"mce-FNAME\">Pr\u00e9nom <span class=\"asterisk\">*<\/span><\/label><input type=\"text\" name=\"FNAME\" class=\"required text\" id=\"mce-FNAME\" required=\"\" value=\"\"><\/div><div class=\"mc-field-group\"><label for=\"mce-EMAIL\">Adresse email <span class=\"asterisk\">*<\/span><\/label><input type=\"email\" name=\"EMAIL\" class=\"required email\" id=\"mce-EMAIL\" required=\"\" value=\"\"><\/div>\r\n<div hidden=\"\"><input type=\"hidden\" name=\"tags\" value=\"3710576\"><\/div>\r\n        <div id=\"mce-responses\" class=\"clear\">\r\n            <div class=\"response\" id=\"mce-error-response\" style=\"display: none;\"><\/div>\r\n            <div class=\"response\" id=\"mce-success-response\" style=\"display: none;\"><\/div>\r\n        <\/div><div aria-hidden=\"true\" style=\"position: absolute; left: -5000px;\"><input type=\"text\" name=\"b_7598dec3905f7d8ad60ae04e7_01595444dc\" tabindex=\"-1\" value=\"\"><\/div><div class=\"clear\"><input type=\"submit\" name=\"subscribe\" id=\"mc-embedded-subscribe\" class=\"button\" value=\"S'abonner\"><\/div>\r\n    <\/div>\r\n<\/form>\r\n<\/div>\r\n<script type=\"text\/javascript\" src=\"\/\/s3.amazonaws.com\/downloads.mailchimp.com\/js\/mc-validate.js\"><\/script><script type=\"text\/javascript\">(function($) {window.fnames = new Array(); window.ftypes = new Array();fnames[1]='FNAME';ftypes[1]='text';fnames[0]='EMAIL';ftypes[0]='email';fnames[16]='MMERGE16';ftypes[16]='imageurl';fnames[15]='MMERGE15';ftypes[15]='imageurl';fnames[14]='MMERGE14';ftypes[14]='text';fnames[13]='MMERGE13';ftypes[13]='text';fnames[12]='MMERGE12';ftypes[12]='text';fnames[11]='MMERGE11';ftypes[11]='text';fnames[10]='MMERGE10';ftypes[10]='text';fnames[9]='MMERGE9';ftypes[9]='text';fnames[8]='MMERGE8';ftypes[8]='text';fnames[7]='MMERGE7';ftypes[7]='text';fnames[6]='MMERGE6';ftypes[6]='text';fnames[5]='BIRTHDAY';ftypes[5]='birthday';fnames[4]='PHONE';ftypes[4]='phone';fnames[2]='LNAME';ftypes[2]='text';fnames[3]='ADDRESS';ftypes[3]='address';fnames[17]='MMERGE17';ftypes[17]='imageurl';}(jQuery));var $mcj = jQuery.noConflict(true);<\/script><\/div>\r\n\t\t<\/div>\n\t\t\t\t<\/div>\n\t\t\t\t<div class=\"elementor-element elementor-element-a246fe1 elementor-widget elementor-widget-text-editor\" data-id=\"a246fe1\" data-element_type=\"widget\" data-widget_type=\"text-editor.default\">\n\t\t\t\t<div class=\"elementor-widget-container\">\n\t\t\t\t\t\t\t<p style=\"text-align: center;\"><span style=\"color: #4b4ba6;\">Obtenez une brochure en cliquant <a style=\"color: #4b4ba6; text-decoration: underline;\" href=\"http:\/\/rhino-pods.com\/wp-content\/uploads\/2026\/02\/brochure-31.01.pdf\">ici<\/a><\/span><\/p>\t\t\t\t\t\t<\/div>\n\t\t\t\t<\/div>\n\t\t\t\t<div class=\"elementor-element elementor-element-82339e3 elementor-widget elementor-widget-image\" data-id=\"82339e3\" data-element_type=\"widget\" data-widget_type=\"image.default\">\n\t\t\t\t<div class=\"elementor-widget-container\">\n\t\t\t<style>\/*! elementor - v3.21.0 - 26-05-2024 *\/\n.elementor-widget-image{text-align:center}.elementor-widget-image a{display:inline-block}.elementor-widget-image a img[src$=\".svg\"]{width:48px}.elementor-widget-image img{vertical-align:middle;display:inline-block}<\/style>\t\t\t\t\t\t\t\t\t\t<img fetchpriority=\"high\" decoding=\"async\" width=\"800\" height=\"263\" src=\"https:\/\/rhino-pods.com\/wp-content\/uploads\/2026\/02\/all-pods-new-w-legs-1024x337.png\" class=\"attachment-large size-large wp-image-7147\" alt=\"\" srcset=\"https:\/\/rhino-pods.com\/wp-content\/uploads\/2026\/02\/all-pods-new-w-legs-1024x337.png 1024w, https:\/\/rhino-pods.com\/wp-content\/uploads\/2026\/02\/all-pods-new-w-legs-300x99.png 300w, https:\/\/rhino-pods.com\/wp-content\/uploads\/2026\/02\/all-pods-new-w-legs-768x252.png 768w, https:\/\/rhino-pods.com\/wp-content\/uploads\/2026\/02\/all-pods-new-w-legs-1536x505.png 1536w, https:\/\/rhino-pods.com\/wp-content\/uploads\/2026\/02\/all-pods-new-w-legs-2048x673.png 2048w, https:\/\/rhino-pods.com\/wp-content\/uploads\/2026\/02\/all-pods-new-w-legs-600x197.png 600w\" sizes=\"(max-width: 800px) 100vw, 800px\" \/>\t\t\t\t\t\t\t\t\t\t\t\t\t<\/div>\n\t\t\t\t<\/div>\n\t\t\t\t\t<\/div>\n\t\t\t\t<\/div>\n\t\t\t\t<\/div>\n\t\t\t\t<\/div>\n\t\t\t\t<\/div>\n\t\t","protected":false},"excerpt":{"rendered":"<p>Pouvons-nous rester en contact ? Il vous suffit de nous indiquer votre nom et votre adresse courriel pour rejoindre la famille Rhino. Nous vous informerons de nos nouveaux produits et des actualit\u00e9s int\u00e9ressantes, et nous vous enverrons ponctuellement des offres. Rassurez-vous, nous ne saturerons pas votre bo\u00eete de r\u00e9ception : vous recevrez uniquement des informations [&hellip;]<\/p>\n","protected":false},"author":4,"featured_media":0,"parent":0,"menu_order":0,"comment_status":"closed","ping_status":"closed","template":"","meta":{"footnotes":""},"class_list":["post-8570","page","type-page","status-publish","hentry","_wholesalex wsx-wholesalex-product"],"_links":{"self":[{"href":"https:\/\/rhino-pods.com\/fr\/wp-json\/wp\/v2\/pages\/8570","targetHints":{"allow":["GET"]}}],"collection":[{"href":"https:\/\/rhino-pods.com\/fr\/wp-json\/wp\/v2\/pages"}],"about":[{"href":"https:\/\/rhino-pods.com\/fr\/wp-json\/wp\/v2\/types\/page"}],"author":[{"embeddable":true,"href":"https:\/\/rhino-pods.com\/fr\/wp-json\/wp\/v2\/users\/4"}],"replies":[{"embeddable":true,"href":"https:\/\/rhino-pods.com\/fr\/wp-json\/wp\/v2\/comments?post=8570"}],"version-history":[{"count":2,"href":"https:\/\/rhino-pods.com\/fr\/wp-json\/wp\/v2\/pages\/8570\/revisions"}],"predecessor-version":[{"id":8572,"href":"https:\/\/rhino-pods.com\/fr\/wp-json\/wp\/v2\/pages\/8570\/revisions\/8572"}],"wp:attachment":[{"href":"https:\/\/rhino-pods.com\/fr\/wp-json\/wp\/v2\/media?parent=8570"}],"curies":[{"name":"wp","href":"https:\/\/api.w.org\/{rel}","templated":true}]}}