{"id":8565,"date":"2025-08-13T08:48:34","date_gmt":"2025-08-13T07:48:34","guid":{"rendered":"https:\/\/rhino-pods.com\/faqs\/"},"modified":"2026-02-18T18:17:43","modified_gmt":"2026-02-18T18:17:43","slug":"faqs","status":"publish","type":"page","link":"https:\/\/rhino-pods.com\/fr\/faqs\/","title":{"rendered":"FAQs"},"content":{"rendered":"\t\t<div data-elementor-type=\"wp-page\" data-elementor-id=\"8565\" class=\"elementor elementor-8565 elementor-5576\" data-elementor-post-type=\"page\">\n\t\t\t\t<div class=\"elementor-element elementor-element-3ea1680 e-flex e-con-boxed e-con e-parent\" data-id=\"3ea1680\" data-element_type=\"container\">\n\t\t\t\t\t<div class=\"e-con-inner\">\n\t\t\t\t<div class=\"elementor-element elementor-element-0c8b726 elementor-widget elementor-widget-spacer\" data-id=\"0c8b726\" data-element_type=\"widget\" data-widget_type=\"spacer.default\">\n\t\t\t\t<div class=\"elementor-widget-container\">\n\t\t\t<style>\/*! elementor - v3.21.0 - 26-05-2024 *\/\n.elementor-column .elementor-spacer-inner{height:var(--spacer-size)}.e-con{--container-widget-width:100%}.e-con-inner>.elementor-widget-spacer,.e-con>.elementor-widget-spacer{width:var(--container-widget-width,var(--spacer-size));--align-self:var(--container-widget-align-self,initial);--flex-shrink:0}.e-con-inner>.elementor-widget-spacer>.elementor-widget-container,.e-con>.elementor-widget-spacer>.elementor-widget-container{height:100%;width:100%}.e-con-inner>.elementor-widget-spacer>.elementor-widget-container>.elementor-spacer,.e-con>.elementor-widget-spacer>.elementor-widget-container>.elementor-spacer{height:100%}.e-con-inner>.elementor-widget-spacer>.elementor-widget-container>.elementor-spacer>.elementor-spacer-inner,.e-con>.elementor-widget-spacer>.elementor-widget-container>.elementor-spacer>.elementor-spacer-inner{height:var(--container-widget-height,var(--spacer-size))}.e-con-inner>.elementor-widget-spacer.elementor-widget-empty,.e-con>.elementor-widget-spacer.elementor-widget-empty{position:relative;min-height:22px;min-width:22px}.e-con-inner>.elementor-widget-spacer.elementor-widget-empty .elementor-widget-empty-icon,.e-con>.elementor-widget-spacer.elementor-widget-empty .elementor-widget-empty-icon{position:absolute;top:0;bottom:0;left:0;right:0;margin:auto;padding:0;width:22px;height:22px}<\/style>\t\t<div class=\"elementor-spacer\">\n\t\t\t<div class=\"elementor-spacer-inner\"><\/div>\n\t\t<\/div>\n\t\t\t\t<\/div>\n\t\t\t\t<\/div>\n\t\t\t\t<div class=\"elementor-element elementor-element-4ff3e8d elementor-widget elementor-widget-heading\" data-id=\"4ff3e8d\" data-element_type=\"widget\" data-widget_type=\"heading.default\">\n\t\t\t\t<div class=\"elementor-widget-container\">\n\t\t\t<style>\/*! elementor - v3.21.0 - 26-05-2024 *\/\n.elementor-heading-title{padding:0;margin:0;line-height:1}.elementor-widget-heading .elementor-heading-title[class*=elementor-size-]>a{color:inherit;font-size:inherit;line-height:inherit}.elementor-widget-heading .elementor-heading-title.elementor-size-small{font-size:15px}.elementor-widget-heading .elementor-heading-title.elementor-size-medium{font-size:19px}.elementor-widget-heading .elementor-heading-title.elementor-size-large{font-size:29px}.elementor-widget-heading .elementor-heading-title.elementor-size-xl{font-size:39px}.elementor-widget-heading .elementor-heading-title.elementor-size-xxl{font-size:59px}<\/style><h2 class=\"elementor-heading-title elementor-size-default\">FAQs<\/h2>\t\t<\/div>\n\t\t\t\t<\/div>\n\t\t\t\t<div class=\"elementor-element elementor-element-764fb40 elementor-widget elementor-widget-text-editor\" data-id=\"764fb40\" data-element_type=\"widget\" data-widget_type=\"text-editor.default\">\n\t\t\t\t<div class=\"elementor-widget-container\">\n\t\t\t<style>\/*! elementor - v3.21.0 - 26-05-2024 *\/\n.elementor-widget-text-editor.elementor-drop-cap-view-stacked .elementor-drop-cap{background-color:#69727d;color:#fff}.elementor-widget-text-editor.elementor-drop-cap-view-framed .elementor-drop-cap{color:#69727d;border:3px solid;background-color:transparent}.elementor-widget-text-editor:not(.elementor-drop-cap-view-default) .elementor-drop-cap{margin-top:8px}.elementor-widget-text-editor:not(.elementor-drop-cap-view-default) .elementor-drop-cap-letter{width:1em;height:1em}.elementor-widget-text-editor .elementor-drop-cap{float:left;text-align:center;line-height:1;font-size:50px}.elementor-widget-text-editor .elementor-drop-cap-letter{display:inline-block}<\/style>\t\t\t\t<p><strong>Quelle quantit\u00e9 d&rsquo;eau mon Rhino-Pod peut-il contenir ?<br><\/strong><em>Votre \u00e9vier int\u00e9gr\u00e9 Rhino-Pod (Cucinino Pod et Cubit) est fourni respectivement avec un r\u00e9servoir d&rsquo;eau propre de 10 ou 5 litres alimentant votre robinet et un r\u00e9servoir d&rsquo;eaux us\u00e9es de 10 ou 5 litres correspondant.<\/em><\/p>\n<p><strong>O\u00f9 vont les eaux us\u00e9es ?<\/strong><br><em>Votre r\u00e9servoir d&rsquo;eaux us\u00e9es est reli\u00e9 \u00e0 la prise de votre \u00e9vier et recueille vos eaux us\u00e9es. Le conteneur est amovible pour faciliter son \u00e9limination.<\/em><\/p>\n<p><strong>Puis-je d\u00e9monter toutes les nacelles ?<br><\/strong><em>Les modules Cucinino et Cambio sont tous deux facilement d\u00e9montables. Tous les panneaux et \u00e9tag\u00e8res s&#8217;embo\u00eetent et se clipsent facilement, ce qui permet de les d\u00e9monter pour le rangement. Tous les autres modules sont pr\u00e9-assembl\u00e9s.  <\/em><\/p>\n<p><strong>Dois-je fixer mon Rhino-Pod \u00e0 quelque chose ?<\/strong><br><em>Les Rhino-Pods sont tr\u00e8s stables. Cependant, l&rsquo;\u00e9tag\u00e8re inf\u00e9rieure comporte des fentes pour des fixations suppl\u00e9mentaires et des trous pour piquets permettant de l&rsquo;ancrer au sol si n\u00e9cessaire. Des fentes dans les panneaux ext\u00e9rieurs peuvent \u00e9galement servir \u00e0 fixer des sangles et\/ou des piquets, selon que le Rhino-Pod soit install\u00e9 dans un v\u00e9hicule ou \u00e0 l&rsquo;ext\u00e9rieur.<br>Lorsque vous utilisez les pieds int\u00e9gr\u00e9s, nous vous recommandons de choisir un sol ferme et d&rsquo;utiliser des piquets de tente standard pour bien les fixer. Si vous l&rsquo;utilisez dans un fourgon, un hayon ou un coffre, nous vous recommandons d&rsquo;utiliser des sangles pour le fixer.  <\/em><\/p>\n<p><strong>O\u00f9 dois-je ranger mes plaques de cuisson\/br\u00fbleurs ?<br><\/strong><em>Dans le module Cambio, ils peuvent \u00eatre rang\u00e9s sur l&rsquo;une ou l&rsquo;autre des \u00e9tag\u00e8res int\u00e9rieures, et dans le module \u00e9vier, il y a de la place \u00e0 l&rsquo;avant des bouteilles pour deux br\u00fbleurs g\u00e9n\u00e9riques simples, et dans le Cubit, il y a de la place pour un br\u00fbleur g\u00e9n\u00e9rique \u00e0 l&rsquo;int\u00e9rieur, devant les bouteilles.<\/em><\/p>\n<p><strong>Mon module est-il livr\u00e9 avec des br\u00fbleurs\/cuisini\u00e8res ?<\/strong><br>Nous ne fournissons pas de r\u00e9chauds avec nos modules \u2013 cependant, nous avons con\u00e7u nos modules pour qu&rsquo;ils acceptent la majorit\u00e9 des r\u00e9chauds du march\u00e9 \u2013 si vous avez le moindre doute quant \u00e0 la compatibilit\u00e9 d&rsquo;un r\u00e9chaud particulier, n&rsquo;h\u00e9sitez pas \u00e0 v\u00e9rifier aupr\u00e8s de nous avant l&rsquo;achat.<\/p>\n<p><strong>Comment recharger mon robinet sans fil ?<\/strong><br><em>Le robinet doit avoir une charge initiale de 2 \u00e0 3 heures, apr\u00e8s quoi il peut \u00eatre utilis\u00e9 pendant plusieurs jours. Lors de la recharge, la lumi\u00e8re s&rsquo;allume en rouge jusqu&rsquo;\u00e0 ce qu&rsquo;elle devienne bleue lorsque le robinet est compl\u00e8tement charg\u00e9.  Le c\u00e2ble de chargement est fourni avec votre pod.<\/em><\/p>\n<p><strong>L&rsquo;un des r\u00e9chauds g\u00e9n\u00e9riques conviendra-t-il ?<\/strong><br><em>Les plaques de cuisson standard \u00e0 un seul br\u00fbleur s&rsquo;adaptent aux \u00e9tag\u00e8res rabattables. N&rsquo;h\u00e9sitez pas \u00e0 nous contacter en cas de doute. <\/em><\/p>\n<p><strong>Puis-je utiliser le Rhino-Pod \u00e0 l&rsquo;ext\u00e9rieur ?<\/strong><br><em>Oui, tous les Pods peuvent \u00eatre utilis\u00e9s \u00e0 l&rsquo;ext\u00e9rieur et sont r\u00e9sistants aux intemp\u00e9ries et \u00e0 l&rsquo;eau.<\/em><\/p>\n<p><strong>Puis-je utiliser le Rhino-Pod \u00e0 l&rsquo;int\u00e9rieur ?<\/strong><br><em>Oui, les dosettes peuvent \u00eatre utilis\u00e9es \u00e0 l&rsquo;int\u00e9rieur.<\/em><\/p>\n<p><strong>Quel est le poids du Rhino-Pod ?<\/strong><br><em>Tous nos produits peuvent \u00eatre soulev\u00e9s par une seule personne.<\/em><\/p>\n<p><em>Vide d&rsquo;eau, le Cucinino Pod p\u00e8se 25 kg.<\/em><\/p>\n<p><em>Vide d&rsquo;eau, le Cubit p\u00e8se 15 kg.<\/em><\/p>\n<p><em>Le Cambio Pod p\u00e8se 18 kg.<\/em><\/p>\n<p><em>Le Manta Pod p\u00e8se 12 kg<\/em><\/p>\n<p><em>Le Tavo Pod p\u00e8se 16 kg.<\/em><\/p>\n<p><em>Le Chuck Pod p\u00e8se 20 kg<\/em><\/p>\n<p><strong>Ai-je besoin de produits sp\u00e9ciaux pour nettoyer mon Rhino-Pod ?<\/strong><br><em>Non, votre Rhino-Pod est r\u00e9sistant \u00e0 presque tous les produits chimiques et nettoyants et peut \u00eatre simplement essuy\u00e9. Il peut m\u00eame \u00eatre arros\u00e9 au jet d&rsquo;eau ou lav\u00e9 au jet d&rsquo;eau ! <\/em><\/p>\n<p><strong>Mon Rhino-Pod est-il livr\u00e9 assembl\u00e9 ?<\/strong><br><em>Si votre Rhino-Pod est con\u00e7u pour \u00eatre d\u00e9mont\u00e9, il sera livr\u00e9 \u00e0 plat, sinon il sera livr\u00e9 enti\u00e8rement assembl\u00e9. Gr\u00e2ce \u00e0 notre syst\u00e8me de verrouillage int\u00e9gr\u00e9 unique, vous pouvez d\u00e9monter et remonter facilement vos capsules Cucinino et Cambio \u2013 sans vis ni boulons \u00e0 manipuler ni risquer d&rsquo;en perdre.<\/em><\/p>\t\t\t\t\t\t<\/div>\n\t\t\t\t<\/div>\n\t\t\t\t\t<\/div>\n\t\t\t\t<\/div>\n\t\t<div class=\"elementor-element elementor-element-edece18 e-flex e-con-boxed e-con e-parent\" data-id=\"edece18\" data-element_type=\"container\">\n\t\t\t\t\t<div class=\"e-con-inner\">\n\t\t\t\t<div class=\"elementor-element elementor-element-b6c107c elementor-widget elementor-widget-heading\" data-id=\"b6c107c\" data-element_type=\"widget\" data-widget_type=\"heading.default\">\n\t\t\t\t<div class=\"elementor-widget-container\">\n\t\t\t<h2 class=\"elementor-heading-title elementor-size-default\">Posez-nous une question<\/h2>\t\t<\/div>\n\t\t\t\t<\/div>\n\t\t\t\t<div class=\"elementor-element elementor-element-a812023 elementor-button-align-stretch elementor-widget elementor-widget-form\" data-id=\"a812023\" data-element_type=\"widget\" data-settings=\"{&quot;step_next_label&quot;:&quot;Suivant&quot;,&quot;step_previous_label&quot;:&quot;Pr\\u00e9c\\u00e9dent&quot;,&quot;button_width&quot;:&quot;100&quot;,&quot;step_type&quot;:&quot;number_text&quot;,&quot;step_icon_shape&quot;:&quot;circle&quot;}\" data-widget_type=\"form.default\">\n\t\t\t\t<div class=\"elementor-widget-container\">\n\t\t\t<style>\/*! elementor-pro - v3.21.0 - 20-05-2024 *\/\n.elementor-button.elementor-hidden,.elementor-hidden{display:none}.e-form__step{width:100%}.e-form__step:not(.elementor-hidden){display:flex;flex-wrap:wrap}.e-form__buttons{flex-wrap:wrap}.e-form__buttons,.e-form__buttons__wrapper{display:flex}.e-form__indicators{display:flex;justify-content:space-between;align-items:center;flex-wrap:nowrap;font-size:13px;margin-bottom:var(--e-form-steps-indicators-spacing)}.e-form__indicators__indicator{display:flex;flex-direction:column;align-items:center;justify-content:center;flex-basis:0;padding:0 var(--e-form-steps-divider-gap)}.e-form__indicators__indicator__progress{width:100%;position:relative;background-color:var(--e-form-steps-indicator-progress-background-color);border-radius:var(--e-form-steps-indicator-progress-border-radius);overflow:hidden}.e-form__indicators__indicator__progress__meter{width:var(--e-form-steps-indicator-progress-meter-width,0);height:var(--e-form-steps-indicator-progress-height);line-height:var(--e-form-steps-indicator-progress-height);padding-right:15px;border-radius:var(--e-form-steps-indicator-progress-border-radius);background-color:var(--e-form-steps-indicator-progress-color);color:var(--e-form-steps-indicator-progress-meter-color);text-align:right;transition:width .1s linear}.e-form__indicators__indicator:first-child{padding-left:0}.e-form__indicators__indicator:last-child{padding-right:0}.e-form__indicators__indicator--state-inactive{color:var(--e-form-steps-indicator-inactive-primary-color,#c2cbd2)}.e-form__indicators__indicator--state-inactive [class*=indicator--shape-]:not(.e-form__indicators__indicator--shape-none){background-color:var(--e-form-steps-indicator-inactive-secondary-color,#fff)}.e-form__indicators__indicator--state-inactive object,.e-form__indicators__indicator--state-inactive svg{fill:var(--e-form-steps-indicator-inactive-primary-color,#c2cbd2)}.e-form__indicators__indicator--state-active{color:var(--e-form-steps-indicator-active-primary-color,#39b54a);border-color:var(--e-form-steps-indicator-active-secondary-color,#fff)}.e-form__indicators__indicator--state-active [class*=indicator--shape-]:not(.e-form__indicators__indicator--shape-none){background-color:var(--e-form-steps-indicator-active-secondary-color,#fff)}.e-form__indicators__indicator--state-active object,.e-form__indicators__indicator--state-active svg{fill:var(--e-form-steps-indicator-active-primary-color,#39b54a)}.e-form__indicators__indicator--state-completed{color:var(--e-form-steps-indicator-completed-secondary-color,#fff)}.e-form__indicators__indicator--state-completed [class*=indicator--shape-]:not(.e-form__indicators__indicator--shape-none){background-color:var(--e-form-steps-indicator-completed-primary-color,#39b54a)}.e-form__indicators__indicator--state-completed .e-form__indicators__indicator__label{color:var(--e-form-steps-indicator-completed-primary-color,#39b54a)}.e-form__indicators__indicator--state-completed .e-form__indicators__indicator--shape-none{color:var(--e-form-steps-indicator-completed-primary-color,#39b54a);background-color:initial}.e-form__indicators__indicator--state-completed object,.e-form__indicators__indicator--state-completed svg{fill:var(--e-form-steps-indicator-completed-secondary-color,#fff)}.e-form__indicators__indicator__icon{width:var(--e-form-steps-indicator-padding,30px);height:var(--e-form-steps-indicator-padding,30px);font-size:var(--e-form-steps-indicator-icon-size);border-width:1px;border-style:solid;display:flex;justify-content:center;align-items:center;overflow:hidden;margin-bottom:10px}.e-form__indicators__indicator__icon img,.e-form__indicators__indicator__icon object,.e-form__indicators__indicator__icon svg{width:var(--e-form-steps-indicator-icon-size);height:auto}.e-form__indicators__indicator__icon .e-font-icon-svg{height:1em}.e-form__indicators__indicator__number{width:var(--e-form-steps-indicator-padding,30px);height:var(--e-form-steps-indicator-padding,30px);border-width:1px;border-style:solid;display:flex;justify-content:center;align-items:center;margin-bottom:10px}.e-form__indicators__indicator--shape-circle{border-radius:50%}.e-form__indicators__indicator--shape-square{border-radius:0}.e-form__indicators__indicator--shape-rounded{border-radius:5px}.e-form__indicators__indicator--shape-none{border:0}.e-form__indicators__indicator__label{text-align:center}.e-form__indicators__indicator__separator{width:100%;height:var(--e-form-steps-divider-width);background-color:#babfc5}.e-form__indicators--type-icon,.e-form__indicators--type-icon_text,.e-form__indicators--type-number,.e-form__indicators--type-number_text{align-items:flex-start}.e-form__indicators--type-icon .e-form__indicators__indicator__separator,.e-form__indicators--type-icon_text .e-form__indicators__indicator__separator,.e-form__indicators--type-number .e-form__indicators__indicator__separator,.e-form__indicators--type-number_text .e-form__indicators__indicator__separator{margin-top:calc(var(--e-form-steps-indicator-padding, 30px) \/ 2 - var(--e-form-steps-divider-width, 1px) \/ 2)}.elementor-field-type-hidden{display:none}.elementor-field-type-html{display:inline-block}.elementor-field-type-tel input{direction:inherit}.elementor-login .elementor-lost-password,.elementor-login .elementor-remember-me{font-size:.85em}.elementor-field-type-recaptcha_v3 .elementor-field-label{display:none}.elementor-field-type-recaptcha_v3 .grecaptcha-badge{z-index:1}.elementor-button .elementor-form-spinner{order:3}.elementor-form .elementor-button>span{display:flex;justify-content:center;align-items:center}.elementor-form .elementor-button .elementor-button-text{white-space:normal;flex-grow:0}.elementor-form .elementor-button svg{height:auto}.elementor-form .elementor-button .e-font-icon-svg{height:1em}.elementor-select-wrapper .select-caret-down-wrapper{position:absolute;top:50%;transform:translateY(-50%);inset-inline-end:10px;pointer-events:none;font-size:11px}.elementor-select-wrapper .select-caret-down-wrapper svg{display:unset;width:1em;aspect-ratio:unset;fill:currentColor}.elementor-select-wrapper .select-caret-down-wrapper i{font-size:19px;line-height:2}.elementor-select-wrapper.remove-before:before{content:\"\"!important}<\/style>\t\t<form class=\"elementor-form\" method=\"post\" name=\"Nouveau formulaire\">\n\t\t\t<input type=\"hidden\" name=\"post_id\" value=\"8565\"\/>\n\t\t\t<input type=\"hidden\" name=\"form_id\" value=\"a812023\"\/>\n\t\t\t<input type=\"hidden\" name=\"referer_title\" value=\"\" \/>\n\n\t\t\t\n\t\t\t<div class=\"elementor-form-fields-wrapper elementor-labels-\">\n\t\t\t\t\t\t\t\t<div class=\"elementor-field-type-text elementor-field-group elementor-column elementor-field-group-name elementor-col-100\">\n\t\t\t\t\t\t\t\t\t\t\t\t<label for=\"form-field-name\" class=\"elementor-field-label elementor-screen-only\">\n\t\t\t\t\t\t\t\tNom\t\t\t\t\t\t\t<\/label>\n\t\t\t\t\t\t\t\t\t\t\t\t\t\t<input size=\"1\" type=\"text\" name=\"form_fields[name]\" id=\"form-field-name\" class=\"elementor-field elementor-size-sm  elementor-field-textual\" placeholder=\"Nom\">\n\t\t\t\t\t\t\t\t\t\t\t<\/div>\n\t\t\t\t\t\t\t\t<div class=\"elementor-field-type-email elementor-field-group elementor-column elementor-field-group-email elementor-col-100 elementor-field-required\">\n\t\t\t\t\t\t\t\t\t\t\t\t<label for=\"form-field-email\" class=\"elementor-field-label elementor-screen-only\">\n\t\t\t\t\t\t\t\tCourriel\t\t\t\t\t\t\t<\/label>\n\t\t\t\t\t\t\t\t\t\t\t\t\t\t<input size=\"1\" type=\"email\" name=\"form_fields[email]\" id=\"form-field-email\" class=\"elementor-field elementor-size-sm  elementor-field-textual\" placeholder=\"Courriel\" required=\"required\" aria-required=\"true\">\n\t\t\t\t\t\t\t\t\t\t\t<\/div>\n\t\t\t\t\t\t\t\t<div class=\"elementor-field-type-textarea elementor-field-group elementor-column elementor-field-group-message elementor-col-100\">\n\t\t\t\t\t\t\t\t\t\t\t\t<label for=\"form-field-message\" class=\"elementor-field-label elementor-screen-only\">\n\t\t\t\t\t\t\t\tMessage\t\t\t\t\t\t\t<\/label>\n\t\t\t\t\t\t<textarea class=\"elementor-field-textual elementor-field  elementor-size-sm\" name=\"form_fields[message]\" id=\"form-field-message\" rows=\"4\" placeholder=\"Message\"><\/textarea>\t\t\t\t<\/div>\n\t\t\t\t\t\t\t\t<div class=\"elementor-field-group elementor-column elementor-field-type-submit elementor-col-100 e-form__buttons\">\n\t\t\t\t\t<button type=\"submit\" class=\"elementor-button elementor-size-sm\">\n\t\t\t\t\t\t<span >\n\t\t\t\t\t\t\t\t\t\t\t\t\t\t\t<span class=\" elementor-button-icon\">\n\t\t\t\t\t\t\t\t\t\t\t\t\t\t\t\t\t\t\t\t\t\t\t\t\t\t<\/span>\n\t\t\t\t\t\t\t\t\t\t\t\t\t\t\t\t\t\t\t\t\t\t<span class=\"elementor-button-text\">Envoyer<\/span>\n\t\t\t\t\t\t\t\t\t\t\t\t\t<\/span>\n\t\t\t\t\t<\/button>\n\t\t\t\t<\/div>\n\t\t\t<\/div>\n\t\t<\/form>\n\t\t\t\t<\/div>\n\t\t\t\t<\/div>\n\t\t\t\t\t<\/div>\n\t\t\t\t<\/div>\n\t\t\t\t<\/div>\n\t\t","protected":false},"excerpt":{"rendered":"<p>FAQs Quelle quantit\u00e9 d&rsquo;eau mon Rhino-Pod peut-il contenir ?Votre \u00e9vier int\u00e9gr\u00e9 Rhino-Pod (Cucinino Pod et Cubit) est fourni respectivement avec un r\u00e9servoir d&rsquo;eau propre de 10 ou 5 litres alimentant votre robinet et un r\u00e9servoir d&rsquo;eaux us\u00e9es de 10 ou 5 litres correspondant. O\u00f9 vont les eaux us\u00e9es ?Votre r\u00e9servoir d&rsquo;eaux us\u00e9es est reli\u00e9 \u00e0 [&hellip;]<\/p>\n","protected":false},"author":351,"featured_media":0,"parent":0,"menu_order":0,"comment_status":"closed","ping_status":"closed","template":"","meta":{"footnotes":""},"class_list":["post-8565","page","type-page","status-publish","hentry","_wholesalex wsx-wholesalex-product"],"_links":{"self":[{"href":"https:\/\/rhino-pods.com\/fr\/wp-json\/wp\/v2\/pages\/8565","targetHints":{"allow":["GET"]}}],"collection":[{"href":"https:\/\/rhino-pods.com\/fr\/wp-json\/wp\/v2\/pages"}],"about":[{"href":"https:\/\/rhino-pods.com\/fr\/wp-json\/wp\/v2\/types\/page"}],"author":[{"embeddable":true,"href":"https:\/\/rhino-pods.com\/fr\/wp-json\/wp\/v2\/users\/351"}],"replies":[{"embeddable":true,"href":"https:\/\/rhino-pods.com\/fr\/wp-json\/wp\/v2\/comments?post=8565"}],"version-history":[{"count":2,"href":"https:\/\/rhino-pods.com\/fr\/wp-json\/wp\/v2\/pages\/8565\/revisions"}],"predecessor-version":[{"id":8568,"href":"https:\/\/rhino-pods.com\/fr\/wp-json\/wp\/v2\/pages\/8565\/revisions\/8568"}],"wp:attachment":[{"href":"https:\/\/rhino-pods.com\/fr\/wp-json\/wp\/v2\/media?parent=8565"}],"curies":[{"name":"wp","href":"https:\/\/api.w.org\/{rel}","templated":true}]}}