{"id":8563,"date":"2025-10-02T14:52:51","date_gmt":"2025-10-02T13:52:51","guid":{"rendered":"https:\/\/rhino-pods.com\/connexion-b2b\/"},"modified":"2026-02-19T09:13:15","modified_gmt":"2026-02-19T09:13:15","slug":"connexion-b2b","status":"publish","type":"page","link":"https:\/\/rhino-pods.com\/fr\/connexion-b2b\/","title":{"rendered":"B2B"},"content":{"rendered":"\t\t<div data-elementor-type=\"wp-page\" data-elementor-id=\"8563\" class=\"elementor elementor-8563 elementor-5963\" data-elementor-post-type=\"page\">\n\t\t\t\t<div class=\"elementor-element elementor-element-949ec23 e-flex e-con-boxed e-con e-parent\" data-id=\"949ec23\" data-element_type=\"container\">\n\t\t\t\t\t<div class=\"e-con-inner\">\n\t\t\t\t<div class=\"elementor-element elementor-element-6831c06 elementor-widget elementor-widget-spacer\" data-id=\"6831c06\" data-element_type=\"widget\" data-widget_type=\"spacer.default\">\n\t\t\t\t<div class=\"elementor-widget-container\">\n\t\t\t<style>\/*! elementor - v3.21.0 - 26-05-2024 *\/\n.elementor-column .elementor-spacer-inner{height:var(--spacer-size)}.e-con{--container-widget-width:100%}.e-con-inner>.elementor-widget-spacer,.e-con>.elementor-widget-spacer{width:var(--container-widget-width,var(--spacer-size));--align-self:var(--container-widget-align-self,initial);--flex-shrink:0}.e-con-inner>.elementor-widget-spacer>.elementor-widget-container,.e-con>.elementor-widget-spacer>.elementor-widget-container{height:100%;width:100%}.e-con-inner>.elementor-widget-spacer>.elementor-widget-container>.elementor-spacer,.e-con>.elementor-widget-spacer>.elementor-widget-container>.elementor-spacer{height:100%}.e-con-inner>.elementor-widget-spacer>.elementor-widget-container>.elementor-spacer>.elementor-spacer-inner,.e-con>.elementor-widget-spacer>.elementor-widget-container>.elementor-spacer>.elementor-spacer-inner{height:var(--container-widget-height,var(--spacer-size))}.e-con-inner>.elementor-widget-spacer.elementor-widget-empty,.e-con>.elementor-widget-spacer.elementor-widget-empty{position:relative;min-height:22px;min-width:22px}.e-con-inner>.elementor-widget-spacer.elementor-widget-empty .elementor-widget-empty-icon,.e-con>.elementor-widget-spacer.elementor-widget-empty .elementor-widget-empty-icon{position:absolute;top:0;bottom:0;left:0;right:0;margin:auto;padding:0;width:22px;height:22px}<\/style>\t\t<div class=\"elementor-spacer\">\n\t\t\t<div class=\"elementor-spacer-inner\"><\/div>\n\t\t<\/div>\n\t\t\t\t<\/div>\n\t\t\t\t<\/div>\n\t\t\t\t<div class=\"elementor-element elementor-element-55a6595 elementor-widget elementor-widget-heading\" data-id=\"55a6595\" data-element_type=\"widget\" data-widget_type=\"heading.default\">\n\t\t\t\t<div class=\"elementor-widget-container\">\n\t\t\t<style>\/*! elementor - v3.21.0 - 26-05-2024 *\/\n.elementor-heading-title{padding:0;margin:0;line-height:1}.elementor-widget-heading .elementor-heading-title[class*=elementor-size-]>a{color:inherit;font-size:inherit;line-height:inherit}.elementor-widget-heading .elementor-heading-title.elementor-size-small{font-size:15px}.elementor-widget-heading .elementor-heading-title.elementor-size-medium{font-size:19px}.elementor-widget-heading .elementor-heading-title.elementor-size-large{font-size:29px}.elementor-widget-heading .elementor-heading-title.elementor-size-xl{font-size:39px}.elementor-widget-heading .elementor-heading-title.elementor-size-xxl{font-size:59px}<\/style><h2 class=\"elementor-heading-title elementor-size-default\">Connexion B2B<\/h2>\t\t<\/div>\n\t\t\t\t<\/div>\n\t\t\t\t\t<\/div>\n\t\t\t\t<\/div>\n\t\t<div class=\"elementor-element elementor-element-95295aa e-flex e-con-boxed e-con e-parent\" data-id=\"95295aa\" data-element_type=\"container\">\n\t\t\t\t\t<div class=\"e-con-inner\">\n\t\t<div class=\"elementor-element elementor-element-a251e0f e-flex e-con-boxed e-con e-child\" data-id=\"a251e0f\" data-element_type=\"container\">\n\t\t\t\t\t<div class=\"e-con-inner\">\n\t\t\t\t<div class=\"elementor-element elementor-element-329f4c0 elementor-widget elementor-widget-html\" data-id=\"329f4c0\" data-element_type=\"widget\" data-widget_type=\"html.default\">\n\t\t\t\t<div class=\"elementor-widget-container\">\n\t\t\t<style id=\"whx_form_css\"> :root { --wsx-input-color: #343A46;\n--wsx-input-bg: #FFF;\n--wsx-input-border-color: #E9E9F0;\n--wsx-input-placeholder-color: #6C6E77;\n--wsx-form-label-color: #343A46;\n--wsx-input-focus-color: #343A46;\n--wsx-input-focus-bg: #FFF;\n--wsx-input-focus-border-color: #6C6CFF;\n--wsx-form-label-color-active: #343A46;\n--wsx-input-warning-color: #FF6C6C;\n--wsx-input-warning-bg: #FFF;\n--wsx-input-warning-border-color: #FF6C6C;\n--wsx-form-label-color-warning: #343A46;\n--wsx-login-input-color: #343A46;\n--wsx-login-input-bg: #FFF;\n--wsx-login-input-border-color: #E9E9F0;\n--wsx-login-input-placeholder-color: #6C6E77;\n--wsx-login-form-label-color: #343A46;\n--wsx-login-input-focus-color: #343A46;\n--wsx-login-input-focus-bg: #FFF;\n--wsx-login-input-focus-border-color: #6C6CFF;\n--wsx-login-form-label-color-active: #343A46;\n--wsx-login-input-warning-color: #FF6C6C;\n--wsx-login-input-warning-bg: #FFF;\n--wsx-login-input-warning-border-color: #FF6C6C;\n--wsx-login-form-label-color-warning: #343A46;\n--wsx-form-button-color: #fff;\n--wsx-form-button-bg: #6C6CFF;\n--wsx-form-button-border-color: ;\n--wsx-form-button-hover-color: #fff;\n--wsx-form-button-hover-bg: #1a1ac3;\n--wsx-form-button-hover-border-color: ;\n--wsx-login-form-button-color: #fff;\n--wsx-login-form-button-bg: #6C6CFF;\n--wsx-login-form-button-border-color: ;\n--wsx-login-form-button-hover-color: #fff;\n--wsx-login-form-button-hover-bg: #1a1ac3;\n--wsx-login-form-button-hover-border-color: ;\n--wsx-form-container-bg: #FFF;\n--wsx-form-container-border-color: #E9E9F0;\n--wsx-form-reg-bg: #FFF;\n--wsx-form-reg-border-color: ;\n--wsx-login-bg: #FFF;\n--wsx-login-border-color: ;\n--wsx-form-label-font-size: 14px;\n--wsx-form-label-weight: 500;\n--wsx-form-label-case-transform: px;\n--wsx-input-font-size: 14px;\n--wsx-input-weight: 400;\n--wsx-input-case-transform: ;\n--wsx-form-button-font-size: 14px;\n--wsx-form-button-weight: 500;\n--wsx-form-button-case-transform: ;\n--wsx-input-padding: 16px;\n--wsx-input-width: 395px;\n--wsx-input-border-width: 1px;\n--wsx-input-border-radius: 2px;\n--wsx-form-button-padding: 13px;\n--wsx-form-button-width: 50%;\n--wsx-form-button-border-width: 0px;\n--wsx-form-button-border-radius: 2px;\n--wsx-form-button-align: left;\n--wsx-form-container-width: 1200px;\n--wsx-form-container-border-width: 1px;\n--wsx-form-container-border-radius: 16px;\n--wsx-form-container-padding: 0px;\n--wsx-form-container-separator: 1px;\n--wsx-login-width: px;\n--wsx-login-border-width: 0px;\n--wsx-login-padding: 54px;\n--wsx-login-border-radius: 16px;\n--wsx-form-reg-width: px;\n--wsx-form-reg-border-width: 0px;\n--wsx-form-reg-padding: 54px;\n--wsx-form-reg-border-radius: 16px;\n--wsx-login-title-font-size: 24px;\n--wsx-login-title-case-transform: ;\n--wsx-login-title-font-weight: 500;\n--wsx-login-title-color: #343A46;\n--wsx-login-description-font-size: 14px;\n--wsx-login-description-case-transform: ;\n--wsx-login-description-font-weight: 400;\n--wsx-login-description-color: #343A46;\n--wsx-reg-title-font-size: 24px;\n--wsx-reg-title-case-transform: ;\n--wsx-reg-title-font-weight: 500;\n--wsx-reg-title-color: #343A46;\n--wsx-reg-description-font-size: 14px;\n--wsx-reg-description-case-transform: ;\n--wsx-reg-description-font-weight: 400;\n--wsx-reg-description-color: #343A46;\n } <\/style><div class=\"woocommerce-notices-wrapper\"><\/div>\t\t\t<div id=\"whx_wrapper1\" class=\"wholesalex-form-wrapper wsx-form-wrapper_frontend wsx_variation_1\">\r\n\t\t\t<div class=\"wholesalex_circular_loading__wrapper\">\r\n\t\t\t\t<div class=\"wholesalex_loading_spinner\">\r\n\t\t\t\t\t<svg viewBox=\"25 25 50 50\" class=\"move_circular\">\r\n\t\t\t\t\t\t<circle\r\n\t\t\t\t\t\t\tcx=\"50\"\r\n\t\t\t\t\t\t\tcy=\"50\"\r\n\t\t\t\t\t\t\tr=\"20\"\r\n\t\t\t\t\t\t\tfill=\"none\"\r\n\t\t\t\t\t\t\tclass=\"wholesalex_circular_loading_icon\"\r\n\t\t\t\t\t\t><\/circle>\r\n\t\t\t\t\t<\/svg>\r\n\t\t\t\t<\/div>\r\n\t\t\t<\/div>\r\n\t\t\t\t<form class=\"wholesalex-login-form\" enctype=\"application\/x-www-form-urlencoded\">\r\n\t\t\t\t<div class=\"wholesalex-fields-wrapper wsx-login-fields wsx-fields-container\">\r\n\t\t\t\t\t<div class=\"wsx-reg-form-row \">\r\n\t\t\t\t\t\t\t\t\t\t<div data-wsx-exclude=\"\" class=\"wholesalex-registration-form-column left wsx-field  wsx-field-username\" style=\"\"> \r\n\t\t\t\t\t\t\r\n\t\t\t\t\t\t\t\t\t\t\t\t<div  class=\"wsx-form-field\">\r\n\t\t\t\t\t\t\t\t\t\t\t\t\t\t\t<div class=\"wsx-field-heading\">\r\n\t\t\t\t\t\t\t\t\t\t\t\t\t\t\t\t\t<label class='wsx-label wsx-label wsx-form-label' for=\"username\">\r\n\t\t\t\t\t\t\t\t\t\tUsername or email address\t\t\t\t\t\t\t\t\t\t\t\t\t\t\t\t\t\t\t<\/label>\r\n\t\t\t\t\t\t\t\t\t\t\t\t\t\t\t\t<\/div>\r\n\t\t\t\t\t\t\t\t\t\t\t\t\t\t\t\r\n\t\t\t\t\t\t\t<input class=\"wsx-input\" id=\"username\" type=\"text\" name=\"username\"  placeholder=\"\" \/>\r\n\t\t\t\t\t\t<\/div>\r\n\t\t\t\t\t\t\r\n\t\t\t\t\t\t\t\t\t\t\t\t<span class='wsx-form-field-warning-message username'><\/span>\r\n\t\t\t\t\t\t\t\t\t\t\t\t<\/div>\r\n\t\t\t\t\t\t\t\t\t<\/div>\r\n\t\t\t\t\t\t<div class=\"wsx-reg-form-row \">\r\n\t\t\t\t\t\t\t\t\t\t<div data-wsx-exclude=\"\" class=\"wholesalex-registration-form-column left wsx-field  wsx-field-password\" style=\"\"> \r\n\t\t\t\t\t\t\r\n\t\t\t\t\t\t\t\t\t\t\t\t<div class=\"wsx-form-field\">\r\n\t\t\t\t\t\t\t\t\t\t\t\t\t\t\t\t<div class=\"wsx-field-heading\">\r\n\t\t\t\t\t\t\t\t\t\t\t\t\t\t\t\t\t\t\t\t<label class='wsx-label wsx-form-label' for=\"password\">\r\n\t\t\t\t\t\t\t\t\t\t\tPassword\t\t\t\t\t\t\t\t\t\t\t\t\t\t\t\t\t\t\t\t\t\t<\/label>\r\n\t\t\t\t\t\t\t\t\t\t\t\t\t\t\t\t\t\t\t<\/div>\r\n\t\t\t\t\t\t\t\t\t\t\t\t\t\t\t\t\r\n\t\t\t\t\t\t\t<input class=\"wsx-input\" id=\"password\" type='password' name=\"password\"  minLength=\"\" maxLength=\"\" size=\"\"  placeholder=\"\" \/>\r\n\t\t\t\t\t\t<\/div>\r\n\t\t\t\t\t\t\t\t\t\t\t\t\t<span class='wsx-form-field-warning-message password'><\/span>\r\n\t\t\t\t\t\t\t\t\t\t\t\t<\/div>\r\n\t\t\t\t\t\t\t\t\t<\/div>\r\n\t\t\t\t\t\t<div class=\"wsx-reg-form-row \">\r\n\t\t\t\t\t\t\t\t\t\t<div data-wsx-exclude=\"\" class=\"wholesalex-registration-form-column left wsx-field  wsx-field-rememberme\" style=\"\"> \r\n\t\t\t\t\t\t\r\n\t\t\t\t\t\t\t\t\t\t\t\t<div class=\"wsx-form-field wsx-form-checkbox\">\r\n\t\t\t\t\t\t\t\t\t\t\t\t\t\t\r\n\t\t\t\t\t\t\t<div class=\"wsx-field-content\">\r\n\t\t\t\t\t\t\t\t\t\t\t\t\t\t\t\t\t<div class=\"wholesalex-field-wrap\">\r\n\t\t\t\t\t\t\t\t\t\t<input class=\"wsx-checkbox\" type=\"checkbox\" id=\"rememberme\" name=\"rememberme[]\" value=\"rememberme\" \/>\r\n\t\t\t\t\t\t\t\t\t\t<label class=\"wsx-label wsx-label\" for=\"Remember me\">Remember me<\/label>\r\n\t\t\t\t\t\t\t\t\t<\/div>\r\n\t\t\t\t\t\t\t\t\t\t\t\t\t\t\t<\/div>\r\n\t\t\t\t\t\t\t\t\t\t\t\t\t<\/div>\r\n\t\t\t\t\t\t\t<span class='wsx-form-field-warning-message rememberme'><\/span>\r\n\t\t\t\t\t\t\t\t\t\t\t\t<\/div>\r\n\t\t\t\t\t\t\t\t\t<\/div>\r\n\t\t\t\t\t<\/div>\r\n\r\n\t\t<input type=\"hidden\" name=\"action\" value=\"wholesalex_process_login\" \/>\r\n\r\n\t\t<input type=\"hidden\" id=\"wholesalex-login-nonce\" name=\"wholesalex-login-nonce\" value=\"75915af004\" \/><input type=\"hidden\" name=\"_wp_http_referer\" value=\"\/fr\/wp-json\/wp\/v2\/pages\/8563\" \/><div class=\"wsx-form-btn-wrapper\"><button class=\"wsx-login-btn \">Log in<\/button><\/div>\t\t\t<div class=\"wsx-reg-form-row \">\r\n\t\t\t\t<div class=\"wholesalex-registration-form-column left wsx-field woocommerce-LostPassword lost_password\"> \r\n\t\t\t\t\t<a class=\"wsx-link\" href=\"https:\/\/rhino-pods.com\/fr\/mon-compte\/lost-password\/\">Mot de passe perdu\u00a0?<\/a>\r\n\t\t\t\t<\/div>\r\n\t\t\t<\/div>\r\n\t\t\t\t<\/form>\r\n\t\t\t\t<\/div>\r\n\t\t\t\t<\/div>\n\t\t\t\t<\/div>\n\t\t\t\t\t<\/div>\n\t\t\t\t<\/div>\n\t\t<div class=\"elementor-element elementor-element-3fb6a39 e-flex e-con-boxed e-con e-child\" data-id=\"3fb6a39\" data-element_type=\"container\">\n\t\t\t\t\t<div class=\"e-con-inner\">\n\t\t\t\t<div class=\"elementor-element elementor-element-fa6ab3b elementor-widget elementor-widget-spacer\" data-id=\"fa6ab3b\" data-element_type=\"widget\" data-widget_type=\"spacer.default\">\n\t\t\t\t<div class=\"elementor-widget-container\">\n\t\t\t\t\t<div class=\"elementor-spacer\">\n\t\t\t<div class=\"elementor-spacer-inner\"><\/div>\n\t\t<\/div>\n\t\t\t\t<\/div>\n\t\t\t\t<\/div>\n\t\t\t\t<div class=\"elementor-element elementor-element-4398a9c elementor-widget elementor-widget-heading\" data-id=\"4398a9c\" data-element_type=\"widget\" data-widget_type=\"heading.default\">\n\t\t\t\t<div class=\"elementor-widget-container\">\n\t\t\t<p class=\"elementor-heading-title elementor-size-default\">Vous n'avez pas de compte ?<\/p>\t\t<\/div>\n\t\t\t\t<\/div>\n\t\t\t\t<div class=\"elementor-element elementor-element-b3c610d elementor-widget elementor-widget-text-editor\" data-id=\"b3c610d\" data-element_type=\"widget\" data-widget_type=\"text-editor.default\">\n\t\t\t\t<div class=\"elementor-widget-container\">\n\t\t\t<style>\/*! elementor - v3.21.0 - 26-05-2024 *\/\n.elementor-widget-text-editor.elementor-drop-cap-view-stacked .elementor-drop-cap{background-color:#69727d;color:#fff}.elementor-widget-text-editor.elementor-drop-cap-view-framed .elementor-drop-cap{color:#69727d;border:3px solid;background-color:transparent}.elementor-widget-text-editor:not(.elementor-drop-cap-view-default) .elementor-drop-cap{margin-top:8px}.elementor-widget-text-editor:not(.elementor-drop-cap-view-default) .elementor-drop-cap-letter{width:1em;height:1em}.elementor-widget-text-editor .elementor-drop-cap{float:left;text-align:center;line-height:1;font-size:50px}.elementor-widget-text-editor .elementor-drop-cap-letter{display:inline-block}<\/style>\t\t\t\t<p>Inscrivez-vous <u><b><i><a href=\"https:\/\/rhino-pods.com\/want-to-become-a-dealer-or-distributer\/\" target=\"_blank\" rel=\"noopener\">ici <\/a><\/i><\/b><\/u>et rejoignez notre r\u00e9seau europ\u00e9en d\u00e8s aujourd&rsquo;hui !<\/p>\t\t\t\t\t\t<\/div>\n\t\t\t\t<\/div>\n\t\t\t\t\t<\/div>\n\t\t\t\t<\/div>\n\t\t\t\t\t<\/div>\n\t\t\t\t<\/div>\n\t\t\t\t<\/div>\n\t\t","protected":false},"excerpt":{"rendered":"<p>Connexion B2B Vous n&rsquo;avez pas de compte ? Inscrivez-vous ici et rejoignez notre r\u00e9seau europ\u00e9en d\u00e8s aujourd&rsquo;hui !<\/p>\n","protected":false},"author":351,"featured_media":0,"parent":0,"menu_order":0,"comment_status":"closed","ping_status":"closed","template":"","meta":{"footnotes":""},"class_list":["post-8563","page","type-page","status-publish","hentry","_wholesalex wsx-wholesalex-product"],"_links":{"self":[{"href":"https:\/\/rhino-pods.com\/fr\/wp-json\/wp\/v2\/pages\/8563","targetHints":{"allow":["GET"]}}],"collection":[{"href":"https:\/\/rhino-pods.com\/fr\/wp-json\/wp\/v2\/pages"}],"about":[{"href":"https:\/\/rhino-pods.com\/fr\/wp-json\/wp\/v2\/types\/page"}],"author":[{"embeddable":true,"href":"https:\/\/rhino-pods.com\/fr\/wp-json\/wp\/v2\/users\/351"}],"replies":[{"embeddable":true,"href":"https:\/\/rhino-pods.com\/fr\/wp-json\/wp\/v2\/comments?post=8563"}],"version-history":[{"count":2,"href":"https:\/\/rhino-pods.com\/fr\/wp-json\/wp\/v2\/pages\/8563\/revisions"}],"predecessor-version":[{"id":8622,"href":"https:\/\/rhino-pods.com\/fr\/wp-json\/wp\/v2\/pages\/8563\/revisions\/8622"}],"wp:attachment":[{"href":"https:\/\/rhino-pods.com\/fr\/wp-json\/wp\/v2\/media?parent=8563"}],"curies":[{"name":"wp","href":"https:\/\/api.w.org\/{rel}","templated":true}]}}