{"id":1663,"date":"2024-03-28T05:42:01","date_gmt":"2024-03-28T05:42:01","guid":{"rendered":"https:\/politique-de-confidentialite\/"},"modified":"2026-02-18T18:28:53","modified_gmt":"2026-02-18T18:28:53","slug":"politique-de-confidentialite","status":"publish","type":"page","link":"https:\/\/rhino-pods.com\/fr\/politique-de-confidentialite\/","title":{"rendered":"Politique de confidentialit\u00e9"},"content":{"rendered":"\t\t<div data-elementor-type=\"wp-page\" data-elementor-id=\"1663\" class=\"elementor elementor-1663 elementor-611\" data-elementor-post-type=\"page\">\n\t\t\t\t<div class=\"elementor-element elementor-element-3ab99ebe e-flex e-con-boxed e-con e-parent\" data-id=\"3ab99ebe\" data-element_type=\"container\">\n\t\t\t\t\t<div class=\"e-con-inner\">\n\t\t\t\t<div class=\"elementor-element elementor-element-3c8a55e elementor-widget elementor-widget-spacer\" data-id=\"3c8a55e\" data-element_type=\"widget\" data-widget_type=\"spacer.default\">\n\t\t\t\t<div class=\"elementor-widget-container\">\n\t\t\t<style>\/*! elementor - v3.21.0 - 26-05-2024 *\/\n.elementor-column .elementor-spacer-inner{height:var(--spacer-size)}.e-con{--container-widget-width:100%}.e-con-inner>.elementor-widget-spacer,.e-con>.elementor-widget-spacer{width:var(--container-widget-width,var(--spacer-size));--align-self:var(--container-widget-align-self,initial);--flex-shrink:0}.e-con-inner>.elementor-widget-spacer>.elementor-widget-container,.e-con>.elementor-widget-spacer>.elementor-widget-container{height:100%;width:100%}.e-con-inner>.elementor-widget-spacer>.elementor-widget-container>.elementor-spacer,.e-con>.elementor-widget-spacer>.elementor-widget-container>.elementor-spacer{height:100%}.e-con-inner>.elementor-widget-spacer>.elementor-widget-container>.elementor-spacer>.elementor-spacer-inner,.e-con>.elementor-widget-spacer>.elementor-widget-container>.elementor-spacer>.elementor-spacer-inner{height:var(--container-widget-height,var(--spacer-size))}.e-con-inner>.elementor-widget-spacer.elementor-widget-empty,.e-con>.elementor-widget-spacer.elementor-widget-empty{position:relative;min-height:22px;min-width:22px}.e-con-inner>.elementor-widget-spacer.elementor-widget-empty .elementor-widget-empty-icon,.e-con>.elementor-widget-spacer.elementor-widget-empty .elementor-widget-empty-icon{position:absolute;top:0;bottom:0;left:0;right:0;margin:auto;padding:0;width:22px;height:22px}<\/style>\t\t<div class=\"elementor-spacer\">\n\t\t\t<div class=\"elementor-spacer-inner\"><\/div>\n\t\t<\/div>\n\t\t\t\t<\/div>\n\t\t\t\t<\/div>\n\t\t\t\t<div class=\"elementor-element elementor-element-1f862bc elementor-widget elementor-widget-heading\" data-id=\"1f862bc\" data-element_type=\"widget\" data-widget_type=\"heading.default\">\n\t\t\t\t<div class=\"elementor-widget-container\">\n\t\t\t<style>\/*! elementor - v3.21.0 - 26-05-2024 *\/\n.elementor-heading-title{padding:0;margin:0;line-height:1}.elementor-widget-heading .elementor-heading-title[class*=elementor-size-]>a{color:inherit;font-size:inherit;line-height:inherit}.elementor-widget-heading .elementor-heading-title.elementor-size-small{font-size:15px}.elementor-widget-heading .elementor-heading-title.elementor-size-medium{font-size:19px}.elementor-widget-heading .elementor-heading-title.elementor-size-large{font-size:29px}.elementor-widget-heading .elementor-heading-title.elementor-size-xl{font-size:39px}.elementor-widget-heading .elementor-heading-title.elementor-size-xxl{font-size:59px}<\/style><h2 class=\"elementor-heading-title elementor-size-default\">Politique de confidentialit\u00e9<\/h2>\t\t<\/div>\n\t\t\t\t<\/div>\n\t\t\t\t<div class=\"elementor-element elementor-element-54f205f5 elementor-widget elementor-widget-text-editor\" data-id=\"54f205f5\" data-element_type=\"widget\" data-widget_type=\"text-editor.default\">\n\t\t\t\t<div class=\"elementor-widget-container\">\n\t\t\t<style>\/*! elementor - v3.21.0 - 26-05-2024 *\/\n.elementor-widget-text-editor.elementor-drop-cap-view-stacked .elementor-drop-cap{background-color:#69727d;color:#fff}.elementor-widget-text-editor.elementor-drop-cap-view-framed .elementor-drop-cap{color:#69727d;border:3px solid;background-color:transparent}.elementor-widget-text-editor:not(.elementor-drop-cap-view-default) .elementor-drop-cap{margin-top:8px}.elementor-widget-text-editor:not(.elementor-drop-cap-view-default) .elementor-drop-cap-letter{width:1em;height:1em}.elementor-widget-text-editor .elementor-drop-cap{float:left;text-align:center;line-height:1;font-size:50px}.elementor-widget-text-editor .elementor-drop-cap-letter{display:inline-block}<\/style>\t\t\t\t<p>La pr\u00e9sente politique de confidentialit\u00e9 d\u00e9crit la mani\u00e8re dont Rhino Pods (le \u00ab\u00a0site\u00a0\u00bb, \u00ab\u00a0nous\u00a0\u00bb, \u00ab\u00a0notre\u00a0\u00bb ou \u00ab\u00a0nos\u00a0\u00bb) recueille, utilise et divulgue vos informations personnelles lorsque vous visitez, utilisez nos services ou effectuez un achat sur <a href=\"https:\/\">www.rhino-pods.com<\/a> (le \u00ab\u00a0site\u00a0\u00bb) ou communiquez avec nous de toute autre mani\u00e8re (collectivement, les \u00ab\u00a0services\u00a0\u00bb). Aux fins de la pr\u00e9sente politique de confidentialit\u00e9, \u00ab\u00a0vous\u00a0\u00bb et \u00ab\u00a0votre\u00a0\u00bb signifient que vous \u00eates l&rsquo;utilisateur des services, que vous soyez un client, un visiteur du site web ou une autre personne dont nous avons recueilli les informations conform\u00e9ment \u00e0 la pr\u00e9sente politique de confidentialit\u00e9.<\/p>\n<p>Veuillez lire attentivement cette politique de confidentialit\u00e9. En utilisant et en acc\u00e9dant \u00e0 l&rsquo;un des services, vous acceptez la collecte, l&rsquo;utilisation et la divulgation de vos informations telles que d\u00e9crites dans la pr\u00e9sente politique de confidentialit\u00e9. Si vous n&rsquo;acceptez pas la pr\u00e9sente politique de confidentialit\u00e9, veuillez ne pas utiliser, acheter ou acc\u00e9der aux services.<\/p>\n<p><strong><br><u>Modifications de la pr\u00e9sente politique de confidentialit\u00e9<\/u><\/strong><\/p>\n<p>Nous pouvons mettre \u00e0 jour la pr\u00e9sente politique de confidentialit\u00e9 de temps \u00e0 autre, notamment pour refl\u00e9ter les changements apport\u00e9s \u00e0 nos pratiques ou pour d&rsquo;autres raisons op\u00e9rationnelles, juridiques ou r\u00e9glementaires. Nous publierons la politique de confidentialit\u00e9 r\u00e9vis\u00e9e sur le site, mettrons \u00e0 jour la date de la \u00ab\u00a0derni\u00e8re mise \u00e0 jour\u00a0\u00bb et prendrons toute autre mesure requise par la loi applicable.<\/p>\n<p><strong><br><u>Comment nous collectons et utilisons vos informations personnelles<\/u><\/strong><\/p>\n<p>Pour fournir les services, nous collectons et avons collect\u00e9 des informations personnelles vous concernant \u00e0 partir de diverses sources. Les informations que nous recueillons et utilisons varient en fonction de la mani\u00e8re dont vous interagissez avec nous.<\/p>\n<p><strong><br><u>Quelles sont les informations personnelles que nous recueillons ?<\/u><\/strong><\/p>\n<p>Les types d&rsquo;informations personnelles que nous obtenons \u00e0 votre sujet d\u00e9pendent de la mani\u00e8re dont vous interagissez avec notre site et utilisez nos services. Lorsque nous utilisons le terme \u00ab\u00a0informations personnelles\u00a0\u00bb, nous faisons r\u00e9f\u00e9rence aux informations qui vous identifient, vous concernent, vous d\u00e9crivent ou peuvent \u00eatre associ\u00e9es \u00e0 vous. Les sections suivantes d\u00e9crivent les cat\u00e9gories et les types sp\u00e9cifiques d&rsquo;informations personnelles que nous collectons.<\/p>\n<p>Les informations que nous recueillons peuvent inclure:-<\/p>\n<ul>\n<li>Vos coordonn\u00e9es, notamment votre nom, votre adresse, votre num\u00e9ro de t\u00e9l\u00e9phone et votre adresse \u00e9lectronique.<\/li>\n<li>Informations relatives \u00e0 la commande, notamment votre nom, votre adresse de facturation, votre adresse de livraison, votre confirmation de paiement, votre adresse \u00e9lectronique et votre num\u00e9ro de t\u00e9l\u00e9phone.<\/li>\n<li>Informations sur les achats, y compris les articles que vous avez consult\u00e9s et mis dans votre panier<\/li>\n<li>Informations relatives \u00e0 l&rsquo;assistance \u00e0 la client\u00e8le, y compris les informations que vous choisissez d&rsquo;inclure dans les communications avec nous, par exemple lorsque vous envoyez un message par l&rsquo;interm\u00e9diaire des services.<\/li>\n<\/ul>\n<p><strong><br><u>Informations collect\u00e9es par le biais de cookies<\/u><\/strong><\/p>\n<p>Nous recueillons aussi automatiquement certaines informations sur votre interaction avec les services (\u00ab\u00a0donn\u00e9es d&rsquo;utilisation\u00a0\u00bb). Pour ce faire, nous pouvons utiliser des cookies, des pixels et des technologies similaires (\u00ab\u00a0cookies\u00a0\u00bb). Les donn\u00e9es d&rsquo;utilisation peuvent inclure des informations sur la mani\u00e8re dont vous acc\u00e9dez et utilisez notre site et votre compte, y compris des informations sur votre appareil, votre navigateur, votre connexion r\u00e9seau, votre adresse IP et d&rsquo;autres informations concernant votre interaction avec les services.<\/p>\n<p><strong><br><u>Informations obtenues aupr\u00e8s de tiers<\/u><\/strong><\/p>\n<p>Nous partagerons des donn\u00e9es avec nos prestataires de services de paiement, qui collectent des informations relatives au paiement (par exemple, compte bancaire, informations relatives \u00e0 la carte de cr\u00e9dit ou de d\u00e9bit, adresse de facturation) pour traiter votre paiement afin d&rsquo;ex\u00e9cuter vos commandes et de vous fournir les produits ou services que vous avez demand\u00e9s, afin d&rsquo;ex\u00e9cuter le contrat que nous avons conclu avec vous.<\/p>\n<p>Lorsque vous visitez notre site, ouvrez ou cliquez sur les courriels que nous vous envoyons, ou interagissez avec nos services ou nos publicit\u00e9s, nous, ou les tiers avec lesquels nous travaillons, pouvons collecter automatiquement certaines informations \u00e0 l&rsquo;aide de technologies de suivi en ligne telles que les pixels, les balises web, les kits de d\u00e9veloppement de logiciels, les biblioth\u00e8ques de tiers et les cookies.<\/p>\n<p>Toute information que nous obtenons de tiers sera trait\u00e9e conform\u00e9ment \u00e0 la pr\u00e9sente politique de confidentialit\u00e9. Nous ne sommes pas responsables de l&rsquo;exactitude des informations qui nous sont fournies par des tiers et nous ne sommes pas responsables des politiques ou des pratiques de ces tiers.<\/p>\n<p><strong><br><u>Comment nous utilisons vos informations personnelles<\/u><\/strong><\/p>\n<ul>\n<li>Fournir des produits et des services. Nous utilisons vos informations personnelles pour vous fournir les services afin d&rsquo;ex\u00e9cuter notre contrat avec vous, notamment pour traiter vos paiements, ex\u00e9cuter vos commandes, vous envoyer des notifications relatives \u00e0 votre compte, vos achats, vos retours, vos \u00e9changes ou d&rsquo;autres transactions, pour cr\u00e9er, maintenir et g\u00e9rer votre compte, pour organiser l&rsquo;exp\u00e9dition, faciliter les retours et les \u00e9changes et pour vous permettre de publier des avis.<\/li>\n<li>Marketing et publicit\u00e9. Nous utilisons vos informations personnelles \u00e0 des fins de marketing et de promotion, par exemple pour envoyer des communications marketing, publicitaires et promotionnelles par courrier \u00e9lectronique, SMS ou courrier postal, et pour vous montrer des publicit\u00e9s pour des produits ou des services. Cela peut inclure l&rsquo;utilisation de vos informations personnelles pour mieux adapter les services et la publicit\u00e9 sur notre site et d&rsquo;autres sites web.<\/li>\n<li>Communiquer avec vous. Nous utilisons vos informations personnelles pour vous fournir une assistance \u00e0 la client\u00e8le et am\u00e9liorer nos services. Ceci est dans notre int\u00e9r\u00eat l\u00e9gitime afin d&rsquo;\u00eatre \u00e0 votre \u00e9coute, de vous fournir des services efficaces et de maintenir notre relation d&rsquo;affaires avec vous.<\/li>\n<\/ul>\n<p><strong><br><u>Cookies<\/u><\/strong><\/p>\n<p>Comme de nombreux sites web, nous utilisons des cookies sur notre site. Nous pouvons \u00e9galement autoriser des tiers et des prestataires de services \u00e0 utiliser des cookies sur notre site afin de mieux adapter les services, les produits et la publicit\u00e9 sur notre site et d&rsquo;autres sites web.<\/p>\n<p>La plupart des navigateurs acceptent automatiquement les cookies par d\u00e9faut, mais vous pouvez choisir de configurer votre navigateur pour qu&rsquo;il supprime ou rejette les cookies par le biais de ses commandes. N&rsquo;oubliez pas que la suppression ou le blocage des cookies peut avoir un impact n\u00e9gatif sur votre exp\u00e9rience d&rsquo;utilisateur et que certains services, y compris certaines caract\u00e9ristiques et fonctionnalit\u00e9s g\u00e9n\u00e9rales, peuvent fonctionner de mani\u00e8re incorrecte ou ne plus \u00eatre disponibles. En outre, le blocage des cookies peut ne pas emp\u00eacher compl\u00e8tement la fa\u00e7on dont nous partageons des informations avec des tiers tels que nos partenaires publicitaires.<\/p>\n<p><strong><br><u>Comment nous divulguons les informations personnelles<\/u><\/strong><\/p>\n<p>Dans certaines circonstances, nous pouvons divulguer vos informations personnelles \u00e0 des tiers \u00e0 des fins l\u00e9gitimes, sous r\u00e9serve de la pr\u00e9sente politique de confidentialit\u00e9. Ces circonstances peuvent \u00eatre les suivantes :<\/p>\n<p>Avec des fournisseurs ou d&rsquo;autres tiers qui fournissent des services en notre nom (par exemple, la gestion informatique, le traitement des paiements, l&rsquo;analyse des donn\u00e9es, l&rsquo;assistance \u00e0 la client\u00e8le, le stockage dans le nuage, l&rsquo;ex\u00e9cution et l&rsquo;exp\u00e9dition).<\/p>\n<p>D\u00e9tails de l&rsquo;entreprise: Isabella Sabin t\/a Rhino-Pods&nbsp;<\/p>\n<p>&nbsp; &nbsp; &nbsp; &nbsp; &nbsp; &nbsp; &nbsp; &nbsp; &nbsp; &nbsp; &nbsp; &nbsp; &nbsp; &nbsp; &nbsp; &nbsp;Via della Luccola N. 9 Villa Minozzo<\/p>\n<p>&nbsp; &nbsp; &nbsp; &nbsp; &nbsp; &nbsp; &nbsp; &nbsp; &nbsp; &nbsp; &nbsp; &nbsp; &nbsp; &nbsp; &nbsp; &nbsp;P.IVA&nbsp;03125370357<\/p>\t\t\t\t\t\t<\/div>\n\t\t\t\t<\/div>\n\t\t\t\t\t<\/div>\n\t\t\t\t<\/div>\n\t\t\t\t<\/div>\n\t\t","protected":false},"excerpt":{"rendered":"<p>Politique de confidentialit\u00e9 La pr\u00e9sente politique de confidentialit\u00e9 d\u00e9crit la mani\u00e8re dont Rhino Pods (le \u00ab\u00a0site\u00a0\u00bb, \u00ab\u00a0nous\u00a0\u00bb, \u00ab\u00a0notre\u00a0\u00bb ou \u00ab\u00a0nos\u00a0\u00bb) recueille, utilise et divulgue vos informations personnelles lorsque vous visitez, utilisez nos services ou effectuez un achat sur www.rhino-pods.com (le \u00ab\u00a0site\u00a0\u00bb) ou communiquez avec nous de toute autre mani\u00e8re (collectivement, les \u00ab\u00a0services\u00a0\u00bb). Aux fins de [&hellip;]<\/p>\n","protected":false},"author":1,"featured_media":0,"parent":0,"menu_order":0,"comment_status":"closed","ping_status":"closed","template":"","meta":{"footnotes":""},"class_list":["post-1663","page","type-page","status-publish","hentry","_wholesalex wsx-wholesalex-product"],"_links":{"self":[{"href":"https:\/\/rhino-pods.com\/fr\/wp-json\/wp\/v2\/pages\/1663","targetHints":{"allow":["GET"]}}],"collection":[{"href":"https:\/\/rhino-pods.com\/fr\/wp-json\/wp\/v2\/pages"}],"about":[{"href":"https:\/\/rhino-pods.com\/fr\/wp-json\/wp\/v2\/types\/page"}],"author":[{"embeddable":true,"href":"https:\/\/rhino-pods.com\/fr\/wp-json\/wp\/v2\/users\/1"}],"replies":[{"embeddable":true,"href":"https:\/\/rhino-pods.com\/fr\/wp-json\/wp\/v2\/comments?post=1663"}],"version-history":[{"count":2,"href":"https:\/\/rhino-pods.com\/fr\/wp-json\/wp\/v2\/pages\/1663\/revisions"}],"predecessor-version":[{"id":8579,"href":"https:\/\/rhino-pods.com\/fr\/wp-json\/wp\/v2\/pages\/1663\/revisions\/8579"}],"wp:attachment":[{"href":"https:\/\/rhino-pods.com\/fr\/wp-json\/wp\/v2\/media?parent=1663"}],"curies":[{"name":"wp","href":"https:\/\/api.w.org\/{rel}","templated":true}]}}