{"id":4594,"date":"2025-03-06T18:42:23","date_gmt":"2025-03-06T18:42:23","guid":{"rendered":"https:\/sobre-nosotros\/"},"modified":"2026-02-18T19:21:58","modified_gmt":"2026-02-18T19:21:58","slug":"sobre-nosotros","status":"publish","type":"page","link":"https:\/\/rhino-pods.com\/es\/sobre-nosotros\/","title":{"rendered":"Sobre nosotros"},"content":{"rendered":"\t\t<div data-elementor-type=\"wp-page\" data-elementor-id=\"4594\" class=\"elementor elementor-4594 elementor-4079\" data-elementor-post-type=\"page\">\n\t\t\t\t<div class=\"elementor-element elementor-element-4169afb e-flex e-con-boxed e-con e-parent\" data-id=\"4169afb\" data-element_type=\"container\">\n\t\t\t\t\t<div class=\"e-con-inner\">\n\t\t\t\t<div class=\"elementor-element elementor-element-9d978ec elementor-widget elementor-widget-spacer\" data-id=\"9d978ec\" data-element_type=\"widget\" data-widget_type=\"spacer.default\">\n\t\t\t\t<div class=\"elementor-widget-container\">\n\t\t\t<style>\/*! elementor - v3.21.0 - 26-05-2024 *\/\n.elementor-column .elementor-spacer-inner{height:var(--spacer-size)}.e-con{--container-widget-width:100%}.e-con-inner>.elementor-widget-spacer,.e-con>.elementor-widget-spacer{width:var(--container-widget-width,var(--spacer-size));--align-self:var(--container-widget-align-self,initial);--flex-shrink:0}.e-con-inner>.elementor-widget-spacer>.elementor-widget-container,.e-con>.elementor-widget-spacer>.elementor-widget-container{height:100%;width:100%}.e-con-inner>.elementor-widget-spacer>.elementor-widget-container>.elementor-spacer,.e-con>.elementor-widget-spacer>.elementor-widget-container>.elementor-spacer{height:100%}.e-con-inner>.elementor-widget-spacer>.elementor-widget-container>.elementor-spacer>.elementor-spacer-inner,.e-con>.elementor-widget-spacer>.elementor-widget-container>.elementor-spacer>.elementor-spacer-inner{height:var(--container-widget-height,var(--spacer-size))}.e-con-inner>.elementor-widget-spacer.elementor-widget-empty,.e-con>.elementor-widget-spacer.elementor-widget-empty{position:relative;min-height:22px;min-width:22px}.e-con-inner>.elementor-widget-spacer.elementor-widget-empty .elementor-widget-empty-icon,.e-con>.elementor-widget-spacer.elementor-widget-empty .elementor-widget-empty-icon{position:absolute;top:0;bottom:0;left:0;right:0;margin:auto;padding:0;width:22px;height:22px}<\/style>\t\t<div class=\"elementor-spacer\">\n\t\t\t<div class=\"elementor-spacer-inner\"><\/div>\n\t\t<\/div>\n\t\t\t\t<\/div>\n\t\t\t\t<\/div>\n\t\t\t\t\t<\/div>\n\t\t\t\t<\/div>\n\t\t<div class=\"elementor-element elementor-element-801045d e-flex e-con-boxed e-con e-parent\" data-id=\"801045d\" data-element_type=\"container\">\n\t\t\t\t\t<div class=\"e-con-inner\">\n\t\t<div class=\"elementor-element elementor-element-4053e76 e-con-full e-flex e-con e-child\" data-id=\"4053e76\" data-element_type=\"container\">\n\t\t\t\t<div class=\"elementor-element elementor-element-3596c77 elementor-widget elementor-widget-heading\" data-id=\"3596c77\" data-element_type=\"widget\" data-widget_type=\"heading.default\">\n\t\t\t\t<div class=\"elementor-widget-container\">\n\t\t\t<style>\/*! elementor - v3.21.0 - 26-05-2024 *\/\n.elementor-heading-title{padding:0;margin:0;line-height:1}.elementor-widget-heading .elementor-heading-title[class*=elementor-size-]>a{color:inherit;font-size:inherit;line-height:inherit}.elementor-widget-heading .elementor-heading-title.elementor-size-small{font-size:15px}.elementor-widget-heading .elementor-heading-title.elementor-size-medium{font-size:19px}.elementor-widget-heading .elementor-heading-title.elementor-size-large{font-size:29px}.elementor-widget-heading .elementor-heading-title.elementor-size-xl{font-size:39px}.elementor-widget-heading .elementor-heading-title.elementor-size-xxl{font-size:59px}<\/style><h2 class=\"elementor-heading-title elementor-size-default\">Acerca de Rhino-Pods<\/h2>\t\t<\/div>\n\t\t\t\t<\/div>\n\t\t\t\t<div class=\"elementor-element elementor-element-adad703 elementor-widget elementor-widget-spacer\" data-id=\"adad703\" data-element_type=\"widget\" data-widget_type=\"spacer.default\">\n\t\t\t\t<div class=\"elementor-widget-container\">\n\t\t\t\t\t<div class=\"elementor-spacer\">\n\t\t\t<div class=\"elementor-spacer-inner\"><\/div>\n\t\t<\/div>\n\t\t\t\t<\/div>\n\t\t\t\t<\/div>\n\t\t\t\t<div class=\"elementor-element elementor-element-0fea298 elementor-widget elementor-widget-text-editor\" data-id=\"0fea298\" data-element_type=\"widget\" data-widget_type=\"text-editor.default\">\n\t\t\t\t<div class=\"elementor-widget-container\">\n\t\t\t<style>\/*! elementor - v3.21.0 - 26-05-2024 *\/\n.elementor-widget-text-editor.elementor-drop-cap-view-stacked .elementor-drop-cap{background-color:#69727d;color:#fff}.elementor-widget-text-editor.elementor-drop-cap-view-framed .elementor-drop-cap{color:#69727d;border:3px solid;background-color:transparent}.elementor-widget-text-editor:not(.elementor-drop-cap-view-default) .elementor-drop-cap{margin-top:8px}.elementor-widget-text-editor:not(.elementor-drop-cap-view-default) .elementor-drop-cap-letter{width:1em;height:1em}.elementor-widget-text-editor .elementor-drop-cap{float:left;text-align:center;line-height:1;font-size:50px}.elementor-widget-text-editor .elementor-drop-cap-letter{display:inline-block}<\/style>\t\t\t\t<p>Nos encanta el aire libre, y sobre todo cenar al aire libre. Disfrutar de momentos informales y relajados en la naturaleza con amigos y familiares nos ha dejado recuerdos inolvidables. <\/p><p>Cuando hablamos de comer al aire libre, la palabra \u00abalfresco\u00bb describe realmente los placeres que ofrece; captura la esencia de disfrutar del aire libre y del entorno natural. Ya sea en la playa, en un sendero, haciendo senderismo, pescando, escalando, en bicicleta, caminando o simplemente en el patio o jard\u00edn.  <\/p><p>Quer\u00edamos una forma de escapar cuando se nos ocurriera. Quer\u00edamos estar listos al instante para poder levantarnos e irnos en cualquier momento antes de que perdi\u00e9ramos el impulso. <\/p><p> Nos dimos cuenta de que el esfuerzo de planificar, reunir, organizar y prepararse para su aventura al aire libre era, con demasiada frecuencia, la barrera para realizar y disfrutar su pr\u00f3xima aventura al aire libre.<\/p><p>\u00a1Rhino fue creado para ayudar!<\/p><p>Rhino te ayuda a vivir la aventura al aire libre. Cocinas modulares listas para usar cuando la naturaleza te llama. Mantenlas llenas de lo b\u00e1sico para que solo tengas que cargar y salir. Esto s\u00ed que es cocinar para la aventura.   <\/p><p>La vida deber\u00eda ser una aventura. \u00a1Mejor empezar la aventura ahora!<\/p><p>Somos una peque\u00f1a empresa familiar, participamos en todo, desde el dise\u00f1o hasta la fabricaci\u00f3n; incluso nos encargamos de nuestras propias fotograf\u00edas y trabajos art\u00edsticos. Probamos cada prototipo de c\u00e1psula nosotros mismos y verificamos los dise\u00f1os en el campo para asegurarnos de que todo funcione correctamente. <\/p><p>La atenci\u00f3n al detalle nos permite vender con confianza. No se trata solo de una imagen renderizada en 3D: creamos prototipos reales, los probamos y modificamos nosotros mismos para garantizar que disfrutes de momentos al aire libre sin complicaciones y con la mayor diversi\u00f3n. <\/p><p>Dise\u00f1os realmente buenos: que realmente funcionan.<\/p><p>La belleza de la naturaleza nos rodea. \u00danete a nosotros, deja atr\u00e1s el bullicio y disfruta de una aventura al aire libre con un Rhino Pod y descubre lo que es importante en la vida. Crea recuerdos inolvidables al aire libre, ya sea solo, en pareja, con amigos y familiares.  <\/p><p>Rhino &#8211; Cocinando para la aventura<\/p>\t\t\t\t\t\t<\/div>\n\t\t\t\t<\/div>\n\t\t\t\t<\/div>\n\t\t<div class=\"elementor-element elementor-element-1f41f2a e-con-full e-flex e-con e-child\" data-id=\"1f41f2a\" data-element_type=\"container\">\n\t\t\t\t<div class=\"elementor-element elementor-element-36d1912 elementor-widget elementor-widget-spacer\" data-id=\"36d1912\" data-element_type=\"widget\" data-widget_type=\"spacer.default\">\n\t\t\t\t<div class=\"elementor-widget-container\">\n\t\t\t\t\t<div class=\"elementor-spacer\">\n\t\t\t<div class=\"elementor-spacer-inner\"><\/div>\n\t\t<\/div>\n\t\t\t\t<\/div>\n\t\t\t\t<\/div>\n\t\t\t\t<div class=\"elementor-element elementor-element-6493770 elementor-widget elementor-widget-image\" data-id=\"6493770\" data-element_type=\"widget\" data-widget_type=\"image.default\">\n\t\t\t\t<div class=\"elementor-widget-container\">\n\t\t\t<style>\/*! elementor - v3.21.0 - 26-05-2024 *\/\n.elementor-widget-image{text-align:center}.elementor-widget-image a{display:inline-block}.elementor-widget-image a img[src$=\".svg\"]{width:48px}.elementor-widget-image img{vertical-align:middle;display:inline-block}<\/style>\t\t\t\t\t\t\t\t\t\t<img fetchpriority=\"high\" decoding=\"async\" width=\"800\" height=\"534\" src=\"https:\/\/rhino-pods.com\/wp-content\/uploads\/2025\/08\/DSC_9002-1024x684.jpg\" class=\"attachment-large size-large wp-image-5707\" alt=\"\" srcset=\"https:\/\/rhino-pods.com\/wp-content\/uploads\/2025\/08\/DSC_9002-1024x684.jpg 1024w, https:\/\/rhino-pods.com\/wp-content\/uploads\/2025\/08\/DSC_9002-300x200.jpg 300w, https:\/\/rhino-pods.com\/wp-content\/uploads\/2025\/08\/DSC_9002-768x513.jpg 768w, https:\/\/rhino-pods.com\/wp-content\/uploads\/2025\/08\/DSC_9002-1536x1025.jpg 1536w, https:\/\/rhino-pods.com\/wp-content\/uploads\/2025\/08\/DSC_9002-2048x1367.jpg 2048w, https:\/\/rhino-pods.com\/wp-content\/uploads\/2025\/08\/DSC_9002-600x401.jpg 600w\" sizes=\"(max-width: 800px) 100vw, 800px\" \/>\t\t\t\t\t\t\t\t\t\t\t\t\t<\/div>\n\t\t\t\t<\/div>\n\t\t\t\t<div class=\"elementor-element elementor-element-8a5dfd6 elementor-widget elementor-widget-spacer\" data-id=\"8a5dfd6\" data-element_type=\"widget\" data-widget_type=\"spacer.default\">\n\t\t\t\t<div class=\"elementor-widget-container\">\n\t\t\t\t\t<div class=\"elementor-spacer\">\n\t\t\t<div class=\"elementor-spacer-inner\"><\/div>\n\t\t<\/div>\n\t\t\t\t<\/div>\n\t\t\t\t<\/div>\n\t\t\t\t<div class=\"elementor-element elementor-element-4c91fe6 elementor-widget elementor-widget-image\" data-id=\"4c91fe6\" data-element_type=\"widget\" data-widget_type=\"image.default\">\n\t\t\t\t<div class=\"elementor-widget-container\">\n\t\t\t\t\t\t\t\t\t\t\t\t\t<img decoding=\"async\" width=\"800\" height=\"800\" src=\"https:\/\/rhino-pods.com\/wp-content\/uploads\/2025\/04\/IMG_3279-1024x1024.jpeg\" class=\"attachment-large size-large wp-image-4267\" alt=\"\" srcset=\"https:\/\/rhino-pods.com\/wp-content\/uploads\/2025\/04\/IMG_3279-1024x1024.jpeg 1024w, https:\/\/rhino-pods.com\/wp-content\/uploads\/2025\/04\/IMG_3279-300x300.jpeg 300w, https:\/\/rhino-pods.com\/wp-content\/uploads\/2025\/04\/IMG_3279-150x150.jpeg 150w, https:\/\/rhino-pods.com\/wp-content\/uploads\/2025\/04\/IMG_3279-768x768.jpeg 768w, https:\/\/rhino-pods.com\/wp-content\/uploads\/2025\/04\/IMG_3279-600x600.jpeg 600w, https:\/\/rhino-pods.com\/wp-content\/uploads\/2025\/04\/IMG_3279-100x100.jpeg 100w, https:\/\/rhino-pods.com\/wp-content\/uploads\/2025\/04\/IMG_3279.jpeg 1536w\" sizes=\"(max-width: 800px) 100vw, 800px\" \/>\t\t\t\t\t\t\t\t\t\t\t\t\t<\/div>\n\t\t\t\t<\/div>\n\t\t\t\t<\/div>\n\t\t\t\t\t<\/div>\n\t\t\t\t<\/div>\n\t\t\t\t<\/div>\n\t\t","protected":false},"excerpt":{"rendered":"<p>Acerca de Rhino-Pods Nos encanta el aire libre, y sobre todo cenar al aire libre. Disfrutar de momentos informales y relajados en la naturaleza con amigos y familiares nos ha dejado recuerdos inolvidables. Cuando hablamos de comer al aire libre, la palabra \u00abalfresco\u00bb describe realmente los placeres que ofrece; captura la esencia de disfrutar del [&hellip;]<\/p>\n","protected":false},"author":4,"featured_media":0,"parent":0,"menu_order":0,"comment_status":"closed","ping_status":"closed","template":"","meta":{"footnotes":""},"class_list":["post-4594","page","type-page","status-publish","hentry","_wholesalex wsx-wholesalex-product"],"_links":{"self":[{"href":"https:\/\/rhino-pods.com\/es\/wp-json\/wp\/v2\/pages\/4594","targetHints":{"allow":["GET"]}}],"collection":[{"href":"https:\/\/rhino-pods.com\/es\/wp-json\/wp\/v2\/pages"}],"about":[{"href":"https:\/\/rhino-pods.com\/es\/wp-json\/wp\/v2\/types\/page"}],"author":[{"embeddable":true,"href":"https:\/\/rhino-pods.com\/es\/wp-json\/wp\/v2\/users\/4"}],"replies":[{"embeddable":true,"href":"https:\/\/rhino-pods.com\/es\/wp-json\/wp\/v2\/comments?post=4594"}],"version-history":[{"count":2,"href":"https:\/\/rhino-pods.com\/es\/wp-json\/wp\/v2\/pages\/4594\/revisions"}],"predecessor-version":[{"id":8599,"href":"https:\/\/rhino-pods.com\/es\/wp-json\/wp\/v2\/pages\/4594\/revisions\/8599"}],"wp:attachment":[{"href":"https:\/\/rhino-pods.com\/es\/wp-json\/wp\/v2\/media?parent=4594"}],"curies":[{"name":"wp","href":"https:\/\/api.w.org\/{rel}","templated":true}]}}