{"id":1796,"date":"2024-03-28T05:36:24","date_gmt":"2024-03-28T05:36:24","guid":{"rendered":"https:\/politica-de-devoluciones\/"},"modified":"2026-02-18T19:12:31","modified_gmt":"2026-02-18T19:12:31","slug":"politica-de-devoluciones","status":"publish","type":"page","link":"https:\/\/rhino-pods.com\/es\/politica-de-devoluciones\/","title":{"rendered":"T\u00e9rminos y condiciones"},"content":{"rendered":"\t\t<div data-elementor-type=\"wp-page\" data-elementor-id=\"1796\" class=\"elementor elementor-1796 elementor-609\" data-elementor-post-type=\"page\">\n\t\t\t\t<div class=\"elementor-element elementor-element-d890c3b e-flex e-con-boxed e-con e-parent\" data-id=\"d890c3b\" data-element_type=\"container\">\n\t\t\t\t\t<div class=\"e-con-inner\">\n\t\t\t\t<div class=\"elementor-element elementor-element-2340a20 elementor-widget elementor-widget-spacer\" data-id=\"2340a20\" data-element_type=\"widget\" data-widget_type=\"spacer.default\">\n\t\t\t\t<div class=\"elementor-widget-container\">\n\t\t\t<style>\/*! elementor - v3.21.0 - 26-05-2024 *\/\n.elementor-column .elementor-spacer-inner{height:var(--spacer-size)}.e-con{--container-widget-width:100%}.e-con-inner>.elementor-widget-spacer,.e-con>.elementor-widget-spacer{width:var(--container-widget-width,var(--spacer-size));--align-self:var(--container-widget-align-self,initial);--flex-shrink:0}.e-con-inner>.elementor-widget-spacer>.elementor-widget-container,.e-con>.elementor-widget-spacer>.elementor-widget-container{height:100%;width:100%}.e-con-inner>.elementor-widget-spacer>.elementor-widget-container>.elementor-spacer,.e-con>.elementor-widget-spacer>.elementor-widget-container>.elementor-spacer{height:100%}.e-con-inner>.elementor-widget-spacer>.elementor-widget-container>.elementor-spacer>.elementor-spacer-inner,.e-con>.elementor-widget-spacer>.elementor-widget-container>.elementor-spacer>.elementor-spacer-inner{height:var(--container-widget-height,var(--spacer-size))}.e-con-inner>.elementor-widget-spacer.elementor-widget-empty,.e-con>.elementor-widget-spacer.elementor-widget-empty{position:relative;min-height:22px;min-width:22px}.e-con-inner>.elementor-widget-spacer.elementor-widget-empty .elementor-widget-empty-icon,.e-con>.elementor-widget-spacer.elementor-widget-empty .elementor-widget-empty-icon{position:absolute;top:0;bottom:0;left:0;right:0;margin:auto;padding:0;width:22px;height:22px}<\/style>\t\t<div class=\"elementor-spacer\">\n\t\t\t<div class=\"elementor-spacer-inner\"><\/div>\n\t\t<\/div>\n\t\t\t\t<\/div>\n\t\t\t\t<\/div>\n\t\t\t\t\t<\/div>\n\t\t\t\t<\/div>\n\t\t<div class=\"elementor-element elementor-element-d1ef42c e-flex e-con-boxed e-con e-parent\" data-id=\"d1ef42c\" data-element_type=\"container\">\n\t\t\t\t\t<div class=\"e-con-inner\">\n\t\t\t\t<div class=\"elementor-element elementor-element-d65232f elementor-widget elementor-widget-text-editor\" data-id=\"d65232f\" data-element_type=\"widget\" data-widget_type=\"text-editor.default\">\n\t\t\t\t<div class=\"elementor-widget-container\">\n\t\t\t<style>\/*! elementor - v3.21.0 - 26-05-2024 *\/\n.elementor-widget-text-editor.elementor-drop-cap-view-stacked .elementor-drop-cap{background-color:#69727d;color:#fff}.elementor-widget-text-editor.elementor-drop-cap-view-framed .elementor-drop-cap{color:#69727d;border:3px solid;background-color:transparent}.elementor-widget-text-editor:not(.elementor-drop-cap-view-default) .elementor-drop-cap{margin-top:8px}.elementor-widget-text-editor:not(.elementor-drop-cap-view-default) .elementor-drop-cap-letter{width:1em;height:1em}.elementor-widget-text-editor .elementor-drop-cap{float:left;text-align:center;line-height:1;font-size:50px}.elementor-widget-text-editor .elementor-drop-cap-letter{display:inline-block}<\/style>\t\t\t\t<h2>T\u00e9rminos y condiciones<\/h2><p><strong><span style=\"text-decoration: underline;\">Garant\u00eda de por vida:<\/span><\/strong><br>Nuestra garant\u00eda de por vida significa que:<\/p><ul><li>Reemplace cualquier pieza defectuosa durante la vida \u00fatil del producto.<\/li><li>Suministramos cualquier pieza de repuesto que necesites<\/li><li>Brindar soporte y ayuda al cliente de por vida.<\/li><li>Para obtener m\u00e1s informaci\u00f3n, lea la secci\u00f3n &#8216;Cambios, reemplazos y repuestos&#8217; a continuaci\u00f3n o cont\u00e1ctenos en info@rhino-pods.com<\/li><\/ul><p> <\/p><p><strong><span style=\"text-decoration: underline;\">Cambios, Reemplazos y Repuestos<\/span><\/strong><\/p><ul><li>Solo reemplazamos art\u00edculos sin cargo si est\u00e1n defectuosos o da\u00f1ados debido a un error nuestro. Si necesita reemplazar art\u00edculos que no est\u00e1n defectuosos ni da\u00f1ados debido a un error nuestro, se los podemos proporcionar por un peque\u00f1o cargo. <\/li><li>Para cambios, reemplazos o repuestos env\u00edenos un correo electr\u00f3nico a info@rhino-pods.com<\/li><li>No se aceptar\u00e1n art\u00edculos devueltos sin solicitar primero un cambio o reemplazo.<\/li><\/ul><p> <\/p><p><strong><span style=\"text-decoration: underline;\">Da\u00f1ado<\/span><\/strong><\/p><ul><li>Por favor, inspecciona tu pedido a la llegada y ponte en contacto con nosotros inmediatamente si el art\u00edculo est\u00e1 defectuoso, da\u00f1ado o si recibes un art\u00edculo equivocado. Haremos todo lo posible por rectificar o sustituir el art\u00edculo.<\/li><\/ul><p> <\/p><p><span style=\"text-decoration: underline;\"><strong>Devoluciones y reembolsos:<\/strong><\/span><\/p><ul><li>Nuestra pol\u00edtica de reembolsos y devoluciones tiene una duraci\u00f3n de 14 d\u00edas. Si transcurren 14 d\u00edas desde la recepci\u00f3n del art\u00edculo, no podremos ofrecerle un reembolso completo. <\/li><li>Para poder optar a una devoluci\u00f3n, tu art\u00edculo debe estar sin usar y en las mismas condiciones en que lo recibiste. Tambi\u00e9n debe estar en el embalaje original.<\/li><li>Para completar tu devoluci\u00f3n, necesitamos un recibo o prueba de compra.<\/li><li>No se aceptar\u00e1n los art\u00edculos que nos sean devueltos sin haber solicitado previamente la devoluci\u00f3n.<\/li><\/ul><p>      <span style=\"text-decoration: underline;\">Hay determinadas situaciones en las que s\u00f3lo se conceden devoluciones parciales:<\/span><\/p><ul><li>Cualquier art\u00edculo que no est\u00e9 en su estado original, est\u00e9 da\u00f1ado o le falten piezas por motivos que no se deban a un error nuestro.<\/li><li>Cualquier art\u00edculo que se devuelva m\u00e1s de 14 d\u00edas despu\u00e9s de la entrega.<\/li><\/ul><p> <\/p><p><span style=\"text-decoration: underline;\"><strong>Reembolsos<\/strong><\/span><\/p><ul><li>Una vez recibida e inspeccionada tu devoluci\u00f3n, te enviaremos un correo electr\u00f3nico para notificarte que hemos recibido tu art\u00edculo devuelto. Tambi\u00e9n te notificaremos la aprobaci\u00f3n o denegaci\u00f3n de tu devoluci\u00f3n.<\/li><li>Si se aprueba, se procesar\u00e1 tu reembolso y se te reembolsar\u00e1 autom\u00e1ticamente a tu m\u00e9todo de pago original en un plazo de 10 d\u00edas h\u00e1biles. Recuerda que tu banco o entidad emisora \u200b\u200bde tarjeta de cr\u00e9dito tambi\u00e9n puede tardar un tiempo en procesar y contabilizar el reembolso. <\/li><li>Si han transcurrido m\u00e1s de 15 d\u00edas h\u00e1biles desde que aprobamos su devoluci\u00f3n, comun\u00edquese con nosotros a info@rhino-pods<\/li><\/ul><p> <\/p><p><span style=\"text-decoration: underline;\"><strong>Devoluciones de env\u00edos<\/strong><\/span><\/p><ul><li>Si se encuentra en el Reino Unido y desea devolver su producto, env\u00ede un correo electr\u00f3nico a info@rhino-pods para organizarlo.<\/li><li>Si se encuentra en Europa, para devolver su producto, debe enviarlo por correo a:<\/li><\/ul><p> Rhino-Pods<\/p><p> Via della Luccola 9<\/p><p> Tizzola<\/p><p> Minozzo<\/p><p> 42030 Reggio Emilia (RE)<\/p><p> Italia<\/p><ul><li>Ser\u00e1s responsable de pagar tus propios gastos de env\u00edo para devolver el art\u00edculo. Los gastos de env\u00edo podr\u00e1n ser reembolsados, una vez devuelto el art\u00edculo.<\/li><li>No garantizamos que recibamos tu art\u00edculo devuelto.<\/li><li>No se aceptar\u00e1n los art\u00edculos que nos sean devueltos sin haber solicitado previamente la devoluci\u00f3n.<\/li><\/ul><p> <\/p><p><span style=\"text-decoration: underline;\"><strong>Limitaci\u00f3n de responsabilidad e indemnizaci\u00f3n<\/strong><\/span><br>Al comprar y\/o usar cualquier producto vendido por Rhino-Pods.com, usted acepta expresamente como &#8216;Usuario&#8217; que el uso de nuestros productos implica riesgos inherentes, incluidos, entre otros, da\u00f1os al veh\u00edculo, da\u00f1os a la propiedad, lesiones corporales graves y muerte.<\/p><p>El usuario acepta indemnizar, defender y eximir de responsabilidad a Rhino-Pods.com, sus afiliados, funcionarios, directores, empleados y proveedores de y contra todos y cada uno de los reclamos, da\u00f1os, responsabilidades, costos y gastos (incluidos los honorarios legales razonables) que surjan de o est\u00e9n relacionados con:<\/p><p>(a) el uso, mal uso o imposibilidad de usar nuestros productos;<\/p><p>(b) cualquier modificaci\u00f3n, instalaci\u00f3n incorrecta o incumplimiento de las instrucciones incluidas;<\/p><p>(c) cualquier violaci\u00f3n de la ley o negligencia por parte del Usuario; o<\/p><p>(d) cualquier disputa entre el Usuario y un tercero (incluidas compa\u00f1\u00edas de seguros y fuerzas de seguridad).<\/p><p>En la medida m\u00e1xima permitida por la ley, usted acepta indemnizar y eximir a Rhino-Pods.com de cualquier responsabilidad, p\u00e9rdida, reclamo o gasto (incluidos los honorarios de abogados) que surjan de cualquier lesi\u00f3n a personas o propiedades causada por o relacionada con la instalaci\u00f3n, el uso o la falla de este equipo.<\/p><p> <\/p><p><span style=\"text-decoration: underline;\"><strong>\u00bfNecesitar ayuda?<\/strong><\/span><br>Cont\u00e1ctanos en info@rhino-pods.com para cualquier pregunta.<\/p><div> <\/div><h2> <\/h2>\t\t\t\t\t\t<\/div>\n\t\t\t\t<\/div>\n\t\t\t\t\t<\/div>\n\t\t\t\t<\/div>\n\t\t\t\t<\/div>\n\t\t","protected":false},"excerpt":{"rendered":"<p>T\u00e9rminos y condiciones Garant\u00eda de por vida:Nuestra garant\u00eda de por vida significa que: Reemplace cualquier pieza defectuosa durante la vida \u00fatil del producto. Suministramos cualquier pieza de repuesto que necesites Brindar soporte y ayuda al cliente de por vida. Para obtener m\u00e1s informaci\u00f3n, lea la secci\u00f3n &#8216;Cambios, reemplazos y repuestos&#8217; a continuaci\u00f3n o cont\u00e1ctenos en [&hellip;]<\/p>\n","protected":false},"author":1,"featured_media":0,"parent":0,"menu_order":0,"comment_status":"closed","ping_status":"closed","template":"","meta":{"footnotes":""},"class_list":["post-1796","page","type-page","status-publish","hentry","_wholesalex wsx-wholesalex-product"],"_links":{"self":[{"href":"https:\/\/rhino-pods.com\/es\/wp-json\/wp\/v2\/pages\/1796","targetHints":{"allow":["GET"]}}],"collection":[{"href":"https:\/\/rhino-pods.com\/es\/wp-json\/wp\/v2\/pages"}],"about":[{"href":"https:\/\/rhino-pods.com\/es\/wp-json\/wp\/v2\/types\/page"}],"author":[{"embeddable":true,"href":"https:\/\/rhino-pods.com\/es\/wp-json\/wp\/v2\/users\/1"}],"replies":[{"embeddable":true,"href":"https:\/\/rhino-pods.com\/es\/wp-json\/wp\/v2\/comments?post=1796"}],"version-history":[{"count":4,"href":"https:\/\/rhino-pods.com\/es\/wp-json\/wp\/v2\/pages\/1796\/revisions"}],"predecessor-version":[{"id":8589,"href":"https:\/\/rhino-pods.com\/es\/wp-json\/wp\/v2\/pages\/1796\/revisions\/8589"}],"wp:attachment":[{"href":"https:\/\/rhino-pods.com\/es\/wp-json\/wp\/v2\/media?parent=1796"}],"curies":[{"name":"wp","href":"https:\/\/api.w.org\/{rel}","templated":true}]}}