{"id":1782,"date":"2024-03-28T05:42:01","date_gmt":"2024-03-28T05:42:01","guid":{"rendered":"https:\/politica-de-privacidad\/"},"modified":"2026-02-18T19:27:25","modified_gmt":"2026-02-18T19:27:25","slug":"politica-de-privacidad","status":"publish","type":"page","link":"https:\/\/rhino-pods.com\/es\/politica-de-privacidad\/","title":{"rendered":"Pol\u00edtica de privacidad"},"content":{"rendered":"\t\t<div data-elementor-type=\"wp-page\" data-elementor-id=\"1782\" class=\"elementor elementor-1782 elementor-611\" data-elementor-post-type=\"page\">\n\t\t\t\t<div class=\"elementor-element elementor-element-3ab99ebe e-flex e-con-boxed e-con e-parent\" data-id=\"3ab99ebe\" data-element_type=\"container\">\n\t\t\t\t\t<div class=\"e-con-inner\">\n\t\t\t\t<div class=\"elementor-element elementor-element-3c8a55e elementor-widget elementor-widget-spacer\" data-id=\"3c8a55e\" data-element_type=\"widget\" data-widget_type=\"spacer.default\">\n\t\t\t\t<div class=\"elementor-widget-container\">\n\t\t\t<style>\/*! elementor - v3.21.0 - 26-05-2024 *\/\n.elementor-column .elementor-spacer-inner{height:var(--spacer-size)}.e-con{--container-widget-width:100%}.e-con-inner>.elementor-widget-spacer,.e-con>.elementor-widget-spacer{width:var(--container-widget-width,var(--spacer-size));--align-self:var(--container-widget-align-self,initial);--flex-shrink:0}.e-con-inner>.elementor-widget-spacer>.elementor-widget-container,.e-con>.elementor-widget-spacer>.elementor-widget-container{height:100%;width:100%}.e-con-inner>.elementor-widget-spacer>.elementor-widget-container>.elementor-spacer,.e-con>.elementor-widget-spacer>.elementor-widget-container>.elementor-spacer{height:100%}.e-con-inner>.elementor-widget-spacer>.elementor-widget-container>.elementor-spacer>.elementor-spacer-inner,.e-con>.elementor-widget-spacer>.elementor-widget-container>.elementor-spacer>.elementor-spacer-inner{height:var(--container-widget-height,var(--spacer-size))}.e-con-inner>.elementor-widget-spacer.elementor-widget-empty,.e-con>.elementor-widget-spacer.elementor-widget-empty{position:relative;min-height:22px;min-width:22px}.e-con-inner>.elementor-widget-spacer.elementor-widget-empty .elementor-widget-empty-icon,.e-con>.elementor-widget-spacer.elementor-widget-empty .elementor-widget-empty-icon{position:absolute;top:0;bottom:0;left:0;right:0;margin:auto;padding:0;width:22px;height:22px}<\/style>\t\t<div class=\"elementor-spacer\">\n\t\t\t<div class=\"elementor-spacer-inner\"><\/div>\n\t\t<\/div>\n\t\t\t\t<\/div>\n\t\t\t\t<\/div>\n\t\t\t\t<div class=\"elementor-element elementor-element-1f862bc elementor-widget elementor-widget-heading\" data-id=\"1f862bc\" data-element_type=\"widget\" data-widget_type=\"heading.default\">\n\t\t\t\t<div class=\"elementor-widget-container\">\n\t\t\t<style>\/*! elementor - v3.21.0 - 26-05-2024 *\/\n.elementor-heading-title{padding:0;margin:0;line-height:1}.elementor-widget-heading .elementor-heading-title[class*=elementor-size-]>a{color:inherit;font-size:inherit;line-height:inherit}.elementor-widget-heading .elementor-heading-title.elementor-size-small{font-size:15px}.elementor-widget-heading .elementor-heading-title.elementor-size-medium{font-size:19px}.elementor-widget-heading .elementor-heading-title.elementor-size-large{font-size:29px}.elementor-widget-heading .elementor-heading-title.elementor-size-xl{font-size:39px}.elementor-widget-heading .elementor-heading-title.elementor-size-xxl{font-size:59px}<\/style><h2 class=\"elementor-heading-title elementor-size-default\">Pol\u00edtica de privacidad<\/h2>\t\t<\/div>\n\t\t\t\t<\/div>\n\t\t\t\t<div class=\"elementor-element elementor-element-54f205f5 elementor-widget elementor-widget-text-editor\" data-id=\"54f205f5\" data-element_type=\"widget\" data-widget_type=\"text-editor.default\">\n\t\t\t\t<div class=\"elementor-widget-container\">\n\t\t\t<style>\/*! elementor - v3.21.0 - 26-05-2024 *\/\n.elementor-widget-text-editor.elementor-drop-cap-view-stacked .elementor-drop-cap{background-color:#69727d;color:#fff}.elementor-widget-text-editor.elementor-drop-cap-view-framed .elementor-drop-cap{color:#69727d;border:3px solid;background-color:transparent}.elementor-widget-text-editor:not(.elementor-drop-cap-view-default) .elementor-drop-cap{margin-top:8px}.elementor-widget-text-editor:not(.elementor-drop-cap-view-default) .elementor-drop-cap-letter{width:1em;height:1em}.elementor-widget-text-editor .elementor-drop-cap{float:left;text-align:center;line-height:1;font-size:50px}.elementor-widget-text-editor .elementor-drop-cap-letter{display:inline-block}<\/style>\t\t\t\t<p>Esta Pol\u00edtica de privacidad describe c\u00f3mo Rhino Pods (el \u00abSitio\u00bb, \u00abnosotros\u00bb, \u00abnos\u00bb o \u00abnuestro\u00bb) recopila, utiliza y divulga tu informaci\u00f3n personal cuando visitas, utilizas nuestros servicios o realizas una compra en <a href=\"https:\/\">www.rhino-pods.com<\/a> (el \u00abSitio\u00bb) o te comunicas con nosotros de cualquier otra forma (colectivamente, los \u00abServicios\u00bb). A efectos de esta Pol\u00edtica de Privacidad, \u00abt\u00fa\u00bb y \u00abtu\u00bb se refieren a ti como usuario de los Servicios, ya seas un cliente, un visitante del sitio web u otro individuo cuya informaci\u00f3n hayamos recopilado de conformidad con esta Pol\u00edtica de Privacidad.<\/p>\n<p>Lee atentamente esta Pol\u00edtica de privacidad. Al utilizar y acceder a cualquiera de los Servicios, aceptas la recopilaci\u00f3n, uso y divulgaci\u00f3n de tu informaci\u00f3n tal y como se describe en esta Pol\u00edtica de Privacidad. Si no est\u00e1s de acuerdo con esta Pol\u00edtica de Privacidad, no utilices, compres ni accedas a ninguno de los Servicios.<\/p>\n<p><strong><br><u>Cambios en esta Pol\u00edtica de Privacidad<\/u><\/strong><\/p>\n<p>Podemos actualizar esta Pol\u00edtica de Privacidad de vez en cuando, incluso para reflejar cambios en nuestras pr\u00e1cticas o por otras razones operativas, legales o normativas. Publicaremos la Pol\u00edtica de Privacidad revisada en el Sitio, actualizaremos la fecha de \u00ab\u00daltima actualizaci\u00f3n\u00bb y tomaremos cualquier otra medida exigida por la legislaci\u00f3n aplicable.<\/p>\n<p><strong><br><u>C\u00f3mo recogemos y utilizamos tus datos personales<\/u><\/strong><\/p>\n<p>Para prestar los Servicios, recogemos y hemos recogido informaci\u00f3n personal sobre ti de diversas fuentes. La informaci\u00f3n que recopilamos y utilizamos var\u00eda en funci\u00f3n de c\u00f3mo interact\u00faes con nosotros.<\/p>\n<p><strong><br><u>Qu\u00e9 informaci\u00f3n personal recogemos<\/u><\/strong><\/p>\n<p>Los tipos de informaci\u00f3n personal que obtenemos sobre ti dependen de c\u00f3mo interact\u00faes con nuestro Sitio y utilices nuestros Servicios. Cuando utilizamos el t\u00e9rmino \u00abinformaci\u00f3n personal\u00bb, nos referimos a la informaci\u00f3n que te identifica, se refiere a ti, te describe o puede asociarse contigo. Las siguientes secciones describen las categor\u00edas y tipos espec\u00edficos de informaci\u00f3n personal que recopilamos.<\/p>\n<p>La informaci\u00f3n que recopilamos puede incluir<\/p>\n<ul>\n<li>Datos de contacto, incluidos tu nombre, direcci\u00f3n, n\u00famero de tel\u00e9fono y correo electr\u00f3nico.<\/li>\n<li>Informaci\u00f3n del pedido, incluidos tu nombre, direcci\u00f3n de facturaci\u00f3n, direcci\u00f3n de env\u00edo, confirmaci\u00f3n del pago, direcci\u00f3n de correo electr\u00f3nico y n\u00famero de tel\u00e9fono.<\/li>\n<li>Informaci\u00f3n sobre la compra, incluidos los art\u00edculos que ves y pones en tu cesta<\/li>\n<li>Informaci\u00f3n de atenci\u00f3n al cliente, incluida la informaci\u00f3n que decidas incluir en las comunicaciones con nosotros, por ejemplo, al enviar un mensaje a trav\u00e9s de los Servicios.<\/li>\n<\/ul>\n<p><strong><br><u>Informaci\u00f3n que recopilamos a trav\u00e9s de cookies<\/u><\/strong><\/p>\n<p>Tambi\u00e9n recopilamos autom\u00e1ticamente cierta informaci\u00f3n sobre tu interacci\u00f3n con los Servicios (\u00abDatos de Uso\u00bb). Para ello, podemos utilizar cookies, p\u00edxeles y tecnolog\u00edas similares (\u00abCookies\u00bb). Los Datos de Uso pueden incluir informaci\u00f3n sobre c\u00f3mo accedes y utilizas nuestro Sitio y tu cuenta, incluyendo informaci\u00f3n del dispositivo, informaci\u00f3n del navegador, informaci\u00f3n sobre tu conexi\u00f3n de red, tu direcci\u00f3n IP y otra informaci\u00f3n relativa a tu interacci\u00f3n con los Servicios.<\/p>\n<p><strong><br><u>Informaci\u00f3n que obtenemos de terceros<\/u><\/strong><\/p>\n<p>Compartiremos datos con nuestros procesadores de pagos, que recopilan informaci\u00f3n de pago (por ejemplo, cuenta bancaria, informaci\u00f3n de la tarjeta de cr\u00e9dito o d\u00e9bito, direcci\u00f3n de facturaci\u00f3n) para procesar tu pago con el fin de cumplir tus pedidos y proporcionarte los productos o servicios que has solicitado, con el fin de cumplir nuestro contrato contigo.<\/p>\n<p>Cuando visitas nuestro Sitio, abres o haces clic en los correos electr\u00f3nicos que te enviamos, o interact\u00faas con nuestros Servicios o anuncios, nosotros, o terceros con los que trabajamos, podemos recopilar autom\u00e1ticamente cierta informaci\u00f3n utilizando tecnolog\u00edas de seguimiento en l\u00ednea como p\u00edxeles, balizas web, kits de desarrollo de software, bibliotecas de terceros y cookies.<\/p>\n<p>Cualquier informaci\u00f3n que obtengamos de terceros ser\u00e1 tratada de acuerdo con esta Pol\u00edtica de Privacidad. No somos responsables de la exactitud de la informaci\u00f3n que nos proporcionan terceros y no somos responsables de las pol\u00edticas o pr\u00e1cticas de terceros.<\/p>\n<p><strong><br><u>C\u00f3mo utilizamos tus datos personales<\/u><\/strong><\/p>\n<ul>\n<li>Suministro de productos y servicios. Utilizamos tus datos personales para prestarte los Servicios y cumplir nuestro contrato contigo, lo que incluye procesar tus pagos, cumplir tus pedidos, enviarte notificaciones relacionadas con tu cuenta, compras, devoluciones, cambios u otras transacciones, crear, mantener y gestionar tu cuenta, organizar los env\u00edos, facilitar las devoluciones y los cambios y permitirte publicar opiniones.<\/li>\n<li>Marketing y Publicidad. Utilizamos tus datos personales con fines de marketing y promoci\u00f3n, como enviar comunicaciones de marketing, publicidad y promoci\u00f3n por correo electr\u00f3nico, mensaje de texto o correo postal, y para mostrarte anuncios de productos o servicios. Esto puede incluir el uso de tu informaci\u00f3n personal para adaptar mejor los Servicios y la publicidad en nuestro Sitio y en otros sitios web.<\/li>\n<li>Comunicarnos contigo. Utilizamos tu informaci\u00f3n personal para proporcionarte asistencia al cliente y mejorar nuestros Servicios. Esto responde a nuestros intereses leg\u00edtimos para poder responderte, prestarte servicios eficaces y mantener nuestra relaci\u00f3n comercial contigo.<\/li>\n<\/ul>\n<p><strong><br><u>Cookies<\/u><\/strong><\/p>\n<p>Como muchos sitios web, utilizamos Cookies en nuestro Sitio. Tambi\u00e9n podemos permitir que terceros y proveedores de servicios utilicen Cookies en nuestro Sitio para adaptar mejor los servicios, productos y publicidad de nuestro Sitio y de otros sitios web.<\/p>\n<p>La mayor\u00eda de los navegadores aceptan autom\u00e1ticamente las Cookies por defecto, pero puedes elegir configurar tu navegador para que elimine o rechace las Cookies a trav\u00e9s de los controles de tu navegador. Ten en cuenta que eliminar o bloquear las Cookies puede afectar negativamente a tu experiencia de usuario y puede hacer que algunos de los Servicios, incluidas ciertas caracter\u00edsticas y funcionalidades generales, funcionen incorrectamente o dejen de estar disponibles. Adem\u00e1s, bloquear las Cookies puede no impedir completamente que compartamos informaci\u00f3n con terceros, como nuestros socios publicitarios.<\/p>\n<p><strong><br><u>C\u00f3mo revelamos la informaci\u00f3n personal<\/u><\/strong><\/p>\n<p>En determinadas circunstancias, podemos revelar tu informaci\u00f3n personal a terceros para fines leg\u00edtimos sujetos a esta Pol\u00edtica de Privacidad. Tales circunstancias pueden incluir:<\/p>\n<p>Con proveedores u otros terceros que prestan servicios en nuestro nombre (por ejemplo, gesti\u00f3n de TI, procesamiento de pagos, an\u00e1lisis de datos, atenci\u00f3n al cliente, almacenamiento en la nube, cumplimiento y env\u00edo).<\/p>\n<p>Detalles de la empresa: Isabella Sabin t\/a Rhino-Pods&nbsp;<\/p>\n<p>&nbsp; &nbsp; &nbsp; &nbsp; &nbsp; &nbsp; &nbsp; &nbsp; &nbsp; &nbsp; &nbsp; &nbsp; &nbsp; &nbsp; &nbsp; &nbsp;Via della Luccola N. 9 Villa Minozzo<\/p>\n<p>&nbsp; &nbsp; &nbsp; &nbsp; &nbsp; &nbsp; &nbsp; &nbsp; &nbsp; &nbsp; &nbsp; &nbsp; &nbsp; &nbsp; &nbsp; &nbsp;P.IVA&nbsp;03125370357<\/p>\t\t\t\t\t\t<\/div>\n\t\t\t\t<\/div>\n\t\t\t\t\t<\/div>\n\t\t\t\t<\/div>\n\t\t\t\t<\/div>\n\t\t","protected":false},"excerpt":{"rendered":"<p>Pol\u00edtica de privacidad Esta Pol\u00edtica de privacidad describe c\u00f3mo Rhino Pods (el \u00abSitio\u00bb, \u00abnosotros\u00bb, \u00abnos\u00bb o \u00abnuestro\u00bb) recopila, utiliza y divulga tu informaci\u00f3n personal cuando visitas, utilizas nuestros servicios o realizas una compra en www.rhino-pods.com (el \u00abSitio\u00bb) o te comunicas con nosotros de cualquier otra forma (colectivamente, los \u00abServicios\u00bb). A efectos de esta Pol\u00edtica de [&hellip;]<\/p>\n","protected":false},"author":1,"featured_media":0,"parent":0,"menu_order":0,"comment_status":"closed","ping_status":"closed","template":"","meta":{"footnotes":""},"class_list":["post-1782","page","type-page","status-publish","hentry","_wholesalex wsx-wholesalex-product"],"_links":{"self":[{"href":"https:\/\/rhino-pods.com\/es\/wp-json\/wp\/v2\/pages\/1782","targetHints":{"allow":["GET"]}}],"collection":[{"href":"https:\/\/rhino-pods.com\/es\/wp-json\/wp\/v2\/pages"}],"about":[{"href":"https:\/\/rhino-pods.com\/es\/wp-json\/wp\/v2\/types\/page"}],"author":[{"embeddable":true,"href":"https:\/\/rhino-pods.com\/es\/wp-json\/wp\/v2\/users\/1"}],"replies":[{"embeddable":true,"href":"https:\/\/rhino-pods.com\/es\/wp-json\/wp\/v2\/comments?post=1782"}],"version-history":[{"count":2,"href":"https:\/\/rhino-pods.com\/es\/wp-json\/wp\/v2\/pages\/1782\/revisions"}],"predecessor-version":[{"id":8603,"href":"https:\/\/rhino-pods.com\/es\/wp-json\/wp\/v2\/pages\/1782\/revisions\/8603"}],"wp:attachment":[{"href":"https:\/\/rhino-pods.com\/es\/wp-json\/wp\/v2\/media?parent=1782"}],"curies":[{"name":"wp","href":"https:\/\/api.w.org\/{rel}","templated":true}]}}