{"id":8015,"date":"2025-08-13T08:48:34","date_gmt":"2025-08-13T07:48:34","guid":{"rendered":"https:\/\/rhino-pods.com\/faqs\/"},"modified":"2026-02-17T15:14:40","modified_gmt":"2026-02-17T15:14:40","slug":"faqs","status":"publish","type":"page","link":"https:\/\/rhino-pods.com\/de\/faqs\/","title":{"rendered":"FAQs"},"content":{"rendered":"\t\t<div data-elementor-type=\"wp-page\" data-elementor-id=\"8015\" class=\"elementor elementor-8015 elementor-5576\" data-elementor-post-type=\"page\">\n\t\t\t\t<div class=\"elementor-element elementor-element-3ea1680 e-flex e-con-boxed e-con e-parent\" data-id=\"3ea1680\" data-element_type=\"container\">\n\t\t\t\t\t<div class=\"e-con-inner\">\n\t\t\t\t<div class=\"elementor-element elementor-element-0c8b726 elementor-widget elementor-widget-spacer\" data-id=\"0c8b726\" data-element_type=\"widget\" data-widget_type=\"spacer.default\">\n\t\t\t\t<div class=\"elementor-widget-container\">\n\t\t\t<style>\/*! elementor - v3.21.0 - 26-05-2024 *\/\n.elementor-column .elementor-spacer-inner{height:var(--spacer-size)}.e-con{--container-widget-width:100%}.e-con-inner>.elementor-widget-spacer,.e-con>.elementor-widget-spacer{width:var(--container-widget-width,var(--spacer-size));--align-self:var(--container-widget-align-self,initial);--flex-shrink:0}.e-con-inner>.elementor-widget-spacer>.elementor-widget-container,.e-con>.elementor-widget-spacer>.elementor-widget-container{height:100%;width:100%}.e-con-inner>.elementor-widget-spacer>.elementor-widget-container>.elementor-spacer,.e-con>.elementor-widget-spacer>.elementor-widget-container>.elementor-spacer{height:100%}.e-con-inner>.elementor-widget-spacer>.elementor-widget-container>.elementor-spacer>.elementor-spacer-inner,.e-con>.elementor-widget-spacer>.elementor-widget-container>.elementor-spacer>.elementor-spacer-inner{height:var(--container-widget-height,var(--spacer-size))}.e-con-inner>.elementor-widget-spacer.elementor-widget-empty,.e-con>.elementor-widget-spacer.elementor-widget-empty{position:relative;min-height:22px;min-width:22px}.e-con-inner>.elementor-widget-spacer.elementor-widget-empty .elementor-widget-empty-icon,.e-con>.elementor-widget-spacer.elementor-widget-empty .elementor-widget-empty-icon{position:absolute;top:0;bottom:0;left:0;right:0;margin:auto;padding:0;width:22px;height:22px}<\/style>\t\t<div class=\"elementor-spacer\">\n\t\t\t<div class=\"elementor-spacer-inner\"><\/div>\n\t\t<\/div>\n\t\t\t\t<\/div>\n\t\t\t\t<\/div>\n\t\t\t\t<div class=\"elementor-element elementor-element-4ff3e8d elementor-widget elementor-widget-heading\" data-id=\"4ff3e8d\" data-element_type=\"widget\" data-widget_type=\"heading.default\">\n\t\t\t\t<div class=\"elementor-widget-container\">\n\t\t\t<style>\/*! elementor - v3.21.0 - 26-05-2024 *\/\n.elementor-heading-title{padding:0;margin:0;line-height:1}.elementor-widget-heading .elementor-heading-title[class*=elementor-size-]>a{color:inherit;font-size:inherit;line-height:inherit}.elementor-widget-heading .elementor-heading-title.elementor-size-small{font-size:15px}.elementor-widget-heading .elementor-heading-title.elementor-size-medium{font-size:19px}.elementor-widget-heading .elementor-heading-title.elementor-size-large{font-size:29px}.elementor-widget-heading .elementor-heading-title.elementor-size-xl{font-size:39px}.elementor-widget-heading .elementor-heading-title.elementor-size-xxl{font-size:59px}<\/style><h2 class=\"elementor-heading-title elementor-size-default\">FAQs<\/h2>\t\t<\/div>\n\t\t\t\t<\/div>\n\t\t\t\t<div class=\"elementor-element elementor-element-764fb40 elementor-widget elementor-widget-text-editor\" data-id=\"764fb40\" data-element_type=\"widget\" data-widget_type=\"text-editor.default\">\n\t\t\t\t<div class=\"elementor-widget-container\">\n\t\t\t<style>\/*! elementor - v3.21.0 - 26-05-2024 *\/\n.elementor-widget-text-editor.elementor-drop-cap-view-stacked .elementor-drop-cap{background-color:#69727d;color:#fff}.elementor-widget-text-editor.elementor-drop-cap-view-framed .elementor-drop-cap{color:#69727d;border:3px solid;background-color:transparent}.elementor-widget-text-editor:not(.elementor-drop-cap-view-default) .elementor-drop-cap{margin-top:8px}.elementor-widget-text-editor:not(.elementor-drop-cap-view-default) .elementor-drop-cap-letter{width:1em;height:1em}.elementor-widget-text-editor .elementor-drop-cap{float:left;text-align:center;line-height:1;font-size:50px}.elementor-widget-text-editor .elementor-drop-cap-letter{display:inline-block}<\/style>\t\t\t\t<p><strong>Wie viel Wasser fasst mein Rhino-Pod?<br><\/strong><em>Ihr integriertes Sp\u00fclbecken Rhino-Pod (Cucinino Pod und Cubit) wird jeweils mit einem 10- oder 5-Liter-Frischwasserbeh\u00e4lter zur Versorgung Ihres Wasserhahns und einem passenden 10- oder 5-Liter-Abwasserbeh\u00e4lter zur Aufnahme Ihres Abwassers geliefert.<\/em><\/p>\n<p><strong>Wohin wird das Abwasser geleitet?<\/strong><br><em>Ihr Abwasserbeh\u00e4lter ist mit dem St\u00f6psel Ihrer Sp\u00fcle verbunden und f\u00e4ngt Ihr verbrauchtes Wasser auf. Der Beh\u00e4lter ist zur Entsorgung abnehmbar.<\/em><\/p>\n<p><strong>Kann ich alle H\u00fclsen zerlegen?<br><\/strong><em>Die Cucinino- und Cambio-Pods lassen sich beide leicht demontieren. Alle Paneele und Regalb\u00f6den werden einfach zusammengesteckt und eingerastet und k\u00f6nnen so zur Aufbewahrung auseinandergenommen werden. Alle anderen Pods sind vormontiert.  <\/em><\/p>\n<p><strong>Muss ich mein Rhino-Pod an etwas befestigen?<\/strong><br><em>Die Rhino-Pods sind sehr stabil. Die untere Ablage verf\u00fcgt \u00fcber Schlitze f\u00fcr zus\u00e4tzliche Befestigungen und Heringe, um sie bei Bedarf am Boden zu sichern. Auch die Au\u00dfenw\u00e4nde sind mit Schlitzen versehen, die je nach Aufstellungsort (Fahrzeug oder Au\u00dfenbereich) zur Befestigung von Gurten und\/oder Heringen genutzt werden k\u00f6nnen. Bei Verwendung der integrierten Beine empfehlen wir einen festen Untergrund und die Verwendung von handels\u00fcblichen Zeltheringen zur Befestigung aller Beine. Bei Verwendung in einem Transporter, einer Heckklappe oder einem Kofferraum empfehlen wir die Verwendung von Gurten zur Sicherung des Pods.  <\/em><\/p>\n<p><strong>Wo bewahre ich meine Kocher\/Brenner auf?<br><\/strong><em>Im Cambio-Pod k\u00f6nnen sie auf einem der beiden Regalb\u00f6den im Inneren aufbewahrt werden, im Sp\u00fclbecken-Pod befindet sich im vorderen Bereich der Flaschen Platz f\u00fcr zwei einzelne Standardbrenner und im Cubit befindet sich im vorderen Bereich vor den Flaschen Platz f\u00fcr einen Standardbrenner.<\/em><\/p>\n<p><strong>Ist in meiner Kapsel ein Kochfeld\/Kochherd enthalten?<br><\/strong>Wir liefern keine \u00d6fen mit unseren Pods \u2013 allerdings haben wir unsere Pods so konzipiert, dass sie die meisten auf dem Markt erh\u00e4ltlichen \u00d6fen aufnehmen k\u00f6nnen. Sollten Sie Zweifel haben, ob ein bestimmter Ofen passt, fragen Sie bitte vor dem Kauf bei uns nach.<\/p>\n<p><strong>Wie lade ich meinen kabellosen Wasserhahn auf?<\/strong><br><em>Der Wasserhahn sollte anfangs 2-3 Stunden aufgeladen werden, danach reicht er f\u00fcr mehrere Tage Nutzung. Beim Aufladen leuchtet das Licht rot, bis es bei voller Ladung blau wird.  Das Ladekabel ist im Lieferumfang Ihres Pods enthalten.<\/em><\/p>\n<p><strong>Passt einer der generischen Kocher?<\/strong><br><em>Auf die klappbaren Ablagen passen handels\u00fcbliche Einzelkochfelder. Fragen Sie uns gerne, wenn Sie sich unsicher sind. <\/em><\/p>\n<p><strong>Kann ich den Rhino-Pod im Freien verwenden?<\/strong><br><em>Ja, alle Pods sind f\u00fcr die Verwendung im Freien geeignet, wetterfest und wasserdicht.<\/em><\/p>\n<p><strong>Kann ich den Rhino-Pod in Innenr\u00e4umen verwenden?<\/strong><br><em>Ja, die Pods sind f\u00fcr den Gebrauch in Innenr\u00e4umen geeignet<\/em><\/p>\n<p><strong>Wie schwer ist das Rhino-Pod?<\/strong><br><em>Alle unsere Produkte k\u00f6nnen von einer Person angehoben werden.<\/em><\/p>\n<p><em>Ohne Wasser wiegt die Cucinino-Pod 25 kg.<\/em><\/p>\n<p><em>Ohne Wasser wiegt The Cubit-Pod 15 kg.<\/em><\/p>\n<p><em>Die Cambio-Pod wiegt 18 kg.<\/em><\/p>\n<p><em>Der Manta Pod wiegt 12 kg.<\/em><\/p>\n<p><em>Der Tavo Pod wiegt 16 kg.<\/em><\/p>\n<p><em>Der Chuck Pod wiegt 20 kg.<\/em><\/p>\n<p><strong>Ben\u00f6tige ich spezielle Reinigungsmittel, um mein Rhino-Pod zu reinigen?<\/strong><br><em>Nein, Ihr Rhino-Pod ist gegen fast alle Chemikalien und Reinigungsmittel resistent und kann einfach abgewischt werden.\nEr kann sogar mit dem Wasserstrahl abgespritzt oder gewaschen werden! <\/em><\/p>\n<p><strong>Wird mein Rhino-Pod zusammengebaut geliefert?<\/strong><br><em>Wenn Ihr Rhino-Pod zerlegbar ist, wird er flach verpackt geliefert, andernfalls wird Ihr Rhino-Pod vollst\u00e4ndig montiert geliefert. Dank unseres einzigartigen, integrierten Klickverschlusssystems lassen sich Ihre Cucinino- und Cambio-Pods m\u00fchelos auseinandernehmen und wieder zusammensetzen \u2013 ganz ohne Schrauben oder Bolzen, mit denen man sich herum\u00e4rgern oder die man verlieren k\u00f6nnte.<\/em><\/p>\t\t\t\t\t\t<\/div>\n\t\t\t\t<\/div>\n\t\t\t\t\t<\/div>\n\t\t\t\t<\/div>\n\t\t<div class=\"elementor-element elementor-element-edece18 e-flex e-con-boxed e-con e-parent\" data-id=\"edece18\" data-element_type=\"container\">\n\t\t\t\t\t<div class=\"e-con-inner\">\n\t\t\t\t<div class=\"elementor-element elementor-element-b6c107c elementor-widget elementor-widget-heading\" data-id=\"b6c107c\" data-element_type=\"widget\" data-widget_type=\"heading.default\">\n\t\t\t\t<div class=\"elementor-widget-container\">\n\t\t\t<h2 class=\"elementor-heading-title elementor-size-default\">Stellen Sie uns eine Frage<\/h2>\t\t<\/div>\n\t\t\t\t<\/div>\n\t\t\t\t<div class=\"elementor-element elementor-element-a812023 elementor-button-align-stretch elementor-widget elementor-widget-form\" data-id=\"a812023\" data-element_type=\"widget\" data-settings=\"{&quot;step_next_label&quot;:&quot;N\\u00e4chste&quot;,&quot;step_previous_label&quot;:&quot;Vorherige&quot;,&quot;button_width&quot;:&quot;100&quot;,&quot;step_type&quot;:&quot;number_text&quot;,&quot;step_icon_shape&quot;:&quot;circle&quot;}\" data-widget_type=\"form.default\">\n\t\t\t\t<div class=\"elementor-widget-container\">\n\t\t\t<style>\/*! elementor-pro - v3.21.0 - 20-05-2024 *\/\n.elementor-button.elementor-hidden,.elementor-hidden{display:none}.e-form__step{width:100%}.e-form__step:not(.elementor-hidden){display:flex;flex-wrap:wrap}.e-form__buttons{flex-wrap:wrap}.e-form__buttons,.e-form__buttons__wrapper{display:flex}.e-form__indicators{display:flex;justify-content:space-between;align-items:center;flex-wrap:nowrap;font-size:13px;margin-bottom:var(--e-form-steps-indicators-spacing)}.e-form__indicators__indicator{display:flex;flex-direction:column;align-items:center;justify-content:center;flex-basis:0;padding:0 var(--e-form-steps-divider-gap)}.e-form__indicators__indicator__progress{width:100%;position:relative;background-color:var(--e-form-steps-indicator-progress-background-color);border-radius:var(--e-form-steps-indicator-progress-border-radius);overflow:hidden}.e-form__indicators__indicator__progress__meter{width:var(--e-form-steps-indicator-progress-meter-width,0);height:var(--e-form-steps-indicator-progress-height);line-height:var(--e-form-steps-indicator-progress-height);padding-right:15px;border-radius:var(--e-form-steps-indicator-progress-border-radius);background-color:var(--e-form-steps-indicator-progress-color);color:var(--e-form-steps-indicator-progress-meter-color);text-align:right;transition:width .1s linear}.e-form__indicators__indicator:first-child{padding-left:0}.e-form__indicators__indicator:last-child{padding-right:0}.e-form__indicators__indicator--state-inactive{color:var(--e-form-steps-indicator-inactive-primary-color,#c2cbd2)}.e-form__indicators__indicator--state-inactive [class*=indicator--shape-]:not(.e-form__indicators__indicator--shape-none){background-color:var(--e-form-steps-indicator-inactive-secondary-color,#fff)}.e-form__indicators__indicator--state-inactive object,.e-form__indicators__indicator--state-inactive svg{fill:var(--e-form-steps-indicator-inactive-primary-color,#c2cbd2)}.e-form__indicators__indicator--state-active{color:var(--e-form-steps-indicator-active-primary-color,#39b54a);border-color:var(--e-form-steps-indicator-active-secondary-color,#fff)}.e-form__indicators__indicator--state-active [class*=indicator--shape-]:not(.e-form__indicators__indicator--shape-none){background-color:var(--e-form-steps-indicator-active-secondary-color,#fff)}.e-form__indicators__indicator--state-active object,.e-form__indicators__indicator--state-active svg{fill:var(--e-form-steps-indicator-active-primary-color,#39b54a)}.e-form__indicators__indicator--state-completed{color:var(--e-form-steps-indicator-completed-secondary-color,#fff)}.e-form__indicators__indicator--state-completed [class*=indicator--shape-]:not(.e-form__indicators__indicator--shape-none){background-color:var(--e-form-steps-indicator-completed-primary-color,#39b54a)}.e-form__indicators__indicator--state-completed .e-form__indicators__indicator__label{color:var(--e-form-steps-indicator-completed-primary-color,#39b54a)}.e-form__indicators__indicator--state-completed .e-form__indicators__indicator--shape-none{color:var(--e-form-steps-indicator-completed-primary-color,#39b54a);background-color:initial}.e-form__indicators__indicator--state-completed object,.e-form__indicators__indicator--state-completed svg{fill:var(--e-form-steps-indicator-completed-secondary-color,#fff)}.e-form__indicators__indicator__icon{width:var(--e-form-steps-indicator-padding,30px);height:var(--e-form-steps-indicator-padding,30px);font-size:var(--e-form-steps-indicator-icon-size);border-width:1px;border-style:solid;display:flex;justify-content:center;align-items:center;overflow:hidden;margin-bottom:10px}.e-form__indicators__indicator__icon img,.e-form__indicators__indicator__icon object,.e-form__indicators__indicator__icon svg{width:var(--e-form-steps-indicator-icon-size);height:auto}.e-form__indicators__indicator__icon .e-font-icon-svg{height:1em}.e-form__indicators__indicator__number{width:var(--e-form-steps-indicator-padding,30px);height:var(--e-form-steps-indicator-padding,30px);border-width:1px;border-style:solid;display:flex;justify-content:center;align-items:center;margin-bottom:10px}.e-form__indicators__indicator--shape-circle{border-radius:50%}.e-form__indicators__indicator--shape-square{border-radius:0}.e-form__indicators__indicator--shape-rounded{border-radius:5px}.e-form__indicators__indicator--shape-none{border:0}.e-form__indicators__indicator__label{text-align:center}.e-form__indicators__indicator__separator{width:100%;height:var(--e-form-steps-divider-width);background-color:#babfc5}.e-form__indicators--type-icon,.e-form__indicators--type-icon_text,.e-form__indicators--type-number,.e-form__indicators--type-number_text{align-items:flex-start}.e-form__indicators--type-icon .e-form__indicators__indicator__separator,.e-form__indicators--type-icon_text .e-form__indicators__indicator__separator,.e-form__indicators--type-number .e-form__indicators__indicator__separator,.e-form__indicators--type-number_text .e-form__indicators__indicator__separator{margin-top:calc(var(--e-form-steps-indicator-padding, 30px) \/ 2 - var(--e-form-steps-divider-width, 1px) \/ 2)}.elementor-field-type-hidden{display:none}.elementor-field-type-html{display:inline-block}.elementor-field-type-tel input{direction:inherit}.elementor-login .elementor-lost-password,.elementor-login .elementor-remember-me{font-size:.85em}.elementor-field-type-recaptcha_v3 .elementor-field-label{display:none}.elementor-field-type-recaptcha_v3 .grecaptcha-badge{z-index:1}.elementor-button .elementor-form-spinner{order:3}.elementor-form .elementor-button>span{display:flex;justify-content:center;align-items:center}.elementor-form .elementor-button .elementor-button-text{white-space:normal;flex-grow:0}.elementor-form .elementor-button svg{height:auto}.elementor-form .elementor-button .e-font-icon-svg{height:1em}.elementor-select-wrapper .select-caret-down-wrapper{position:absolute;top:50%;transform:translateY(-50%);inset-inline-end:10px;pointer-events:none;font-size:11px}.elementor-select-wrapper .select-caret-down-wrapper svg{display:unset;width:1em;aspect-ratio:unset;fill:currentColor}.elementor-select-wrapper .select-caret-down-wrapper i{font-size:19px;line-height:2}.elementor-select-wrapper.remove-before:before{content:\"\"!important}<\/style>\t\t<form class=\"elementor-form\" method=\"post\" name=\"Neue Form\">\n\t\t\t<input type=\"hidden\" name=\"post_id\" value=\"8015\"\/>\n\t\t\t<input type=\"hidden\" name=\"form_id\" value=\"a812023\"\/>\n\t\t\t<input type=\"hidden\" name=\"referer_title\" value=\"\" \/>\n\n\t\t\t\n\t\t\t<div class=\"elementor-form-fields-wrapper elementor-labels-\">\n\t\t\t\t\t\t\t\t<div class=\"elementor-field-type-text elementor-field-group elementor-column elementor-field-group-name elementor-col-100\">\n\t\t\t\t\t\t\t\t\t\t\t\t<label for=\"form-field-name\" class=\"elementor-field-label elementor-screen-only\">\n\t\t\t\t\t\t\t\tName\t\t\t\t\t\t\t<\/label>\n\t\t\t\t\t\t\t\t\t\t\t\t\t\t<input size=\"1\" type=\"text\" name=\"form_fields[name]\" id=\"form-field-name\" class=\"elementor-field elementor-size-sm  elementor-field-textual\" placeholder=\"Name\">\n\t\t\t\t\t\t\t\t\t\t\t<\/div>\n\t\t\t\t\t\t\t\t<div class=\"elementor-field-type-email elementor-field-group elementor-column elementor-field-group-email elementor-col-100 elementor-field-required\">\n\t\t\t\t\t\t\t\t\t\t\t\t<label for=\"form-field-email\" class=\"elementor-field-label elementor-screen-only\">\n\t\t\t\t\t\t\t\tE-Mail\t\t\t\t\t\t\t<\/label>\n\t\t\t\t\t\t\t\t\t\t\t\t\t\t<input size=\"1\" type=\"email\" name=\"form_fields[email]\" id=\"form-field-email\" class=\"elementor-field elementor-size-sm  elementor-field-textual\" placeholder=\"E-Mail\" required=\"required\" aria-required=\"true\">\n\t\t\t\t\t\t\t\t\t\t\t<\/div>\n\t\t\t\t\t\t\t\t<div class=\"elementor-field-type-textarea elementor-field-group elementor-column elementor-field-group-message elementor-col-100\">\n\t\t\t\t\t\t\t\t\t\t\t\t<label for=\"form-field-message\" class=\"elementor-field-label elementor-screen-only\">\n\t\t\t\t\t\t\t\tNachricht\t\t\t\t\t\t\t<\/label>\n\t\t\t\t\t\t<textarea class=\"elementor-field-textual elementor-field  elementor-size-sm\" name=\"form_fields[message]\" id=\"form-field-message\" rows=\"4\" placeholder=\"Nachricht\"><\/textarea>\t\t\t\t<\/div>\n\t\t\t\t\t\t\t\t<div class=\"elementor-field-group elementor-column elementor-field-type-submit elementor-col-100 e-form__buttons\">\n\t\t\t\t\t<button type=\"submit\" class=\"elementor-button elementor-size-sm\">\n\t\t\t\t\t\t<span >\n\t\t\t\t\t\t\t\t\t\t\t\t\t\t\t<span class=\" elementor-button-icon\">\n\t\t\t\t\t\t\t\t\t\t\t\t\t\t\t\t\t\t\t\t\t\t\t\t\t\t<\/span>\n\t\t\t\t\t\t\t\t\t\t\t\t\t\t\t\t\t\t\t\t\t\t<span class=\"elementor-button-text\">senden<\/span>\n\t\t\t\t\t\t\t\t\t\t\t\t\t<\/span>\n\t\t\t\t\t<\/button>\n\t\t\t\t<\/div>\n\t\t\t<\/div>\n\t\t<\/form>\n\t\t\t\t<\/div>\n\t\t\t\t<\/div>\n\t\t\t\t\t<\/div>\n\t\t\t\t<\/div>\n\t\t\t\t<\/div>\n\t\t","protected":false},"excerpt":{"rendered":"<p>FAQs Wie viel Wasser fasst mein Rhino-Pod?Ihr integriertes Sp\u00fclbecken Rhino-Pod (Cucinino Pod und Cubit) wird jeweils mit einem 10- oder 5-Liter-Frischwasserbeh\u00e4lter zur Versorgung Ihres Wasserhahns und einem passenden 10- oder 5-Liter-Abwasserbeh\u00e4lter zur Aufnahme Ihres Abwassers geliefert. Wohin wird das Abwasser geleitet?Ihr Abwasserbeh\u00e4lter ist mit dem St\u00f6psel Ihrer Sp\u00fcle verbunden und f\u00e4ngt Ihr verbrauchtes Wasser auf. [&hellip;]<\/p>\n","protected":false},"author":351,"featured_media":0,"parent":0,"menu_order":0,"comment_status":"closed","ping_status":"closed","template":"","meta":{"footnotes":""},"class_list":["post-8015","page","type-page","status-publish","hentry","_wholesalex wsx-wholesalex-product"],"_links":{"self":[{"href":"https:\/\/rhino-pods.com\/de\/wp-json\/wp\/v2\/pages\/8015","targetHints":{"allow":["GET"]}}],"collection":[{"href":"https:\/\/rhino-pods.com\/de\/wp-json\/wp\/v2\/pages"}],"about":[{"href":"https:\/\/rhino-pods.com\/de\/wp-json\/wp\/v2\/types\/page"}],"author":[{"embeddable":true,"href":"https:\/\/rhino-pods.com\/de\/wp-json\/wp\/v2\/users\/351"}],"replies":[{"embeddable":true,"href":"https:\/\/rhino-pods.com\/de\/wp-json\/wp\/v2\/comments?post=8015"}],"version-history":[{"count":1,"href":"https:\/\/rhino-pods.com\/de\/wp-json\/wp\/v2\/pages\/8015\/revisions"}],"predecessor-version":[{"id":8016,"href":"https:\/\/rhino-pods.com\/de\/wp-json\/wp\/v2\/pages\/8015\/revisions\/8016"}],"wp:attachment":[{"href":"https:\/\/rhino-pods.com\/de\/wp-json\/wp\/v2\/media?parent=8015"}],"curies":[{"name":"wp","href":"https:\/\/api.w.org\/{rel}","templated":true}]}}