{"id":4592,"date":"2025-03-06T18:42:23","date_gmt":"2025-03-06T18:42:23","guid":{"rendered":"https:\/ueber-uns\/"},"modified":"2026-02-18T16:02:04","modified_gmt":"2026-02-18T16:02:04","slug":"ueber-uns","status":"publish","type":"page","link":"https:\/\/rhino-pods.com\/de\/ueber-uns\/","title":{"rendered":"\u00fcber uns"},"content":{"rendered":"\t\t<div data-elementor-type=\"wp-page\" data-elementor-id=\"4592\" class=\"elementor elementor-4592 elementor-4079\" data-elementor-post-type=\"page\">\n\t\t\t\t<div class=\"elementor-element elementor-element-4169afb e-flex e-con-boxed e-con e-parent\" data-id=\"4169afb\" data-element_type=\"container\">\n\t\t\t\t\t<div class=\"e-con-inner\">\n\t\t\t\t<div class=\"elementor-element elementor-element-9d978ec elementor-widget elementor-widget-spacer\" data-id=\"9d978ec\" data-element_type=\"widget\" data-widget_type=\"spacer.default\">\n\t\t\t\t<div class=\"elementor-widget-container\">\n\t\t\t<style>\/*! elementor - v3.21.0 - 26-05-2024 *\/\n.elementor-column .elementor-spacer-inner{height:var(--spacer-size)}.e-con{--container-widget-width:100%}.e-con-inner>.elementor-widget-spacer,.e-con>.elementor-widget-spacer{width:var(--container-widget-width,var(--spacer-size));--align-self:var(--container-widget-align-self,initial);--flex-shrink:0}.e-con-inner>.elementor-widget-spacer>.elementor-widget-container,.e-con>.elementor-widget-spacer>.elementor-widget-container{height:100%;width:100%}.e-con-inner>.elementor-widget-spacer>.elementor-widget-container>.elementor-spacer,.e-con>.elementor-widget-spacer>.elementor-widget-container>.elementor-spacer{height:100%}.e-con-inner>.elementor-widget-spacer>.elementor-widget-container>.elementor-spacer>.elementor-spacer-inner,.e-con>.elementor-widget-spacer>.elementor-widget-container>.elementor-spacer>.elementor-spacer-inner{height:var(--container-widget-height,var(--spacer-size))}.e-con-inner>.elementor-widget-spacer.elementor-widget-empty,.e-con>.elementor-widget-spacer.elementor-widget-empty{position:relative;min-height:22px;min-width:22px}.e-con-inner>.elementor-widget-spacer.elementor-widget-empty .elementor-widget-empty-icon,.e-con>.elementor-widget-spacer.elementor-widget-empty .elementor-widget-empty-icon{position:absolute;top:0;bottom:0;left:0;right:0;margin:auto;padding:0;width:22px;height:22px}<\/style>\t\t<div class=\"elementor-spacer\">\n\t\t\t<div class=\"elementor-spacer-inner\"><\/div>\n\t\t<\/div>\n\t\t\t\t<\/div>\n\t\t\t\t<\/div>\n\t\t\t\t\t<\/div>\n\t\t\t\t<\/div>\n\t\t<div class=\"elementor-element elementor-element-801045d e-flex e-con-boxed e-con e-parent\" data-id=\"801045d\" data-element_type=\"container\">\n\t\t\t\t\t<div class=\"e-con-inner\">\n\t\t<div class=\"elementor-element elementor-element-4053e76 e-con-full e-flex e-con e-child\" data-id=\"4053e76\" data-element_type=\"container\">\n\t\t\t\t<div class=\"elementor-element elementor-element-3596c77 elementor-widget elementor-widget-heading\" data-id=\"3596c77\" data-element_type=\"widget\" data-widget_type=\"heading.default\">\n\t\t\t\t<div class=\"elementor-widget-container\">\n\t\t\t<style>\/*! elementor - v3.21.0 - 26-05-2024 *\/\n.elementor-heading-title{padding:0;margin:0;line-height:1}.elementor-widget-heading .elementor-heading-title[class*=elementor-size-]>a{color:inherit;font-size:inherit;line-height:inherit}.elementor-widget-heading .elementor-heading-title.elementor-size-small{font-size:15px}.elementor-widget-heading .elementor-heading-title.elementor-size-medium{font-size:19px}.elementor-widget-heading .elementor-heading-title.elementor-size-large{font-size:29px}.elementor-widget-heading .elementor-heading-title.elementor-size-xl{font-size:39px}.elementor-widget-heading .elementor-heading-title.elementor-size-xxl{font-size:59px}<\/style><h2 class=\"elementor-heading-title elementor-size-default\">\u00dcber Rhino-Pods<\/h2>\t\t<\/div>\n\t\t\t\t<\/div>\n\t\t\t\t<div class=\"elementor-element elementor-element-adad703 elementor-widget elementor-widget-spacer\" data-id=\"adad703\" data-element_type=\"widget\" data-widget_type=\"spacer.default\">\n\t\t\t\t<div class=\"elementor-widget-container\">\n\t\t\t\t\t<div class=\"elementor-spacer\">\n\t\t\t<div class=\"elementor-spacer-inner\"><\/div>\n\t\t<\/div>\n\t\t\t\t<\/div>\n\t\t\t\t<\/div>\n\t\t\t\t<div class=\"elementor-element elementor-element-0fea298 elementor-widget elementor-widget-text-editor\" data-id=\"0fea298\" data-element_type=\"widget\" data-widget_type=\"text-editor.default\">\n\t\t\t\t<div class=\"elementor-widget-container\">\n\t\t\t<style>\/*! elementor - v3.21.0 - 26-05-2024 *\/\n.elementor-widget-text-editor.elementor-drop-cap-view-stacked .elementor-drop-cap{background-color:#69727d;color:#fff}.elementor-widget-text-editor.elementor-drop-cap-view-framed .elementor-drop-cap{color:#69727d;border:3px solid;background-color:transparent}.elementor-widget-text-editor:not(.elementor-drop-cap-view-default) .elementor-drop-cap{margin-top:8px}.elementor-widget-text-editor:not(.elementor-drop-cap-view-default) .elementor-drop-cap-letter{width:1em;height:1em}.elementor-widget-text-editor .elementor-drop-cap{float:left;text-align:center;line-height:1;font-size:50px}.elementor-widget-text-editor .elementor-drop-cap-letter{display:inline-block}<\/style>\t\t\t\t<p>Wir lieben die Natur und besonders das Essen im Freien. Ungezwungene, entspannte Stunden beim Essen in der Natur mit Freunden und Familie haben uns einige unserer sch\u00f6nsten Erinnerungen beschert. <\/p><p>Wenn wir von Essen im Freien sprechen, beschreibt der Begriff \u201ealfresco\u201c treffend die Freuden, die das Essen unter freiem Himmel bietet. Er f\u00e4ngt das Wesen des Genie\u00dfens der Natur und der Umgebung ein. Ob am Strand, auf einem Wanderweg, beim Wandern, Angeln, Klettern, Radfahren, Spazierengehen oder einfach im eigenen Garten.  <\/p><p>Wir wollten eine M\u00f6glichkeit haben, zu fliehen, sobald der Gedanke aufkam. Wir wollten uns blitzschnell bereit machen k\u00f6nnen, um jederzeit aufstehen und gehen zu k\u00f6nnen, bevor der Impuls verflogen war. <\/p><p> Uns wurde klar, dass der Aufwand f\u00fcr Planung, Zusammenstellung, Aufbau und Vorbereitung Ihres Abenteuers im Freien allzu oft das Hindernis f\u00fcr die Verwirklichung und den Genuss Ihres n\u00e4chsten Abenteuers im Freien darstellt.<\/p><p>Rhino wurde entwickelt, um zu helfen!<\/p><p>Rhino macht Outdoor-Abenteuer m\u00f6glich. K\u00fcchen-Pods, die sofort einsatzbereit sind, wenn es drau\u00dfen losgeht. Ausgestattet mit den wichtigsten Dingen, m\u00fcssen Sie nur noch einpacken und k\u00f6nnen direkt loslegen. So macht Kochen f\u00fcrs Abenteuer Spa\u00df!   <\/p><p>Das Leben sollte ein Abenteuer sein \u2013 am besten beginnt man das Abenteuer jetzt!<\/p><p>Wir sind ein kleines Familienunternehmen und k\u00fcmmern uns um alle Aspekte des Prozesses \u2013 von der Entwicklung bis zur Fertigung. Sogar Fotos und Grafiken erstellen wir selbst. Wir testen jeden Prototyp unserer Kapseln pers\u00f6nlich und \u00fcberpr\u00fcfen die Konstruktionen im Praxiseinsatz, um sicherzustellen, dass alles einwandfrei funktioniert. <\/p><p>Dank unserer Liebe zum Detail k\u00f6nnen wir mit gutem Gewissen verkaufen. Es handelt sich nicht nur um eine aufwendige 3D-Visualisierung \u2013 wir fertigen echte Prototypen an, testen und optimieren sie selbst, um Ihnen unbeschwerte und genussvolle Stunden im Freien zu erm\u00f6glichen. <\/p><p>Wirklich gute Designs \u2013 die auch wirklich funktionieren.<\/p><p>Die Sch\u00f6nheit der Natur umgibt uns \u00fcberall. Kommen Sie mit, lassen Sie den Alltag hinter sich und erleben Sie ein Abenteuer unter freiem Himmel mit einem Rhino Pod. Entdecken Sie, was im Leben wirklich z\u00e4hlt. Schaffen Sie unvergessliche Erinnerungen \u2013 ob allein, zu zweit oder mit Freunden und Familie.  <\/p><p>Rhino \u2013 Kochen f\u00fcr Abenteuer<\/p>\t\t\t\t\t\t<\/div>\n\t\t\t\t<\/div>\n\t\t\t\t<\/div>\n\t\t<div class=\"elementor-element elementor-element-1f41f2a e-con-full e-flex e-con e-child\" data-id=\"1f41f2a\" data-element_type=\"container\">\n\t\t\t\t<div class=\"elementor-element elementor-element-36d1912 elementor-widget elementor-widget-spacer\" data-id=\"36d1912\" data-element_type=\"widget\" data-widget_type=\"spacer.default\">\n\t\t\t\t<div class=\"elementor-widget-container\">\n\t\t\t\t\t<div class=\"elementor-spacer\">\n\t\t\t<div class=\"elementor-spacer-inner\"><\/div>\n\t\t<\/div>\n\t\t\t\t<\/div>\n\t\t\t\t<\/div>\n\t\t\t\t<div class=\"elementor-element elementor-element-6493770 elementor-widget elementor-widget-image\" data-id=\"6493770\" data-element_type=\"widget\" data-widget_type=\"image.default\">\n\t\t\t\t<div class=\"elementor-widget-container\">\n\t\t\t<style>\/*! elementor - v3.21.0 - 26-05-2024 *\/\n.elementor-widget-image{text-align:center}.elementor-widget-image a{display:inline-block}.elementor-widget-image a img[src$=\".svg\"]{width:48px}.elementor-widget-image img{vertical-align:middle;display:inline-block}<\/style>\t\t\t\t\t\t\t\t\t\t<img fetchpriority=\"high\" decoding=\"async\" width=\"800\" height=\"534\" src=\"https:\/\/rhino-pods.com\/wp-content\/uploads\/2025\/08\/DSC_9002-1024x684.jpg\" class=\"attachment-large size-large wp-image-5705\" alt=\"\" srcset=\"https:\/\/rhino-pods.com\/wp-content\/uploads\/2025\/08\/DSC_9002-1024x684.jpg 1024w, https:\/\/rhino-pods.com\/wp-content\/uploads\/2025\/08\/DSC_9002-300x200.jpg 300w, https:\/\/rhino-pods.com\/wp-content\/uploads\/2025\/08\/DSC_9002-768x513.jpg 768w, https:\/\/rhino-pods.com\/wp-content\/uploads\/2025\/08\/DSC_9002-1536x1025.jpg 1536w, https:\/\/rhino-pods.com\/wp-content\/uploads\/2025\/08\/DSC_9002-2048x1367.jpg 2048w, https:\/\/rhino-pods.com\/wp-content\/uploads\/2025\/08\/DSC_9002-600x401.jpg 600w\" sizes=\"(max-width: 800px) 100vw, 800px\" \/>\t\t\t\t\t\t\t\t\t\t\t\t\t<\/div>\n\t\t\t\t<\/div>\n\t\t\t\t<div class=\"elementor-element elementor-element-8a5dfd6 elementor-widget elementor-widget-spacer\" data-id=\"8a5dfd6\" data-element_type=\"widget\" data-widget_type=\"spacer.default\">\n\t\t\t\t<div class=\"elementor-widget-container\">\n\t\t\t\t\t<div class=\"elementor-spacer\">\n\t\t\t<div class=\"elementor-spacer-inner\"><\/div>\n\t\t<\/div>\n\t\t\t\t<\/div>\n\t\t\t\t<\/div>\n\t\t\t\t<div class=\"elementor-element elementor-element-4c91fe6 elementor-widget elementor-widget-image\" data-id=\"4c91fe6\" data-element_type=\"widget\" data-widget_type=\"image.default\">\n\t\t\t\t<div class=\"elementor-widget-container\">\n\t\t\t\t\t\t\t\t\t\t\t\t\t<img decoding=\"async\" width=\"800\" height=\"800\" src=\"https:\/\/rhino-pods.com\/wp-content\/uploads\/2025\/04\/IMG_3279-1024x1024.jpeg\" class=\"attachment-large size-large wp-image-4265\" alt=\"\" srcset=\"https:\/\/rhino-pods.com\/wp-content\/uploads\/2025\/04\/IMG_3279-1024x1024.jpeg 1024w, https:\/\/rhino-pods.com\/wp-content\/uploads\/2025\/04\/IMG_3279-300x300.jpeg 300w, https:\/\/rhino-pods.com\/wp-content\/uploads\/2025\/04\/IMG_3279-150x150.jpeg 150w, https:\/\/rhino-pods.com\/wp-content\/uploads\/2025\/04\/IMG_3279-768x768.jpeg 768w, https:\/\/rhino-pods.com\/wp-content\/uploads\/2025\/04\/IMG_3279-600x600.jpeg 600w, https:\/\/rhino-pods.com\/wp-content\/uploads\/2025\/04\/IMG_3279-100x100.jpeg 100w, https:\/\/rhino-pods.com\/wp-content\/uploads\/2025\/04\/IMG_3279.jpeg 1536w\" sizes=\"(max-width: 800px) 100vw, 800px\" \/>\t\t\t\t\t\t\t\t\t\t\t\t\t<\/div>\n\t\t\t\t<\/div>\n\t\t\t\t<\/div>\n\t\t\t\t\t<\/div>\n\t\t\t\t<\/div>\n\t\t\t\t<\/div>\n\t\t","protected":false},"excerpt":{"rendered":"<p>\u00dcber Rhino-Pods Wir lieben die Natur und besonders das Essen im Freien. Ungezwungene, entspannte Stunden beim Essen in der Natur mit Freunden und Familie haben uns einige unserer sch\u00f6nsten Erinnerungen beschert. Wenn wir von Essen im Freien sprechen, beschreibt der Begriff \u201ealfresco\u201c treffend die Freuden, die das Essen unter freiem Himmel bietet. Er f\u00e4ngt das [&hellip;]<\/p>\n","protected":false},"author":4,"featured_media":0,"parent":0,"menu_order":0,"comment_status":"closed","ping_status":"closed","template":"","meta":{"footnotes":""},"class_list":["post-4592","page","type-page","status-publish","hentry","_wholesalex wsx-wholesalex-product"],"_links":{"self":[{"href":"https:\/\/rhino-pods.com\/de\/wp-json\/wp\/v2\/pages\/4592","targetHints":{"allow":["GET"]}}],"collection":[{"href":"https:\/\/rhino-pods.com\/de\/wp-json\/wp\/v2\/pages"}],"about":[{"href":"https:\/\/rhino-pods.com\/de\/wp-json\/wp\/v2\/types\/page"}],"author":[{"embeddable":true,"href":"https:\/\/rhino-pods.com\/de\/wp-json\/wp\/v2\/users\/4"}],"replies":[{"embeddable":true,"href":"https:\/\/rhino-pods.com\/de\/wp-json\/wp\/v2\/comments?post=4592"}],"version-history":[{"count":5,"href":"https:\/\/rhino-pods.com\/de\/wp-json\/wp\/v2\/pages\/4592\/revisions"}],"predecessor-version":[{"id":8413,"href":"https:\/\/rhino-pods.com\/de\/wp-json\/wp\/v2\/pages\/4592\/revisions\/8413"}],"wp:attachment":[{"href":"https:\/\/rhino-pods.com\/de\/wp-json\/wp\/v2\/media?parent=4592"}],"curies":[{"name":"wp","href":"https:\/\/api.w.org\/{rel}","templated":true}]}}