{"id":1316,"date":"2024-03-28T05:42:01","date_gmt":"2024-03-28T05:42:01","guid":{"rendered":"https:\/datenschutzbestimmungen\/"},"modified":"2026-02-17T15:52:02","modified_gmt":"2026-02-17T15:52:02","slug":"datenschutzbestimmungen","status":"publish","type":"page","link":"https:\/\/rhino-pods.com\/de\/datenschutzbestimmungen\/","title":{"rendered":"Datenschutzbestimmungen"},"content":{"rendered":"\t\t<div data-elementor-type=\"wp-page\" data-elementor-id=\"1316\" class=\"elementor elementor-1316 elementor-611\" data-elementor-post-type=\"page\">\n\t\t\t\t<div class=\"elementor-element elementor-element-3ab99ebe e-flex e-con-boxed e-con e-parent\" data-id=\"3ab99ebe\" data-element_type=\"container\">\n\t\t\t\t\t<div class=\"e-con-inner\">\n\t\t\t\t<div class=\"elementor-element elementor-element-3c8a55e elementor-widget elementor-widget-spacer\" data-id=\"3c8a55e\" data-element_type=\"widget\" data-widget_type=\"spacer.default\">\n\t\t\t\t<div class=\"elementor-widget-container\">\n\t\t\t<style>\/*! elementor - v3.21.0 - 26-05-2024 *\/\n.elementor-column .elementor-spacer-inner{height:var(--spacer-size)}.e-con{--container-widget-width:100%}.e-con-inner>.elementor-widget-spacer,.e-con>.elementor-widget-spacer{width:var(--container-widget-width,var(--spacer-size));--align-self:var(--container-widget-align-self,initial);--flex-shrink:0}.e-con-inner>.elementor-widget-spacer>.elementor-widget-container,.e-con>.elementor-widget-spacer>.elementor-widget-container{height:100%;width:100%}.e-con-inner>.elementor-widget-spacer>.elementor-widget-container>.elementor-spacer,.e-con>.elementor-widget-spacer>.elementor-widget-container>.elementor-spacer{height:100%}.e-con-inner>.elementor-widget-spacer>.elementor-widget-container>.elementor-spacer>.elementor-spacer-inner,.e-con>.elementor-widget-spacer>.elementor-widget-container>.elementor-spacer>.elementor-spacer-inner{height:var(--container-widget-height,var(--spacer-size))}.e-con-inner>.elementor-widget-spacer.elementor-widget-empty,.e-con>.elementor-widget-spacer.elementor-widget-empty{position:relative;min-height:22px;min-width:22px}.e-con-inner>.elementor-widget-spacer.elementor-widget-empty .elementor-widget-empty-icon,.e-con>.elementor-widget-spacer.elementor-widget-empty .elementor-widget-empty-icon{position:absolute;top:0;bottom:0;left:0;right:0;margin:auto;padding:0;width:22px;height:22px}<\/style>\t\t<div class=\"elementor-spacer\">\n\t\t\t<div class=\"elementor-spacer-inner\"><\/div>\n\t\t<\/div>\n\t\t\t\t<\/div>\n\t\t\t\t<\/div>\n\t\t\t\t<div class=\"elementor-element elementor-element-1f862bc elementor-widget elementor-widget-heading\" data-id=\"1f862bc\" data-element_type=\"widget\" data-widget_type=\"heading.default\">\n\t\t\t\t<div class=\"elementor-widget-container\">\n\t\t\t<style>\/*! elementor - v3.21.0 - 26-05-2024 *\/\n.elementor-heading-title{padding:0;margin:0;line-height:1}.elementor-widget-heading .elementor-heading-title[class*=elementor-size-]>a{color:inherit;font-size:inherit;line-height:inherit}.elementor-widget-heading .elementor-heading-title.elementor-size-small{font-size:15px}.elementor-widget-heading .elementor-heading-title.elementor-size-medium{font-size:19px}.elementor-widget-heading .elementor-heading-title.elementor-size-large{font-size:29px}.elementor-widget-heading .elementor-heading-title.elementor-size-xl{font-size:39px}.elementor-widget-heading .elementor-heading-title.elementor-size-xxl{font-size:59px}<\/style><h2 class=\"elementor-heading-title elementor-size-default\">Datenschutzbestimmungen<\/h2>\t\t<\/div>\n\t\t\t\t<\/div>\n\t\t\t\t<div class=\"elementor-element elementor-element-54f205f5 elementor-widget elementor-widget-text-editor\" data-id=\"54f205f5\" data-element_type=\"widget\" data-widget_type=\"text-editor.default\">\n\t\t\t\t<div class=\"elementor-widget-container\">\n\t\t\t<style>\/*! elementor - v3.21.0 - 26-05-2024 *\/\n.elementor-widget-text-editor.elementor-drop-cap-view-stacked .elementor-drop-cap{background-color:#69727d;color:#fff}.elementor-widget-text-editor.elementor-drop-cap-view-framed .elementor-drop-cap{color:#69727d;border:3px solid;background-color:transparent}.elementor-widget-text-editor:not(.elementor-drop-cap-view-default) .elementor-drop-cap{margin-top:8px}.elementor-widget-text-editor:not(.elementor-drop-cap-view-default) .elementor-drop-cap-letter{width:1em;height:1em}.elementor-widget-text-editor .elementor-drop-cap{float:left;text-align:center;line-height:1;font-size:50px}.elementor-widget-text-editor .elementor-drop-cap-letter{display:inline-block}<\/style>\t\t\t\t<p>Diese Datenschutzrichtlinie beschreibt, wie Rhino Pods (die &#8222;Website&#8220;, &#8222;wir&#8220;, &#8222;uns&#8220; oder &#8222;unser&#8220;) Ihre pers\u00f6nlichen Daten sammelt, verwendet und offenlegt, wenn Sie <a href=\"https:\/\">www.rhino-pods.com<\/a> (die &#8222;Website&#8220;) besuchen, unsere Dienste nutzen oder einen Kauf t\u00e4tigen oder anderweitig mit uns kommunizieren (zusammen die &#8222;Dienste&#8220;). F\u00fcr die Zwecke dieser Datenschutzrichtlinie bedeutet &#8222;Sie&#8220; und &#8222;Ihr&#8220; Sie als Nutzer der Dienste, unabh\u00e4ngig davon, ob Sie ein Kunde, ein Besucher der Website oder eine andere Person sind, deren Daten wir gem\u00e4\u00df dieser Datenschutzrichtlinie erfasst haben.<\/p>\n<p>Bitte lesen Sie diese Datenschutzrichtlinie sorgf\u00e4ltig durch. Indem Sie die Dienste nutzen und darauf zugreifen, erkl\u00e4ren Sie sich mit der Erfassung, Verwendung und Weitergabe Ihrer Daten wie in dieser Datenschutzrichtlinie beschrieben einverstanden. Wenn Sie mit dieser Datenschutzrichtlinie nicht einverstanden sind, sollten Sie die Dienste nicht nutzen, kaufen oder darauf zugreifen.<\/p>\n<p><strong><br><u>\u00c4nderungen an dieser Datenschutzrichtlinie<\/u><\/strong><\/p>\n<p>Wir behalten uns vor, diese Datenschutzerkl\u00e4rung von Zeit zu Zeit zu aktualisieren, z.B. um \u00c4nderungen unserer Praktiken zu ber\u00fccksichtigen oder aus anderen betrieblichen, rechtlichen oder regulatorischen Gr\u00fcnden. Wir werden die \u00fcberarbeitete Datenschutzrichtlinie auf der Website ver\u00f6ffentlichen, das Datum der letzten Aktualisierung aktualisieren und alle anderen gesetzlich vorgeschriebenen Ma\u00dfnahmen ergreifen.<\/p>\n<p><strong><br><u>Wie wir Ihre pers\u00f6nlichen Daten sammeln und verwenden<\/u><\/strong><\/p>\n<p>Um die Dienste bereitstellen zu k\u00f6nnen, sammeln wir personenbezogene Daten \u00fcber Sie aus verschiedenen Quellen und haben diese auch gesammelt. Die Informationen, die wir sammeln und verwenden, variieren je nachdem, wie Sie mit uns interagieren.<\/p>\n<p><strong><br><u>Welche pers\u00f6nlichen Informationen wir sammeln<\/u><\/strong><\/p>\n<p>Welche Arten von pers\u00f6nlichen Informationen wir \u00fcber Sie erhalten, h\u00e4ngt davon ab, wie Sie mit unserer Website interagieren und unsere Dienste nutzen. Wenn wir den Begriff &#8222;pers\u00f6nliche Daten&#8220; verwenden, beziehen wir uns auf Informationen, die Sie identifizieren, sich auf Sie beziehen, Sie beschreiben oder mit Ihnen in Verbindung gebracht werden k\u00f6nnen. Die folgenden Abschnitte beschreiben die Kategorien und spezifischen Arten von pers\u00f6nlichen Daten, die wir sammeln.<\/p>\n<p>Die von uns gesammelten Informationen k\u00f6nnen umfassen:-<\/p>\n<ul>\n<li>Kontaktdaten wie Name, Adresse, Telefonnummer, E-Mail.<\/li>\n<li>Bestellinformationen wie Name, Rechnungsadresse, Lieferadresse, Zahlungsbest\u00e4tigung, E-Mail-Adresse, Telefonnummer.<\/li>\n<li>Einkaufsinformationen, einschlie\u00dflich der Artikel, die Sie ansehen und in Ihren Warenkorb legen<\/li>\n<li>Informationen zum Kundensupport, einschlie\u00dflich der Informationen, die Sie in der Kommunikation mit uns angeben, z.B. wenn Sie eine Nachricht \u00fcber die Dienste senden.<\/li>\n<\/ul>\n<p><strong><br><u>Informationen, die wir durch Cookies sammeln<\/u><\/strong><\/p>\n<p>Wir sammeln auch automatisch bestimmte Informationen \u00fcber Ihre Interaktion mit den Diensten (&#8222;Nutzungsdaten&#8220;). Zu diesem Zweck k\u00f6nnen wir Cookies, Pixel und \u00e4hnliche Technologien (&#8222;Cookies&#8220;) verwenden. Nutzungsdaten k\u00f6nnen Informationen dar\u00fcber enthalten, wie Sie auf unsere Website und Ihr Konto zugreifen und diese nutzen, einschlie\u00dflich Ger\u00e4teinformationen, Browserinformationen, Informationen \u00fcber Ihre Netzwerkverbindung, Ihre IP-Adresse und andere Informationen \u00fcber Ihre Interaktion mit den Diensten.<\/p>\n<p><strong><br><u>Informationen, die wir von Drittparteien erhalten<\/u><\/strong><\/p>\n<p>Wir geben Daten an unsere Zahlungsabwickler weiter, die Zahlungsinformationen (z.B. Bankkonto, Kredit- oder Debitkarteninformationen, Rechnungsadresse) sammeln, um Ihre Zahlung zu verarbeiten, damit wir Ihre Bestellungen ausf\u00fchren und Ihnen die von Ihnen angeforderten Produkte oder Dienstleistungen liefern k\u00f6nnen, um unseren Vertrag mit Ihnen zu erf\u00fcllen.<\/p>\n<p>Wenn Sie unsere Website besuchen, von uns gesendete E-Mails \u00f6ffnen oder anklicken oder mit unseren Diensten oder Anzeigen interagieren, k\u00f6nnen wir oder Dritte, mit denen wir zusammenarbeiten, automatisch bestimmte Informationen mit Hilfe von Online-Tracking-Technologien wie Pixeln, Web-Beacons, Software Developer Kits, Bibliotheken von Drittanbietern und Cookies erfassen.<\/p>\n<p>Alle Informationen, die wir von Dritten erhalten, werden in \u00dcbereinstimmung mit dieser Datenschutzrichtlinie behandelt. Wir sind nicht verantwortlich oder haftbar f\u00fcr die Richtigkeit der Informationen, die uns von Dritten zur Verf\u00fcgung gestellt werden, und sind nicht verantwortlich f\u00fcr die Richtlinien oder Praktiken von Dritten.<\/p>\n<p><strong><br><u>Wie wir Ihre pers\u00f6nlichen Daten verwenden<\/u><\/strong><\/p>\n<ul>\n<li>Bereitstellung von Produkten und Dienstleistungen. Wir verwenden Ihre personenbezogenen Daten, um Ihnen die Dienste zur Verf\u00fcgung zu stellen und unseren Vertrag mit Ihnen zu erf\u00fcllen, einschlie\u00dflich der Bearbeitung Ihrer Zahlungen, der Ausf\u00fchrung Ihrer Bestellungen, der Zusendung von Benachrichtigungen \u00fcber Ihr Konto, Ihre Eink\u00e4ufe, R\u00fccksendungen, Umt\u00e4usche oder andere Transaktionen, der Erstellung, Pflege und sonstigen Verwaltung Ihres Kontos, der Organisation des Versands, der Erleichterung von R\u00fccksendungen und Umtauschen und der M\u00f6glichkeit, dass Sie Bewertungen abgeben k\u00f6nnen.<\/li>\n<li>Marketing und Werbung. Wir verwenden Ihre pers\u00f6nlichen Daten f\u00fcr Marketing- und Werbezwecke, z. B. um Marketing-, Werbe- und Promotionsmitteilungen per E-Mail, SMS oder Post zu versenden und um Ihnen Werbung f\u00fcr Produkte oder Dienstleistungen zu zeigen. Dazu kann die Verwendung Ihrer pers\u00f6nlichen Daten geh\u00f6ren, um die Dienste und die Werbung auf unserer Website und anderen Websites besser auf Sie abzustimmen.<\/li>\n<li>Mit Ihnen kommunizieren. Wir verwenden Ihre pers\u00f6nlichen Daten, um Sie zu unterst\u00fctzen und unsere Dienste zu verbessern. Dies liegt in unserem legitimen Interesse, um auf Sie eingehen zu k\u00f6nnen, um Ihnen effektive Dienstleistungen anbieten zu k\u00f6nnen und um unsere Gesch\u00e4ftsbeziehung mit Ihnen zu pflegen.<\/li>\n<\/ul>\n<p><strong><br><u>Cookies<\/u><\/strong><\/p>\n<p>Wie viele andere Websites auch, verwenden wir Cookies auf unserer Website. Wir k\u00f6nnen auch Dritten und Dienstleistern gestatten, Cookies auf unserer Website zu verwenden, um die Dienstleistungen, Produkte und Werbung auf unserer Website und anderen Websites besser auf Sie abzustimmen.<\/p>\n<p>Die meisten Browser akzeptieren Cookies standardm\u00e4\u00dfig, aber Sie k\u00f6nnen Ihren Browser so einstellen, dass er Cookies entfernt oder ablehnt, und zwar \u00fcber die Einstellungen Ihres Browsers. Bitte bedenken Sie, dass das Entfernen oder Blockieren von Cookies Ihre Benutzererfahrung beeintr\u00e4chtigen kann und dazu f\u00fchren kann, dass einige der Dienste, einschlie\u00dflich bestimmter Features und allgemeiner Funktionen, nicht richtig funktionieren oder nicht mehr verf\u00fcgbar sind. Au\u00dferdem kann das Blockieren von Cookies nicht vollst\u00e4ndig verhindern, dass wir Informationen an Dritte, wie z. B. unsere Werbepartner, weitergeben.<\/p>\n<p><strong><br><u>Wie wir pers\u00f6nliche Informationen offenlegen<\/u><\/strong><\/p>\n<p>Unter bestimmten Umst\u00e4nden k\u00f6nnen wir Ihre pers\u00f6nlichen Daten zu legitimen Zwecken an Dritte weitergeben, vorbehaltlich dieser Datenschutzrichtlinie. Solche Umst\u00e4nde k\u00f6nnen sein:<\/p>\n<p>Mit Anbietern oder anderen Dritten, die in unserem Auftrag Dienstleistungen erbringen (z.B. IT-Management, Zahlungsabwicklung, Datenanalyse, Kundensupport, Cloud-Speicher, Auftragsabwicklung und Versand).<\/p>\n<p>Gesch\u00e4ftsdetails: Isabella Sabin t\/a Rhino-Pods&nbsp;<\/p>\n<p>&nbsp; &nbsp; &nbsp; &nbsp; &nbsp; &nbsp; &nbsp; &nbsp; &nbsp; &nbsp; &nbsp; &nbsp; &nbsp; &nbsp; &nbsp; &nbsp;Via della Luccola N. 9 Villa Minozzo<\/p>\n<p>&nbsp; &nbsp; &nbsp; &nbsp; &nbsp; &nbsp; &nbsp; &nbsp; &nbsp; &nbsp; &nbsp; &nbsp; &nbsp; &nbsp; &nbsp; &nbsp;P.IVA&nbsp;03125370357<\/p>\t\t\t\t\t\t<\/div>\n\t\t\t\t<\/div>\n\t\t\t\t\t<\/div>\n\t\t\t\t<\/div>\n\t\t\t\t<\/div>\n\t\t","protected":false},"excerpt":{"rendered":"<p>Datenschutzbestimmungen Diese Datenschutzrichtlinie beschreibt, wie Rhino Pods (die &#8222;Website&#8220;, &#8222;wir&#8220;, &#8222;uns&#8220; oder &#8222;unser&#8220;) Ihre pers\u00f6nlichen Daten sammelt, verwendet und offenlegt, wenn Sie www.rhino-pods.com (die &#8222;Website&#8220;) besuchen, unsere Dienste nutzen oder einen Kauf t\u00e4tigen oder anderweitig mit uns kommunizieren (zusammen die &#8222;Dienste&#8220;). F\u00fcr die Zwecke dieser Datenschutzrichtlinie bedeutet &#8222;Sie&#8220; und &#8222;Ihr&#8220; Sie als Nutzer der Dienste, [&hellip;]<\/p>\n","protected":false},"author":1,"featured_media":0,"parent":0,"menu_order":0,"comment_status":"closed","ping_status":"closed","template":"","meta":{"footnotes":""},"class_list":["post-1316","page","type-page","status-publish","hentry","_wholesalex wsx-wholesalex-product"],"_links":{"self":[{"href":"https:\/\/rhino-pods.com\/de\/wp-json\/wp\/v2\/pages\/1316","targetHints":{"allow":["GET"]}}],"collection":[{"href":"https:\/\/rhino-pods.com\/de\/wp-json\/wp\/v2\/pages"}],"about":[{"href":"https:\/\/rhino-pods.com\/de\/wp-json\/wp\/v2\/types\/page"}],"author":[{"embeddable":true,"href":"https:\/\/rhino-pods.com\/de\/wp-json\/wp\/v2\/users\/1"}],"replies":[{"embeddable":true,"href":"https:\/\/rhino-pods.com\/de\/wp-json\/wp\/v2\/comments?post=1316"}],"version-history":[{"count":3,"href":"https:\/\/rhino-pods.com\/de\/wp-json\/wp\/v2\/pages\/1316\/revisions"}],"predecessor-version":[{"id":8029,"href":"https:\/\/rhino-pods.com\/de\/wp-json\/wp\/v2\/pages\/1316\/revisions\/8029"}],"wp:attachment":[{"href":"https:\/\/rhino-pods.com\/de\/wp-json\/wp\/v2\/media?parent=1316"}],"curies":[{"name":"wp","href":"https:\/\/api.w.org\/{rel}","templated":true}]}}