{"id":1267,"date":"2024-03-28T05:36:24","date_gmt":"2024-03-28T05:36:24","guid":{"rendered":"https:\/rueckgabepolitik\/"},"modified":"2026-02-17T15:47:23","modified_gmt":"2026-02-17T15:47:23","slug":"rueckgabepolitik","status":"publish","type":"page","link":"https:\/\/rhino-pods.com\/de\/rueckgabepolitik\/","title":{"rendered":"Gesch\u00e4ftsbedingungen"},"content":{"rendered":"\t\t<div data-elementor-type=\"wp-page\" data-elementor-id=\"1267\" class=\"elementor elementor-1267 elementor-609\" data-elementor-post-type=\"page\">\n\t\t\t\t<div class=\"elementor-element elementor-element-d890c3b e-flex e-con-boxed e-con e-parent\" data-id=\"d890c3b\" data-element_type=\"container\">\n\t\t\t\t\t<div class=\"e-con-inner\">\n\t\t\t\t<div class=\"elementor-element elementor-element-2340a20 elementor-widget elementor-widget-spacer\" data-id=\"2340a20\" data-element_type=\"widget\" data-widget_type=\"spacer.default\">\n\t\t\t\t<div class=\"elementor-widget-container\">\n\t\t\t<style>\/*! elementor - v3.21.0 - 26-05-2024 *\/\n.elementor-column .elementor-spacer-inner{height:var(--spacer-size)}.e-con{--container-widget-width:100%}.e-con-inner>.elementor-widget-spacer,.e-con>.elementor-widget-spacer{width:var(--container-widget-width,var(--spacer-size));--align-self:var(--container-widget-align-self,initial);--flex-shrink:0}.e-con-inner>.elementor-widget-spacer>.elementor-widget-container,.e-con>.elementor-widget-spacer>.elementor-widget-container{height:100%;width:100%}.e-con-inner>.elementor-widget-spacer>.elementor-widget-container>.elementor-spacer,.e-con>.elementor-widget-spacer>.elementor-widget-container>.elementor-spacer{height:100%}.e-con-inner>.elementor-widget-spacer>.elementor-widget-container>.elementor-spacer>.elementor-spacer-inner,.e-con>.elementor-widget-spacer>.elementor-widget-container>.elementor-spacer>.elementor-spacer-inner{height:var(--container-widget-height,var(--spacer-size))}.e-con-inner>.elementor-widget-spacer.elementor-widget-empty,.e-con>.elementor-widget-spacer.elementor-widget-empty{position:relative;min-height:22px;min-width:22px}.e-con-inner>.elementor-widget-spacer.elementor-widget-empty .elementor-widget-empty-icon,.e-con>.elementor-widget-spacer.elementor-widget-empty .elementor-widget-empty-icon{position:absolute;top:0;bottom:0;left:0;right:0;margin:auto;padding:0;width:22px;height:22px}<\/style>\t\t<div class=\"elementor-spacer\">\n\t\t\t<div class=\"elementor-spacer-inner\"><\/div>\n\t\t<\/div>\n\t\t\t\t<\/div>\n\t\t\t\t<\/div>\n\t\t\t\t\t<\/div>\n\t\t\t\t<\/div>\n\t\t<div class=\"elementor-element elementor-element-d1ef42c e-flex e-con-boxed e-con e-parent\" data-id=\"d1ef42c\" data-element_type=\"container\">\n\t\t\t\t\t<div class=\"e-con-inner\">\n\t\t\t\t<div class=\"elementor-element elementor-element-d65232f elementor-widget elementor-widget-text-editor\" data-id=\"d65232f\" data-element_type=\"widget\" data-widget_type=\"text-editor.default\">\n\t\t\t\t<div class=\"elementor-widget-container\">\n\t\t\t<style>\/*! elementor - v3.21.0 - 26-05-2024 *\/\n.elementor-widget-text-editor.elementor-drop-cap-view-stacked .elementor-drop-cap{background-color:#69727d;color:#fff}.elementor-widget-text-editor.elementor-drop-cap-view-framed .elementor-drop-cap{color:#69727d;border:3px solid;background-color:transparent}.elementor-widget-text-editor:not(.elementor-drop-cap-view-default) .elementor-drop-cap{margin-top:8px}.elementor-widget-text-editor:not(.elementor-drop-cap-view-default) .elementor-drop-cap-letter{width:1em;height:1em}.elementor-widget-text-editor .elementor-drop-cap{float:left;text-align:center;line-height:1;font-size:50px}.elementor-widget-text-editor .elementor-drop-cap-letter{display:inline-block}<\/style>\t\t\t\t<h2>Gesch\u00e4ftsbedingungen<\/h2><p><strong><span style=\"text-decoration: underline;\">Lebenslange Garantie:<\/span><\/strong><br>Unsere lebenslange Garantie bedeutet, dass wir:<\/p><ul><li>Ersetzen Sie jedes defekte Teil w\u00e4hrend der gesamten Lebensdauer des Produkts.<\/li><li>Besorgen Sie sich alle ben\u00f6tigten Ersatzteile.<\/li><li>Bieten Sie lebenslangen Kundensupport und Hilfe an.<\/li><li>Weitere Informationen finden Sie im Abschnitt \u201eUmtausch, Ersatz und Ersatzteile\u201c weiter unten oder kontaktieren Sie uns unter info@rhino-pods.com.<\/li><\/ul><p> <\/p><p><strong><span style=\"text-decoration: underline;\">Umtausch, Ersatz und Ersatzteile<\/span><\/strong><\/p><ul><li>Wir ersetzen Artikel kostenlos, wenn sie aufgrund eines Fehlers unsererseits defekt oder besch\u00e4digt sind. Sollten Sie Artikel ersetzen m\u00fcssen, die nicht aufgrund eines Fehlers unsererseits defekt oder besch\u00e4digt sind, k\u00f6nnen diese gegen eine geringe Geb\u00fchr geliefert werden. <\/li><li>F\u00fcr Umtausch, Ersatzlieferungen oder Ersatzteile senden Sie uns bitte eine E-Mail an info@rhino-pods.com<\/li><li>Artikel, die ohne vorherige Anfrage zum Umtausch oder Ersatz an uns zur\u00fcckgesendet werden, werden nicht angenommen.<\/li><\/ul><p> <\/p><p><strong><span style=\"text-decoration: underline;\">Besch\u00e4digt<\/span><\/strong><\/p><ul><li>Bitte \u00fcberpr\u00fcfen Sie Ihre Bestellung bei der Ankunft und kontaktieren Sie uns sofort, wenn der Artikel defekt oder besch\u00e4digt ist oder wenn Sie den falschen Artikel erhalten haben. Wir werden unser Bestes tun, um den Artikel zu reparieren oder zu ersetzen.<\/li><\/ul><p> <\/p><p><span style=\"text-decoration: underline;\"><strong>R\u00fcckgabe und Erstattung:<\/strong><\/span><\/p><ul><li>Our refund and returns policy lasts 14 days. If 14 days have passed after receiving your item, we can\u2019t offer you a full refund. <\/li><li>Um f\u00fcr eine R\u00fcckgabe in Frage zu kommen, muss Ihr Artikel unbenutzt sein und sich im selben Zustand befinden, in dem Sie ihn erhalten haben. Es muss au\u00dferdem in der Originalverpackung sein.<\/li><li>Um Ihre R\u00fcckgabe abzuschlie\u00dfen, ben\u00f6tigen wir eine Quittung oder einen Kaufbeleg.<\/li><li>Artikel, die an uns zur\u00fcckgeschickt werden, ohne dass wir zuvor eine R\u00fccksendung beantragt haben, werden nicht angenommen.<\/li><\/ul><p>      <span style=\"text-decoration: underline;\">Es gibt bestimmte Situationen, in denen nur Teilerstattungen gew\u00e4hrt werden:<\/span><\/p><ul><li>Jeder Artikel, der sich nicht im Originalzustand befindet, besch\u00e4digt ist oder dem Teile fehlen, die nicht auf unseren Fehler zur\u00fcckzuf\u00fchren sind.<\/li><li>Artikel, die mehr als 14 Tage nach Lieferung zur\u00fcckgesendet werden, fallen unter alle R\u00fccksendungen.<\/li><\/ul><p> <\/p><p><span style=\"text-decoration: underline;\"><strong>R\u00fcckerstattungen<\/strong><\/span><\/p><ul><li>Sobald wir Ihre R\u00fccksendung erhalten und gepr\u00fcft haben, senden wir Ihnen eine E-Mail, um Sie zu benachrichtigen, dass wir Ihren zur\u00fcckgesandten Artikel erhalten haben. Wir werden Sie auch \u00fcber die Genehmigung oder Ablehnung Ihrer Erstattung informieren.<\/li><li>Wenn Ihr Antrag genehmigt wird, wird Ihre R\u00fcckerstattung bearbeitet und Ihnen innerhalb von 10 Werktagen automatisch \u00fcber Ihre urspr\u00fcngliche Zahlungsmethode gutgeschrieben. Bitte beachten Sie, dass die Bearbeitung und Gutschrift der R\u00fcckerstattung durch Ihre Bank oder Ihr Kreditkartenunternehmen einige Zeit in Anspruch nehmen kann. <\/li><li>Wenn seit unserer Genehmigung Ihrer R\u00fccksendung mehr als 15 Werktage vergangen sind, kontaktieren Sie uns bitte unter info@rhino-pods<\/li><\/ul><p> <\/p><p><span style=\"text-decoration: underline;\"><strong>R\u00fccksendungen<\/strong><\/span><\/p><ul><li>Falls Sie sich in Gro\u00dfbritannien befinden, kontaktieren Sie uns bitte per E-Mail unter info@rhino-pods, um die R\u00fccksendung Ihres Produkts zu veranlassen.<\/li><li>Wenn Sie sich in Europa befinden, senden Sie Ihr Produkt bitte an folgende Adresse zur\u00fcck:<\/li><\/ul><p> Rhino-Pods<\/p><p> Via della Luccola 9<\/p><p> Tizzola<\/p><p> Minozzo<\/p><p> 42030 Reggio Emilia (RE)<\/p><p> Italien<\/p><ul><li>Sie m\u00fcssen die Versandkosten f\u00fcr die R\u00fccksendung Ihres Artikels selbst tragen. Die Versandkosten k\u00f6nnen erstattet werden, sobald der Artikel zur\u00fcckgesendet wurde.<\/li><li>Wir garantieren nicht, dass wir Ihren zur\u00fcckgesandten Artikel erhalten.<\/li><li>Artikel, die an uns zur\u00fcckgeschickt werden, ohne dass wir zuvor eine R\u00fccksendung beantragt haben, werden nicht angenommen.<\/li><\/ul><p> <\/p><p><span style=\"text-decoration: underline;\"><strong>Haftungsbeschr\u00e4nkung und Freistellung<\/strong><\/span><br>Mit dem Kauf und\/oder der Verwendung eines von Rhino-Pods.com verkauften Produkts erkl\u00e4ren Sie sich als \u201eBenutzer\u201c ausdr\u00fccklich damit einverstanden, dass die Verwendung unserer Produkte mit Risiken verbunden ist, einschlie\u00dflich, aber nicht beschr\u00e4nkt auf Fahrzeugsch\u00e4den, Sachsch\u00e4den, schwere K\u00f6rperverletzungen und Tod.<\/p><p>Der Nutzer verpflichtet sich, Rhino-Pods.com, seine verbundenen Unternehmen, leitenden Angestellten, Direktoren, Mitarbeiter und Lieferanten von allen Anspr\u00fcchen, Sch\u00e4den, Haftungen, Kosten und Ausgaben (einschlie\u00dflich angemessener Anwaltskosten) freizustellen, zu verteidigen und schadlos zu halten, die sich aus oder im Zusammenhang mit Folgendem ergeben:<\/p><p>(a) die Verwendung, der Missbrauch oder die Unf\u00e4higkeit zur Verwendung unserer Produkte;<\/p><p>(b) jegliche Modifikation, unsachgem\u00e4\u00dfe Installation oder Nichtbeachtung der beiliegenden Anweisungen;<\/p><p>(c) jegliche Gesetzesverst\u00f6\u00dfe oder Fahrl\u00e4ssigkeit seitens des Nutzers; oder<\/p><p>(d) Streitigkeiten zwischen dem Nutzer und Dritten (einschlie\u00dflich Versicherungsgesellschaften und Strafverfolgungsbeh\u00f6rden).<\/p><p>Soweit gesetzlich zul\u00e4ssig, erkl\u00e4ren Sie sich damit einverstanden, Rhino-Pods.com von jeglicher Haftung, Verlusten, Anspr\u00fcchen oder Kosten (einschlie\u00dflich Anwaltskosten) freizustellen und schadlos zu halten, die sich aus Personen- oder Sachsch\u00e4den ergeben, die durch die Installation, Verwendung oder den Ausfall dieses Ger\u00e4ts verursacht werden oder damit in Zusammenhang stehen..<\/p><p> <\/p><p><span style=\"text-decoration: underline;\"><strong>Brauchen Sie Hilfe?<\/strong><\/span><br>Bei Fragen kontaktieren Sie uns bitte unter info@rhino-pods.com.<\/p><div> <\/div><h2> <\/h2>\t\t\t\t\t\t<\/div>\n\t\t\t\t<\/div>\n\t\t\t\t\t<\/div>\n\t\t\t\t<\/div>\n\t\t\t\t<\/div>\n\t\t","protected":false},"excerpt":{"rendered":"<p>Gesch\u00e4ftsbedingungen Lebenslange Garantie:Unsere lebenslange Garantie bedeutet, dass wir: Ersetzen Sie jedes defekte Teil w\u00e4hrend der gesamten Lebensdauer des Produkts. Besorgen Sie sich alle ben\u00f6tigten Ersatzteile. Bieten Sie lebenslangen Kundensupport und Hilfe an. Weitere Informationen finden Sie im Abschnitt \u201eUmtausch, Ersatz und Ersatzteile\u201c weiter unten oder kontaktieren Sie uns unter info@rhino-pods.com. Umtausch, Ersatz und Ersatzteile Wir [&hellip;]<\/p>\n","protected":false},"author":1,"featured_media":0,"parent":0,"menu_order":0,"comment_status":"closed","ping_status":"closed","template":"","meta":{"footnotes":""},"class_list":["post-1267","page","type-page","status-publish","hentry","_wholesalex wsx-wholesalex-product"],"_links":{"self":[{"href":"https:\/\/rhino-pods.com\/de\/wp-json\/wp\/v2\/pages\/1267","targetHints":{"allow":["GET"]}}],"collection":[{"href":"https:\/\/rhino-pods.com\/de\/wp-json\/wp\/v2\/pages"}],"about":[{"href":"https:\/\/rhino-pods.com\/de\/wp-json\/wp\/v2\/types\/page"}],"author":[{"embeddable":true,"href":"https:\/\/rhino-pods.com\/de\/wp-json\/wp\/v2\/users\/1"}],"replies":[{"embeddable":true,"href":"https:\/\/rhino-pods.com\/de\/wp-json\/wp\/v2\/comments?post=1267"}],"version-history":[{"count":3,"href":"https:\/\/rhino-pods.com\/de\/wp-json\/wp\/v2\/pages\/1267\/revisions"}],"predecessor-version":[{"id":8024,"href":"https:\/\/rhino-pods.com\/de\/wp-json\/wp\/v2\/pages\/1267\/revisions\/8024"}],"wp:attachment":[{"href":"https:\/\/rhino-pods.com\/de\/wp-json\/wp\/v2\/media?parent=1267"}],"curies":[{"name":"wp","href":"https:\/\/api.w.org\/{rel}","templated":true}]}}