{"id":10429,"date":"2026-02-19T09:54:04","date_gmt":"2026-02-19T09:54:04","guid":{"rendered":"https:\/\/rhino-pods.com\/danke-schoen\/"},"modified":"2026-04-14T10:42:59","modified_gmt":"2026-04-14T09:42:59","slug":"danke-schoen","status":"publish","type":"page","link":"https:\/\/rhino-pods.com\/de\/danke-schoen\/","title":{"rendered":"Danke sch\u00f6n!"},"content":{"rendered":"\t\t<div data-elementor-type=\"wp-page\" data-elementor-id=\"10429\" class=\"elementor elementor-10429 elementor-8653\" data-elementor-post-type=\"page\">\n\t\t\t\t<div class=\"elementor-element elementor-element-1a8e983 e-flex e-con-boxed e-con e-parent\" data-id=\"1a8e983\" data-element_type=\"container\">\n\t\t\t\t\t<div class=\"e-con-inner\">\n\t\t\t\t<div class=\"elementor-element elementor-element-b908b23 elementor-widget elementor-widget-spacer\" data-id=\"b908b23\" data-element_type=\"widget\" data-widget_type=\"spacer.default\">\n\t\t\t\t<div class=\"elementor-widget-container\">\n\t\t\t<style>\/*! elementor - v3.21.0 - 26-05-2024 *\/\n.elementor-column .elementor-spacer-inner{height:var(--spacer-size)}.e-con{--container-widget-width:100%}.e-con-inner>.elementor-widget-spacer,.e-con>.elementor-widget-spacer{width:var(--container-widget-width,var(--spacer-size));--align-self:var(--container-widget-align-self,initial);--flex-shrink:0}.e-con-inner>.elementor-widget-spacer>.elementor-widget-container,.e-con>.elementor-widget-spacer>.elementor-widget-container{height:100%;width:100%}.e-con-inner>.elementor-widget-spacer>.elementor-widget-container>.elementor-spacer,.e-con>.elementor-widget-spacer>.elementor-widget-container>.elementor-spacer{height:100%}.e-con-inner>.elementor-widget-spacer>.elementor-widget-container>.elementor-spacer>.elementor-spacer-inner,.e-con>.elementor-widget-spacer>.elementor-widget-container>.elementor-spacer>.elementor-spacer-inner{height:var(--container-widget-height,var(--spacer-size))}.e-con-inner>.elementor-widget-spacer.elementor-widget-empty,.e-con>.elementor-widget-spacer.elementor-widget-empty{position:relative;min-height:22px;min-width:22px}.e-con-inner>.elementor-widget-spacer.elementor-widget-empty .elementor-widget-empty-icon,.e-con>.elementor-widget-spacer.elementor-widget-empty .elementor-widget-empty-icon{position:absolute;top:0;bottom:0;left:0;right:0;margin:auto;padding:0;width:22px;height:22px}<\/style>\t\t<div class=\"elementor-spacer\">\n\t\t\t<div class=\"elementor-spacer-inner\"><\/div>\n\t\t<\/div>\n\t\t\t\t<\/div>\n\t\t\t\t<\/div>\n\t\t\t\t\t<\/div>\n\t\t\t\t<\/div>\n\t\t<div class=\"elementor-element elementor-element-cd7527a e-grid e-con-full e-con e-parent\" data-id=\"cd7527a\" data-element_type=\"container\">\n\t\t<div class=\"elementor-element elementor-element-a8cb3ff e-con-full e-flex e-con e-child\" data-id=\"a8cb3ff\" data-element_type=\"container\">\n\t\t<div class=\"elementor-element elementor-element-1317ad4 e-flex e-con-boxed e-con e-child\" data-id=\"1317ad4\" data-element_type=\"container\">\n\t\t\t\t\t<div class=\"e-con-inner\">\n\t\t\t\t<div class=\"elementor-element elementor-element-da25b28 elementor-widget elementor-widget-heading\" data-id=\"da25b28\" data-element_type=\"widget\" data-widget_type=\"heading.default\">\n\t\t\t\t<div class=\"elementor-widget-container\">\n\t\t\t<style>\/*! elementor - v3.21.0 - 26-05-2024 *\/\n.elementor-heading-title{padding:0;margin:0;line-height:1}.elementor-widget-heading .elementor-heading-title[class*=elementor-size-]>a{color:inherit;font-size:inherit;line-height:inherit}.elementor-widget-heading .elementor-heading-title.elementor-size-small{font-size:15px}.elementor-widget-heading .elementor-heading-title.elementor-size-medium{font-size:19px}.elementor-widget-heading .elementor-heading-title.elementor-size-large{font-size:29px}.elementor-widget-heading .elementor-heading-title.elementor-size-xl{font-size:39px}.elementor-widget-heading .elementor-heading-title.elementor-size-xxl{font-size:59px}<\/style><h2 class=\"elementor-heading-title elementor-size-default\">Herzlichen Gl\u00fcckwunsch! Sie sind ein VIP. <\/h2>\t\t<\/div>\n\t\t\t\t<\/div>\n\t\t\t\t<div class=\"elementor-element elementor-element-92ec0a3 elementor-widget elementor-widget-text-editor\" data-id=\"92ec0a3\" data-element_type=\"widget\" data-widget_type=\"text-editor.default\">\n\t\t\t\t<div class=\"elementor-widget-container\">\n\t\t\t<style>\/*! elementor - v3.21.0 - 26-05-2024 *\/\n.elementor-widget-text-editor.elementor-drop-cap-view-stacked .elementor-drop-cap{background-color:#69727d;color:#fff}.elementor-widget-text-editor.elementor-drop-cap-view-framed .elementor-drop-cap{color:#69727d;border:3px solid;background-color:transparent}.elementor-widget-text-editor:not(.elementor-drop-cap-view-default) .elementor-drop-cap{margin-top:8px}.elementor-widget-text-editor:not(.elementor-drop-cap-view-default) .elementor-drop-cap-letter{width:1em;height:1em}.elementor-widget-text-editor .elementor-drop-cap{float:left;text-align:center;line-height:1;font-size:50px}.elementor-widget-text-editor .elementor-drop-cap-letter{display:inline-block}<\/style>\t\t\t\t<p>Vielen Dank, dass Sie Ihren Cubit Pod reserviert haben! <br>Sie sichern sich satte 40 % Rabatt, fr\u00fchzeitigen Priority-Versand, einen Rhino-Pods-Schl\u00fcsselanh\u00e4nger und Ihre Wahl an personalisierter Gravur bei unserem Kickstarter-Start.<\/p><p>Schauen Sie in Ihren Posteingang! Sie erhalten in K\u00fcrze eine E-Mail mit weiteren Informationen. Wir halten Sie auf dem Laufenden, je n\u00e4her der Starttermin r\u00fcckt. Treten Sie au\u00dferdem unserer Rhino VIP-Community-Seite bei, um den Fortschritt zu verfolgen und mit anderen VIPs in Kontakt zu bleiben.  <\/p>\t\t\t\t\t\t<\/div>\n\t\t\t\t<\/div>\n\t\t\t\t\t<\/div>\n\t\t\t\t<\/div>\n\t\t<div class=\"elementor-element elementor-element-aea1737 e-flex e-con-boxed e-con e-child\" data-id=\"aea1737\" data-element_type=\"container\">\n\t\t\t\t\t<div class=\"e-con-inner\">\n\t\t\t\t<div class=\"elementor-element elementor-element-1351c4d elementor-widget elementor-widget-button\" data-id=\"1351c4d\" data-element_type=\"widget\" data-widget_type=\"button.default\">\n\t\t\t\t<div class=\"elementor-widget-container\">\n\t\t\t\t\t<div class=\"elementor-button-wrapper\">\n\t\t\t<a class=\"elementor-button elementor-button-link elementor-size-sm\" href=\"https:\/\/www.facebook.com\/groups\/1101654735363029\" target=\"_blank\" rel=\"noopener\">\n\t\t\t\t\t\t<span class=\"elementor-button-content-wrapper\">\n\t\t\t\t\t\t\t\t\t<span class=\"elementor-button-text\">Treten Sie unserer VIP-Facebook-Community-Seite bei.<\/span>\n\t\t\t\t\t<\/span>\n\t\t\t\t\t<\/a>\n\t\t<\/div>\n\t\t\t\t<\/div>\n\t\t\t\t<\/div>\n\t\t\t\t<div class=\"elementor-element elementor-element-0d76c7b elementor-align-center elementor-widget elementor-widget-button\" data-id=\"0d76c7b\" data-element_type=\"widget\" data-widget_type=\"button.default\">\n\t\t\t\t<div class=\"elementor-widget-container\">\n\t\t\t\t\t<div class=\"elementor-button-wrapper\">\n\t\t\t<a class=\"elementor-button elementor-button-link elementor-size-sm\" href=\"https:\/\/rhino-pods.com\/de\/\">\n\t\t\t\t\t\t<span class=\"elementor-button-content-wrapper\">\n\t\t\t\t\t\t\t\t\t<span class=\"elementor-button-text\">Schauen Sie sich unsere Website an<\/span>\n\t\t\t\t\t<\/span>\n\t\t\t\t\t<\/a>\n\t\t<\/div>\n\t\t\t\t<\/div>\n\t\t\t\t<\/div>\n\t\t\t\t\t<\/div>\n\t\t\t\t<\/div>\n\t\t\t\t<\/div>\n\t\t<div class=\"elementor-element elementor-element-f91b09b e-grid e-con-boxed e-con e-child\" data-id=\"f91b09b\" data-element_type=\"container\">\n\t\t\t\t\t<div class=\"e-con-inner\">\n\t\t\t\t<div class=\"elementor-element elementor-element-05a698f elementor-widget elementor-widget-image\" data-id=\"05a698f\" data-element_type=\"widget\" data-widget_type=\"image.default\">\n\t\t\t\t<div class=\"elementor-widget-container\">\n\t\t\t<style>\/*! elementor - v3.21.0 - 26-05-2024 *\/\n.elementor-widget-image{text-align:center}.elementor-widget-image a{display:inline-block}.elementor-widget-image a img[src$=\".svg\"]{width:48px}.elementor-widget-image img{vertical-align:middle;display:inline-block}<\/style>\t\t\t\t\t\t\t\t\t\t<img fetchpriority=\"high\" decoding=\"async\" width=\"800\" height=\"534\" src=\"https:\/\/rhino-pods.com\/wp-content\/uploads\/2026\/04\/DSC_9002-1024x684.jpg\" class=\"attachment-large size-large wp-image-10323\" alt=\"\" srcset=\"https:\/\/rhino-pods.com\/wp-content\/uploads\/2026\/04\/DSC_9002-1024x684.jpg 1024w, https:\/\/rhino-pods.com\/wp-content\/uploads\/2026\/04\/DSC_9002-300x200.jpg 300w, https:\/\/rhino-pods.com\/wp-content\/uploads\/2026\/04\/DSC_9002-768x513.jpg 768w, https:\/\/rhino-pods.com\/wp-content\/uploads\/2026\/04\/DSC_9002-1536x1025.jpg 1536w, https:\/\/rhino-pods.com\/wp-content\/uploads\/2026\/04\/DSC_9002-2048x1367.jpg 2048w, https:\/\/rhino-pods.com\/wp-content\/uploads\/2026\/04\/DSC_9002-600x401.jpg 600w\" sizes=\"(max-width: 800px) 100vw, 800px\" \/>\t\t\t\t\t\t\t\t\t\t\t\t\t<\/div>\n\t\t\t\t<\/div>\n\t\t\t\t<div class=\"elementor-element elementor-element-2dfdcf8 elementor-widget elementor-widget-image\" data-id=\"2dfdcf8\" data-element_type=\"widget\" data-widget_type=\"image.default\">\n\t\t\t\t<div class=\"elementor-widget-container\">\n\t\t\t\t\t\t\t\t\t\t\t\t\t<img decoding=\"async\" width=\"800\" height=\"534\" src=\"https:\/\/rhino-pods.com\/wp-content\/uploads\/2026\/04\/DSC_9594-1024x684.jpg\" class=\"attachment-large size-large wp-image-10377\" alt=\"\" srcset=\"https:\/\/rhino-pods.com\/wp-content\/uploads\/2026\/04\/DSC_9594-1024x684.jpg 1024w, https:\/\/rhino-pods.com\/wp-content\/uploads\/2026\/04\/DSC_9594-300x200.jpg 300w, https:\/\/rhino-pods.com\/wp-content\/uploads\/2026\/04\/DSC_9594-768x513.jpg 768w, https:\/\/rhino-pods.com\/wp-content\/uploads\/2026\/04\/DSC_9594-1536x1026.jpg 1536w, https:\/\/rhino-pods.com\/wp-content\/uploads\/2026\/04\/DSC_9594-2048x1367.jpg 2048w, https:\/\/rhino-pods.com\/wp-content\/uploads\/2026\/04\/DSC_9594-600x401.jpg 600w\" sizes=\"(max-width: 800px) 100vw, 800px\" \/>\t\t\t\t\t\t\t\t\t\t\t\t\t<\/div>\n\t\t\t\t<\/div>\n\t\t\t\t<div class=\"elementor-element elementor-element-225cb5e elementor-widget elementor-widget-image\" data-id=\"225cb5e\" data-element_type=\"widget\" data-widget_type=\"image.default\">\n\t\t\t\t<div class=\"elementor-widget-container\">\n\t\t\t\t\t\t\t\t\t\t\t\t\t<img decoding=\"async\" width=\"800\" height=\"534\" src=\"https:\/\/rhino-pods.com\/wp-content\/uploads\/2026\/04\/vlcsnap-2026-04-14-08h57m49s227-1024x683.png\" class=\"attachment-large size-large wp-image-10413\" alt=\"\" srcset=\"https:\/\/rhino-pods.com\/wp-content\/uploads\/2026\/04\/vlcsnap-2026-04-14-08h57m49s227-1024x683.png 1024w, https:\/\/rhino-pods.com\/wp-content\/uploads\/2026\/04\/vlcsnap-2026-04-14-08h57m49s227-300x200.png 300w, https:\/\/rhino-pods.com\/wp-content\/uploads\/2026\/04\/vlcsnap-2026-04-14-08h57m49s227-768x512.png 768w, https:\/\/rhino-pods.com\/wp-content\/uploads\/2026\/04\/vlcsnap-2026-04-14-08h57m49s227-600x400.png 600w, https:\/\/rhino-pods.com\/wp-content\/uploads\/2026\/04\/vlcsnap-2026-04-14-08h57m49s227.png 1536w\" sizes=\"(max-width: 800px) 100vw, 800px\" \/>\t\t\t\t\t\t\t\t\t\t\t\t\t<\/div>\n\t\t\t\t<\/div>\n\t\t\t\t<div class=\"elementor-element elementor-element-c923a0b elementor-widget elementor-widget-image\" data-id=\"c923a0b\" data-element_type=\"widget\" data-widget_type=\"image.default\">\n\t\t\t\t<div class=\"elementor-widget-container\">\n\t\t\t\t\t\t\t\t\t\t\t\t\t<img loading=\"lazy\" decoding=\"async\" width=\"800\" height=\"534\" src=\"https:\/\/rhino-pods.com\/wp-content\/uploads\/2026\/04\/light-1024x684.jpg\" class=\"attachment-large size-large wp-image-10077\" alt=\"\" srcset=\"https:\/\/rhino-pods.com\/wp-content\/uploads\/2026\/04\/light-1024x684.jpg 1024w, https:\/\/rhino-pods.com\/wp-content\/uploads\/2026\/04\/light-300x200.jpg 300w, https:\/\/rhino-pods.com\/wp-content\/uploads\/2026\/04\/light-768x513.jpg 768w, https:\/\/rhino-pods.com\/wp-content\/uploads\/2026\/04\/light-1536x1025.jpg 1536w, https:\/\/rhino-pods.com\/wp-content\/uploads\/2026\/04\/light-2048x1367.jpg 2048w, https:\/\/rhino-pods.com\/wp-content\/uploads\/2026\/04\/light-600x401.jpg 600w\" sizes=\"(max-width: 800px) 100vw, 800px\" \/>\t\t\t\t\t\t\t\t\t\t\t\t\t<\/div>\n\t\t\t\t<\/div>\n\t\t\t\t\t<\/div>\n\t\t\t\t<\/div>\n\t\t\t\t<\/div>\n\t\t\t\t<\/div>\n\t\t","protected":false},"excerpt":{"rendered":"<p>Herzlichen Gl\u00fcckwunsch! Sie sind ein VIP. Vielen Dank, dass Sie Ihren Cubit Pod reserviert haben! Sie sichern sich satte 40 % Rabatt, fr\u00fchzeitigen Priority-Versand, einen Rhino-Pods-Schl\u00fcsselanh\u00e4nger und Ihre Wahl an personalisierter Gravur bei unserem Kickstarter-Start. Schauen Sie in Ihren Posteingang! Sie erhalten in K\u00fcrze eine E-Mail mit weiteren Informationen. Wir halten Sie auf dem Laufenden, [&hellip;]<\/p>\n","protected":false},"author":351,"featured_media":0,"parent":0,"menu_order":0,"comment_status":"closed","ping_status":"closed","template":"elementor_canvas","meta":{"footnotes":""},"class_list":["post-10429","page","type-page","status-publish","hentry","_wholesalex wsx-wholesalex-product"],"_links":{"self":[{"href":"https:\/\/rhino-pods.com\/de\/wp-json\/wp\/v2\/pages\/10429","targetHints":{"allow":["GET"]}}],"collection":[{"href":"https:\/\/rhino-pods.com\/de\/wp-json\/wp\/v2\/pages"}],"about":[{"href":"https:\/\/rhino-pods.com\/de\/wp-json\/wp\/v2\/types\/page"}],"author":[{"embeddable":true,"href":"https:\/\/rhino-pods.com\/de\/wp-json\/wp\/v2\/users\/351"}],"replies":[{"embeddable":true,"href":"https:\/\/rhino-pods.com\/de\/wp-json\/wp\/v2\/comments?post=10429"}],"version-history":[{"count":1,"href":"https:\/\/rhino-pods.com\/de\/wp-json\/wp\/v2\/pages\/10429\/revisions"}],"predecessor-version":[{"id":10430,"href":"https:\/\/rhino-pods.com\/de\/wp-json\/wp\/v2\/pages\/10429\/revisions\/10430"}],"wp:attachment":[{"href":"https:\/\/rhino-pods.com\/de\/wp-json\/wp\/v2\/media?parent=10429"}],"curies":[{"name":"wp","href":"https:\/\/api.w.org\/{rel}","templated":true}]}}